{"id":23709,"date":"2024-02-22T15:19:21","date_gmt":"2024-02-22T14:19:21","guid":{"rendered":"https:\/\/derigorefrigeration.com\/?page_id=23709"},"modified":"2024-04-10T16:28:48","modified_gmt":"2024-04-10T14:28:48","slug":"prodotti","status":"publish","type":"page","link":"https:\/\/derigorefrigeration.com\/de\/prodotti\/","title":{"rendered":"Prodotti"},"content":{"rendered":"\t\t<div data-elementor-type=\"wp-page\" data-elementor-id=\"23709\" class=\"elementor elementor-23709\" data-elementor-post-type=\"page\">\n\t\t\t\t<div class=\"elementor-element elementor-element-5af66c2 e-flex e-con-boxed e-con e-parent\" data-id=\"5af66c2\" data-element_type=\"container\" data-e-type=\"container\">\n\t\t\t\t\t<div class=\"e-con-inner\">\n\t\t\t\t<div class=\"elementor-element elementor-element-eb6d51f elementor-widget elementor-widget-template\" data-id=\"eb6d51f\" data-element_type=\"widget\" data-e-type=\"widget\" data-widget_type=\"template.default\">\n\t\t\t\t<div class=\"elementor-widget-container\">\n\t\t\t\t\t\t\t<div class=\"elementor-template\">\n\t\t\t\t\t<div data-elementor-type=\"container\" data-elementor-id=\"85878\" class=\"elementor elementor-85878 elementor-290 elementor-290\" data-elementor-post-type=\"elementor_library\">\n\t\t\t\t<div class=\"elementor-element elementor-element-4d49bfb2 e-grid custom_line_temmplate e-con-boxed elementor-invisible e-con e-child\" data-id=\"4d49bfb2\" data-element_type=\"container\" data-e-type=\"container\" data-settings=\"{&quot;animation&quot;:&quot;fadeIn&quot;}\">\n\t\t\t\t\t<div class=\"e-con-inner\">\n\t\t<a class=\"elementor-element elementor-element-10e19972 hover-grow-container e-flex e-con-boxed e-con e-child\" data-id=\"10e19972\" data-element_type=\"container\" data-e-type=\"container\" data-settings=\"{&quot;animation&quot;:&quot;none&quot;}\" href=\"https:\/\/derigorefrigeration.com\/de\/linea\/remote-de\/\">\n\t\t\t\t\t<div class=\"e-con-inner\">\n\t\t\t\t<div class=\"elementor-element elementor-element-16950972 linee-prodotto-custom elementor-widget elementor-widget-image\" data-id=\"16950972\" data-element_type=\"widget\" data-e-type=\"widget\" data-widget_type=\"image.default\">\n\t\t\t\t<div class=\"elementor-widget-container\">\n\t\t\t\t\t\t\t\t\t\t\t\t\t\t\t<img fetchpriority=\"high\" decoding=\"async\" width=\"1024\" height=\"1024\" src=\"https:\/\/derigorefrigeration.com\/wp-content\/uploads\/2023\/12\/Remoti-cover-1024x1024.jpg\" class=\"attachment-large size-large wp-image-24693\" alt=\"\" srcset=\"https:\/\/derigorefrigeration.com\/wp-content\/uploads\/2023\/12\/Remoti-cover-1024x1024.jpg 1024w, https:\/\/derigorefrigeration.com\/wp-content\/uploads\/2023\/12\/Remoti-cover-300x300.jpg 300w, https:\/\/derigorefrigeration.com\/wp-content\/uploads\/2023\/12\/Remoti-cover-150x150.jpg 150w, https:\/\/derigorefrigeration.com\/wp-content\/uploads\/2023\/12\/Remoti-cover-768x768.jpg 768w, https:\/\/derigorefrigeration.com\/wp-content\/uploads\/2023\/12\/Remoti-cover-1080x1080.jpg 1080w, https:\/\/derigorefrigeration.com\/wp-content\/uploads\/2023\/12\/Remoti-cover.jpg 1200w\" sizes=\"(max-width: 1024px) 100vw, 1024px\" \/>\t\t\t\t\t\t\t\t\t\t\t\t\t\t\t<\/div>\n\t\t\t\t<\/div>\n\t\t<div class=\"elementor-element elementor-element-634810e7 fascia-link e-flex e-con-boxed e-con e-child\" data-id=\"634810e7\" data-element_type=\"container\" data-e-type=\"container\" data-settings=\"{&quot;position&quot;:&quot;absolute&quot;,&quot;background_background&quot;:&quot;classic&quot;}\">\n\t\t\t\t\t<div class=\"e-con-inner\">\n\t\t\t\t<div class=\"elementor-element elementor-element-4c8d2159 elementor-invisible elementor-widget elementor-widget-heading\" data-id=\"4c8d2159\" data-element_type=\"widget\" data-e-type=\"widget\" data-settings=\"{&quot;_animation&quot;:&quot;fadeIn&quot;,&quot;_animation_delay&quot;:700}\" data-widget_type=\"heading.default\">\n\t\t\t\t<div class=\"elementor-widget-container\">\n\t\t\t\t\t<h2 class=\"elementor-heading-title elementor-size-default\">Remote<\/h2>\t\t\t\t<\/div>\n\t\t\t\t<\/div>\n\t\t\t\t<div class=\"elementor-element elementor-element-f868766 elementor-widget-divider--view-line elementor-widget elementor-widget-divider\" data-id=\"f868766\" data-element_type=\"widget\" data-e-type=\"widget\" data-widget_type=\"divider.default\">\n\t\t\t\t<div class=\"elementor-widget-container\">\n\t\t\t\t\t\t\t<div class=\"elementor-divider\">\n\t\t\t<span class=\"elementor-divider-separator\">\n\t\t\t\t\t\t<\/span>\n\t\t<\/div>\n\t\t\t\t\t\t<\/div>\n\t\t\t\t<\/div>\n\t\t\t\t\t<\/div>\n\t\t\t\t<\/div>\n\t\t\t\t\t<\/div>\n\t\t\t\t<\/a>\n\t\t<a class=\"elementor-element elementor-element-1c8ab3de hover-grow-container e-flex e-con-boxed e-con e-child\" data-id=\"1c8ab3de\" data-element_type=\"container\" data-e-type=\"container\" data-settings=\"{&quot;animation&quot;:&quot;none&quot;,&quot;animation_delay&quot;:0}\" href=\"https:\/\/derigorefrigeration.com\/de\/linea\/steckerfertig\/\">\n\t\t\t\t\t<div class=\"e-con-inner\">\n\t\t\t\t<div class=\"elementor-element elementor-element-29df4747 linee-prodotto-custom elementor-widget elementor-widget-image\" data-id=\"29df4747\" data-element_type=\"widget\" data-e-type=\"widget\" data-widget_type=\"image.default\">\n\t\t\t\t<div class=\"elementor-widget-container\">\n\t\t\t\t\t\t\t\t\t\t\t\t\t\t\t<img decoding=\"async\" width=\"1024\" height=\"1024\" src=\"https:\/\/derigorefrigeration.com\/wp-content\/uploads\/2023\/12\/Plugin-cover-1024x1024.jpg\" class=\"attachment-large size-large wp-image-24689\" alt=\"\" srcset=\"https:\/\/derigorefrigeration.com\/wp-content\/uploads\/2023\/12\/Plugin-cover-1024x1024.jpg 1024w, https:\/\/derigorefrigeration.com\/wp-content\/uploads\/2023\/12\/Plugin-cover-300x300.jpg 300w, https:\/\/derigorefrigeration.com\/wp-content\/uploads\/2023\/12\/Plugin-cover-150x150.jpg 150w, https:\/\/derigorefrigeration.com\/wp-content\/uploads\/2023\/12\/Plugin-cover-768x768.jpg 768w, https:\/\/derigorefrigeration.com\/wp-content\/uploads\/2023\/12\/Plugin-cover-1080x1080.jpg 1080w, https:\/\/derigorefrigeration.com\/wp-content\/uploads\/2023\/12\/Plugin-cover.jpg 1200w\" sizes=\"(max-width: 1024px) 100vw, 1024px\" \/>\t\t\t\t\t\t\t\t\t\t\t\t\t\t\t<\/div>\n\t\t\t\t<\/div>\n\t\t<div class=\"elementor-element elementor-element-69f02f80 fascia-link e-flex e-con-boxed e-con e-child\" data-id=\"69f02f80\" data-element_type=\"container\" data-e-type=\"container\" data-settings=\"{&quot;position&quot;:&quot;absolute&quot;,&quot;background_background&quot;:&quot;classic&quot;}\">\n\t\t\t\t\t<div class=\"e-con-inner\">\n\t\t\t\t<div class=\"elementor-element elementor-element-7a11b037 elementor-invisible elementor-widget elementor-widget-heading\" data-id=\"7a11b037\" data-element_type=\"widget\" data-e-type=\"widget\" data-settings=\"{&quot;_animation&quot;:&quot;fadeIn&quot;,&quot;_animation_delay&quot;:700}\" data-widget_type=\"heading.default\">\n\t\t\t\t<div class=\"elementor-widget-container\">\n\t\t\t\t\t<h2 class=\"elementor-heading-title elementor-size-default\">Steckerfertig<\/h2>\t\t\t\t<\/div>\n\t\t\t\t<\/div>\n\t\t\t\t<div class=\"elementor-element elementor-element-ea044bb elementor-widget-divider--view-line elementor-widget elementor-widget-divider\" data-id=\"ea044bb\" data-element_type=\"widget\" data-e-type=\"widget\" data-widget_type=\"divider.default\">\n\t\t\t\t<div class=\"elementor-widget-container\">\n\t\t\t\t\t\t\t<div class=\"elementor-divider\">\n\t\t\t<span class=\"elementor-divider-separator\">\n\t\t\t\t\t\t<\/span>\n\t\t<\/div>\n\t\t\t\t\t\t<\/div>\n\t\t\t\t<\/div>\n\t\t\t\t\t<\/div>\n\t\t\t\t<\/div>\n\t\t\t\t\t<\/div>\n\t\t\t\t<\/a>\n\t\t<a class=\"elementor-element elementor-element-574b3860 hover-grow-container e-flex e-con-boxed e-con e-child\" data-id=\"574b3860\" data-element_type=\"container\" data-e-type=\"container\" data-settings=\"{&quot;animation&quot;:&quot;none&quot;,&quot;animation_delay&quot;:0}\" href=\"https:\/\/derigorefrigeration.com\/de\/linea\/kuhlzellen\/\">\n\t\t\t\t\t<div class=\"e-con-inner\">\n\t\t\t\t<div class=\"elementor-element elementor-element-529c3eb3 linee-prodotto-custom elementor-widget elementor-widget-image\" data-id=\"529c3eb3\" data-element_type=\"widget\" data-e-type=\"widget\" data-widget_type=\"image.default\">\n\t\t\t\t<div class=\"elementor-widget-container\">\n\t\t\t\t\t\t\t\t\t\t\t\t\t\t\t<img decoding=\"async\" width=\"1024\" height=\"1024\" src=\"https:\/\/derigorefrigeration.com\/wp-content\/uploads\/2023\/12\/Celle-cover-1024x1024.jpg\" class=\"attachment-large size-large wp-image-24681\" alt=\"\" srcset=\"https:\/\/derigorefrigeration.com\/wp-content\/uploads\/2023\/12\/Celle-cover-1024x1024.jpg 1024w, https:\/\/derigorefrigeration.com\/wp-content\/uploads\/2023\/12\/Celle-cover-300x300.jpg 300w, https:\/\/derigorefrigeration.com\/wp-content\/uploads\/2023\/12\/Celle-cover-150x150.jpg 150w, https:\/\/derigorefrigeration.com\/wp-content\/uploads\/2023\/12\/Celle-cover-768x768.jpg 768w, https:\/\/derigorefrigeration.com\/wp-content\/uploads\/2023\/12\/Celle-cover-1080x1080.jpg 1080w, https:\/\/derigorefrigeration.com\/wp-content\/uploads\/2023\/12\/Celle-cover.jpg 1200w\" sizes=\"(max-width: 1024px) 100vw, 1024px\" \/>\t\t\t\t\t\t\t\t\t\t\t\t\t\t\t<\/div>\n\t\t\t\t<\/div>\n\t\t<div class=\"elementor-element elementor-element-49e101f9 fascia-link e-flex e-con-boxed e-con e-child\" data-id=\"49e101f9\" data-element_type=\"container\" data-e-type=\"container\" data-settings=\"{&quot;position&quot;:&quot;absolute&quot;,&quot;background_background&quot;:&quot;classic&quot;}\">\n\t\t\t\t\t<div class=\"e-con-inner\">\n\t\t\t\t<div class=\"elementor-element elementor-element-23243fb7 elementor-widget__width-auto elementor-invisible elementor-widget elementor-widget-heading\" data-id=\"23243fb7\" data-element_type=\"widget\" data-e-type=\"widget\" data-settings=\"{&quot;_animation&quot;:&quot;fadeIn&quot;,&quot;_animation_delay&quot;:700}\" data-widget_type=\"heading.default\">\n\t\t\t\t<div class=\"elementor-widget-container\">\n\t\t\t\t\t<h2 class=\"elementor-heading-title elementor-size-default\">K\u00fchlzellen<\/h2>\t\t\t\t<\/div>\n\t\t\t\t<\/div>\n\t\t\t\t<div class=\"elementor-element elementor-element-43fca0c elementor-widget-divider--view-line elementor-widget elementor-widget-divider\" data-id=\"43fca0c\" data-element_type=\"widget\" data-e-type=\"widget\" data-widget_type=\"divider.default\">\n\t\t\t\t<div class=\"elementor-widget-container\">\n\t\t\t\t\t\t\t<div class=\"elementor-divider\">\n\t\t\t<span class=\"elementor-divider-separator\">\n\t\t\t\t\t\t<\/span>\n\t\t<\/div>\n\t\t\t\t\t\t<\/div>\n\t\t\t\t<\/div>\n\t\t\t\t\t<\/div>\n\t\t\t\t<\/div>\n\t\t\t\t\t<\/div>\n\t\t\t\t<\/a>\n\t\t<a class=\"elementor-element elementor-element-1a49e1d2 hover-grow-container e-flex e-con-boxed e-con e-child\" data-id=\"1a49e1d2\" data-element_type=\"container\" data-e-type=\"container\" data-settings=\"{&quot;animation&quot;:&quot;none&quot;,&quot;animation_delay&quot;:0}\" href=\"https:\/\/derigorefrigeration.com\/de\/linea\/verbund-anlagen\/\">\n\t\t\t\t\t<div class=\"e-con-inner\">\n\t\t\t\t<div class=\"elementor-element elementor-element-3be6e4eb linee-prodotto-custom elementor-widget elementor-widget-image\" data-id=\"3be6e4eb\" data-element_type=\"widget\" data-e-type=\"widget\" data-widget_type=\"image.default\">\n\t\t\t\t<div class=\"elementor-widget-container\">\n\t\t\t\t\t\t\t\t\t\t\t\t\t\t\t<img loading=\"lazy\" decoding=\"async\" width=\"1024\" height=\"1024\" src=\"https:\/\/derigorefrigeration.com\/wp-content\/uploads\/2023\/12\/Centrali-cover-1024x1024.jpg\" class=\"attachment-large size-large wp-image-24685\" alt=\"\" srcset=\"https:\/\/derigorefrigeration.com\/wp-content\/uploads\/2023\/12\/Centrali-cover-1024x1024.jpg 1024w, https:\/\/derigorefrigeration.com\/wp-content\/uploads\/2023\/12\/Centrali-cover-300x300.jpg 300w, https:\/\/derigorefrigeration.com\/wp-content\/uploads\/2023\/12\/Centrali-cover-150x150.jpg 150w, https:\/\/derigorefrigeration.com\/wp-content\/uploads\/2023\/12\/Centrali-cover-768x768.jpg 768w, https:\/\/derigorefrigeration.com\/wp-content\/uploads\/2023\/12\/Centrali-cover-1080x1080.jpg 1080w, https:\/\/derigorefrigeration.com\/wp-content\/uploads\/2023\/12\/Centrali-cover.jpg 1200w\" sizes=\"(max-width: 1024px) 100vw, 1024px\" \/>\t\t\t\t\t\t\t\t\t\t\t\t\t\t\t<\/div>\n\t\t\t\t<\/div>\n\t\t<div class=\"elementor-element elementor-element-70fcc9dd fascia-link e-flex e-con-boxed e-con e-child\" data-id=\"70fcc9dd\" data-element_type=\"container\" data-e-type=\"container\" data-settings=\"{&quot;position&quot;:&quot;absolute&quot;,&quot;background_background&quot;:&quot;classic&quot;}\">\n\t\t\t\t\t<div class=\"e-con-inner\">\n\t\t\t\t<div class=\"elementor-element elementor-element-7bdf6f2f elementor-invisible elementor-widget elementor-widget-heading\" data-id=\"7bdf6f2f\" data-element_type=\"widget\" data-e-type=\"widget\" data-settings=\"{&quot;_animation&quot;:&quot;fadeIn&quot;,&quot;_animation_delay&quot;:700}\" data-widget_type=\"heading.default\">\n\t\t\t\t<div class=\"elementor-widget-container\">\n\t\t\t\t\t<h2 class=\"elementor-heading-title elementor-size-default\">Verbundanlagen<\/h2>\t\t\t\t<\/div>\n\t\t\t\t<\/div>\n\t\t\t\t<div class=\"elementor-element elementor-element-c573730 elementor-widget-divider--view-line elementor-widget elementor-widget-divider\" data-id=\"c573730\" data-element_type=\"widget\" data-e-type=\"widget\" data-widget_type=\"divider.default\">\n\t\t\t\t<div class=\"elementor-widget-container\">\n\t\t\t\t\t\t\t<div class=\"elementor-divider\">\n\t\t\t<span class=\"elementor-divider-separator\">\n\t\t\t\t\t\t<\/span>\n\t\t<\/div>\n\t\t\t\t\t\t<\/div>\n\t\t\t\t<\/div>\n\t\t\t\t\t<\/div>\n\t\t\t\t<\/div>\n\t\t\t\t\t<\/div>\n\t\t\t\t<\/a>\n\t\t\t\t\t<\/div>\n\t\t\t\t<\/div>\n\t\t<div class=\"elementor-element elementor-element-3c62fb5 e-flex e-con-boxed e-con e-parent\" data-id=\"3c62fb5\" data-element_type=\"container\" data-e-type=\"container\">\n\t\t\t\t\t<div class=\"e-con-inner\">\n\t\t\t\t\t<\/div>\n\t\t\t\t<\/div>\n\t\t\t\t<\/div>\n\t\t\t\t<\/div>\n\t\t\t\t\t\t<\/div>\n\t\t\t\t<\/div>\n\t\t\t\t\t<\/div>\n\t\t\t\t<\/div>\n\t\t\t\t<\/div>\n\t\t","protected":false},"excerpt":{"rendered":"","protected":false},"author":1,"featured_media":0,"parent":0,"menu_order":0,"comment_status":"closed","ping_status":"closed","template":"","meta":{"_acf_changed":false,"footnotes":""},"class_list":["post-23709","page","type-page","status-publish","hentry"],"acf":[],"yoast_head":"<!-- This site is optimized with the Yoast SEO plugin v27.3 - https:\/\/yoast.com\/product\/yoast-seo-wordpress\/ -->\n<title>Prodotti - Costruttori Remoti, celle frigo, Plug-in e Centrali refrigeranti<\/title>\n<meta name=\"robots\" content=\"index, follow, max-snippet:-1, max-image-preview:large, max-video-preview:-1\" \/>\n<link rel=\"canonical\" href=\"https:\/\/derigorefrigeration.com\/de\/prodotti\/\" \/>\n<meta property=\"og:locale\" content=\"de_DE\" \/>\n<meta property=\"og:type\" content=\"article\" \/>\n<meta property=\"og:title\" content=\"Prodotti - Costruttori Remoti, celle frigo, Plug-in e Centrali refrigeranti\" \/>\n<meta property=\"og:url\" content=\"https:\/\/derigorefrigeration.com\/de\/prodotti\/\" \/>\n<meta property=\"og:site_name\" content=\"Costruttori Remoti, celle frigo, Plug-in e Centrali refrigeranti\" \/>\n<meta property=\"article:modified_time\" content=\"2024-04-10T14:28:48+00:00\" \/>\n<meta property=\"og:image\" content=\"https:\/\/derigorefrigeration.com\/wp-content\/uploads\/2025\/03\/de-rigo-refrigeration_step1-1-1.jpg\" \/>\n\t<meta property=\"og:image:width\" content=\"1054\" \/>\n\t<meta property=\"og:image:height\" content=\"509\" \/>\n\t<meta property=\"og:image:type\" content=\"image\/jpeg\" \/>\n<meta name=\"twitter:card\" content=\"summary_large_image\" \/>\n<script type=\"application\/ld+json\" class=\"yoast-schema-graph\">{\"@context\":\"https:\\\/\\\/schema.org\",\"@graph\":[{\"@type\":\"WebPage\",\"@id\":\"https:\\\/\\\/derigorefrigeration.com\\\/de\\\/prodotti\\\/\",\"url\":\"https:\\\/\\\/derigorefrigeration.com\\\/de\\\/prodotti\\\/\",\"name\":\"Prodotti - Costruttori Remoti, celle frigo, Plug-in e Centrali refrigeranti\",\"isPartOf\":{\"@id\":\"https:\\\/\\\/derigorefrigeration.com\\\/de\\\/#website\"},\"datePublished\":\"2024-02-22T14:19:21+00:00\",\"dateModified\":\"2024-04-10T14:28:48+00:00\",\"breadcrumb\":{\"@id\":\"https:\\\/\\\/derigorefrigeration.com\\\/de\\\/prodotti\\\/#breadcrumb\"},\"inLanguage\":\"de\",\"potentialAction\":[{\"@type\":\"ReadAction\",\"target\":[\"https:\\\/\\\/derigorefrigeration.com\\\/de\\\/prodotti\\\/\"]}]},{\"@type\":\"BreadcrumbList\",\"@id\":\"https:\\\/\\\/derigorefrigeration.com\\\/de\\\/prodotti\\\/#breadcrumb\",\"itemListElement\":[{\"@type\":\"ListItem\",\"position\":1,\"name\":\"Home\",\"item\":\"https:\\\/\\\/derigorefrigeration.com\\\/de\\\/\"},{\"@type\":\"ListItem\",\"position\":2,\"name\":\"Prodotti\"}]},{\"@type\":\"WebSite\",\"@id\":\"https:\\\/\\\/derigorefrigeration.com\\\/de\\\/#website\",\"url\":\"https:\\\/\\\/derigorefrigeration.com\\\/de\\\/\",\"name\":\"De Rigo Refrigeration\",\"description\":\"Wir sind seit \u00fcber 50 Jahren Hersteller von Fernbedienungen, Plug-ins, K\u00fchlr\u00e4umen und K\u00fchleinheiten.\",\"publisher\":{\"@id\":\"https:\\\/\\\/derigorefrigeration.com\\\/de\\\/#organization\"},\"alternateName\":\"DRR\",\"potentialAction\":[{\"@type\":\"SearchAction\",\"target\":{\"@type\":\"EntryPoint\",\"urlTemplate\":\"https:\\\/\\\/derigorefrigeration.com\\\/de\\\/?s={search_term_string}\"},\"query-input\":{\"@type\":\"PropertyValueSpecification\",\"valueRequired\":true,\"valueName\":\"search_term_string\"}}],\"inLanguage\":\"de\"},{\"@type\":\"Organization\",\"@id\":\"https:\\\/\\\/derigorefrigeration.com\\\/de\\\/#organization\",\"name\":\"De Rigo Refrigeration\",\"url\":\"https:\\\/\\\/derigorefrigeration.com\\\/de\\\/\",\"logo\":{\"@type\":\"ImageObject\",\"inLanguage\":\"de\",\"@id\":\"https:\\\/\\\/derigorefrigeration.com\\\/de\\\/#\\\/schema\\\/logo\\\/image\\\/\",\"url\":\"https:\\\/\\\/derigorefrigeration.com\\\/wp-content\\\/uploads\\\/2023\\\/11\\\/logo_de_rigo.svg\",\"contentUrl\":\"https:\\\/\\\/derigorefrigeration.com\\\/wp-content\\\/uploads\\\/2023\\\/11\\\/logo_de_rigo.svg\",\"width\":265,\"height\":56,\"caption\":\"De Rigo Refrigeration\"},\"image\":{\"@id\":\"https:\\\/\\\/derigorefrigeration.com\\\/de\\\/#\\\/schema\\\/logo\\\/image\\\/\"}}]}<\/script>\n<!-- \/ Yoast SEO plugin. -->","yoast_head_json":{"title":"Prodotti - Costruttori Remoti, celle frigo, Plug-in e Centrali refrigeranti","robots":{"index":"index","follow":"follow","max-snippet":"max-snippet:-1","max-image-preview":"max-image-preview:large","max-video-preview":"max-video-preview:-1"},"canonical":"https:\/\/derigorefrigeration.com\/de\/prodotti\/","og_locale":"de_DE","og_type":"article","og_title":"Prodotti - Costruttori Remoti, celle frigo, Plug-in e Centrali refrigeranti","og_url":"https:\/\/derigorefrigeration.com\/de\/prodotti\/","og_site_name":"Costruttori Remoti, celle frigo, Plug-in e Centrali refrigeranti","article_modified_time":"2024-04-10T14:28:48+00:00","og_image":[{"width":1054,"height":509,"url":"https:\/\/derigorefrigeration.com\/wp-content\/uploads\/2025\/03\/de-rigo-refrigeration_step1-1-1.jpg","type":"image\/jpeg"}],"twitter_card":"summary_large_image","schema":{"@context":"https:\/\/schema.org","@graph":[{"@type":"WebPage","@id":"https:\/\/derigorefrigeration.com\/de\/prodotti\/","url":"https:\/\/derigorefrigeration.com\/de\/prodotti\/","name":"Prodotti - Costruttori Remoti, celle frigo, Plug-in e Centrali refrigeranti","isPartOf":{"@id":"https:\/\/derigorefrigeration.com\/de\/#website"},"datePublished":"2024-02-22T14:19:21+00:00","dateModified":"2024-04-10T14:28:48+00:00","breadcrumb":{"@id":"https:\/\/derigorefrigeration.com\/de\/prodotti\/#breadcrumb"},"inLanguage":"de","potentialAction":[{"@type":"ReadAction","target":["https:\/\/derigorefrigeration.com\/de\/prodotti\/"]}]},{"@type":"BreadcrumbList","@id":"https:\/\/derigorefrigeration.com\/de\/prodotti\/#breadcrumb","itemListElement":[{"@type":"ListItem","position":1,"name":"Home","item":"https:\/\/derigorefrigeration.com\/de\/"},{"@type":"ListItem","position":2,"name":"Prodotti"}]},{"@type":"WebSite","@id":"https:\/\/derigorefrigeration.com\/de\/#website","url":"https:\/\/derigorefrigeration.com\/de\/","name":"De Rigo Refrigeration","description":"Wir sind seit \u00fcber 50 Jahren Hersteller von Fernbedienungen, Plug-ins, K\u00fchlr\u00e4umen und K\u00fchleinheiten.","publisher":{"@id":"https:\/\/derigorefrigeration.com\/de\/#organization"},"alternateName":"DRR","potentialAction":[{"@type":"SearchAction","target":{"@type":"EntryPoint","urlTemplate":"https:\/\/derigorefrigeration.com\/de\/?s={search_term_string}"},"query-input":{"@type":"PropertyValueSpecification","valueRequired":true,"valueName":"search_term_string"}}],"inLanguage":"de"},{"@type":"Organization","@id":"https:\/\/derigorefrigeration.com\/de\/#organization","name":"De Rigo Refrigeration","url":"https:\/\/derigorefrigeration.com\/de\/","logo":{"@type":"ImageObject","inLanguage":"de","@id":"https:\/\/derigorefrigeration.com\/de\/#\/schema\/logo\/image\/","url":"https:\/\/derigorefrigeration.com\/wp-content\/uploads\/2023\/11\/logo_de_rigo.svg","contentUrl":"https:\/\/derigorefrigeration.com\/wp-content\/uploads\/2023\/11\/logo_de_rigo.svg","width":265,"height":56,"caption":"De Rigo Refrigeration"},"image":{"@id":"https:\/\/derigorefrigeration.com\/de\/#\/schema\/logo\/image\/"}}]}},"_links":{"self":[{"href":"https:\/\/derigorefrigeration.com\/de\/wp-json\/wp\/v2\/pages\/23709","targetHints":{"allow":["GET"]}}],"collection":[{"href":"https:\/\/derigorefrigeration.com\/de\/wp-json\/wp\/v2\/pages"}],"about":[{"href":"https:\/\/derigorefrigeration.com\/de\/wp-json\/wp\/v2\/types\/page"}],"author":[{"embeddable":true,"href":"https:\/\/derigorefrigeration.com\/de\/wp-json\/wp\/v2\/users\/1"}],"replies":[{"embeddable":true,"href":"https:\/\/derigorefrigeration.com\/de\/wp-json\/wp\/v2\/comments?post=23709"}],"version-history":[{"count":19,"href":"https:\/\/derigorefrigeration.com\/de\/wp-json\/wp\/v2\/pages\/23709\/revisions"}],"predecessor-version":[{"id":64510,"href":"https:\/\/derigorefrigeration.com\/de\/wp-json\/wp\/v2\/pages\/23709\/revisions\/64510"}],"wp:attachment":[{"href":"https:\/\/derigorefrigeration.com\/de\/wp-json\/wp\/v2\/media?parent=23709"}],"curies":[{"name":"wp","href":"https:\/\/api.w.org\/{rel}","templated":true}]}}