{"id":588,"date":"2024-01-17T15:57:35","date_gmt":"2024-01-17T14:57:35","guid":{"rendered":"https:\/\/derigorefrigeration.com\/?page_id=588"},"modified":"2025-03-21T15:50:23","modified_gmt":"2025-03-21T14:50:23","slug":"whistleblowing","status":"publish","type":"page","link":"https:\/\/derigorefrigeration.com\/de\/whistleblowing\/","title":{"rendered":"Whistleblowing"},"content":{"rendered":"\n<p>DE RIGO REFRIGERATION incoraggia e favorisce una cultura ispirata alla legalit\u00e0, all\u2019etica e alla trasparenza.<br>Pertanto, la Societ\u00e0 ha deciso di istituire una piattaforma informatica per dare la possibilit\u00e0 ai componenti degli organi societari nonch\u00e9 ai propri dipendenti, collaboratori, fornitori e clienti, di segnalare eventuali irregolarit\u00e0 di cui sono venuti a conoscenza e che potrebbero arrecare pregiudizio o danno alla Societ\u00e0 o a terzi.<br>Tutte le segnalazioni sono trattate con la massima discrezione e riservatezza per tutelare il segnalante da qualsiasi rischio di subire atti ritorsivi o discriminatori nel proprio contesto lavorativo.<br>Inoltre, i dati personali acquisiti sono trattati nel pieno rispetto del Regolamento (UE) 2016\/679 e del Codice Privacy.<\/p>\n\n\n\n<h3 class=\"wp-block-heading\">COME SI PU\u00d2 INVIARE UNA SEGNALAZIONE?<\/h3>\n\n\n\n<p>Una segnalazione pu\u00f2 essere inviata, in forma scritta o in forma orale, attraverso la piattaforma accessibile direttamente dal sito web di DE RIGO REFRIGERATION (derigorefrigerationcom.kinsta.cloud) al seguente link&nbsp;<a href=\"https:\/\/derigorefrigeration.integrityline.com\/\" target=\"_blank\" rel=\"noreferrer noopener\">https:\/\/derigorefrigeration.integrityline.com\/<\/a><\/p>\n\n\n\n<p>\u00c8 opportuno che il segnalante fornisca quante pi\u00f9 informazioni possibili in merito all\u2019accaduto (anche seguendo le istruzioni fornite dalla piattaforma), avendo cura di descrivere in maniera dettagliata i fatti da segnalare.<br>Il segnalante pu\u00f2 altres\u00ec indicare altre persone che possono riferire sull\u2019accaduto e allegare file o documenti di supporto alla segnalazione.<\/p>\n\n\n\n<h3 class=\"wp-block-heading\">CHI PU\u00d2 EFFETTUARE UNA SEGNALAZIONE?<\/h3>\n\n\n\n<p>Oltre agli amministratori e ai componenti degli organi societari, possono effettuare una segnalazione i dipendenti o i collaboratori della Societ\u00e0 che siano o siano stati testimoni, anche indirettamente, di un illecito o di un\u2019irregolarit\u00e0 commessi dalla Societ\u00e0 o da un suo dipendente. Rientrano nella predetta categoria anche i volontari, i tirocinanti e i lavoratori autonomi.<\/p>\n\n\n\n<p>La segnalazione pu\u00f2 essere inviata anche da soggetti esterni (ad esempio, fornitori), purch\u00e9 le informazioni siano state apprese nell\u2019ambito del proprio contesto lavorativo.<\/p>\n\n\n\n<p>Non \u00e8 necessario che il rapporto giuridico con la Societ\u00e0 sia in essere al momento della segnalazione.<\/p>\n\n\n\n<h3 class=\"wp-block-heading\">QUALI COMPORTAMENTI SI POSSONO SEGNALARE?<\/h3>\n\n\n\n<p>Possono essere segnalati tutti quei comportamenti, atti od omissioni che ledano l\u2019interesse pubblico o l\u2019integrit\u00e0 della Societ\u00e0 e che consistono in violazioni della normativa europea, quali:<\/p>\n\n\n\n<ul class=\"wp-block-list\">\n<li>illeciti che rientrano nell\u2019ambito di applicazione degli atti dell\u2019Unione europea relativi ai seguenti settori: appalti pubblici, servizi, prodotti e mercati finanziari e prevenzione del riciclaggio e del finanziamento del terrorismo, sicurezza e conformit\u00e0 dei prodotti, sicurezza dei trasporti, tutela dell\u2019ambiente, radioprotezione e sicurezza nucleare, sicurezza degli alimenti e dei mangimi e salute e benessere degli animali, salute pubblica, protezione dei consumatori, tutela della vita privata e protezione dei dati personali e sicurezza delle reti e dei sistemi informativi;<\/li>\n\n\n\n<li>atti od omissioni che ledono gli interessi finanziari dell\u2019Unione europea;<\/li>\n\n\n\n<li>atti od omissioni riguardanti il mercato interno (ad esempio, violazioni in materia di concorrenza e di aiuti di Stato);<\/li>\n\n\n\n<li>atti o comportamenti che vanificano l\u2019oggetto o la finalit\u00e0 delle disposizioni di cui agli atti dell\u2019Unione.<\/li>\n<\/ul>\n\n\n\n<p>Possono essere segnalate anche condotte illecite rilevanti ai sensi del d.lgs. 231\/2001 o violazioni del modello di organizzazione e gestione adottato dalla Societ\u00e0.<\/p>\n\n\n\n<p><strong>ATTENZIONE: non possono essere segnalate contestazioni riguardanti un interesse di natura personale del segnalante e che attengono esclusivamente al proprio rapporto individuale di lavoro.<\/strong><\/p>\n\n\n\n<h3 class=\"wp-block-heading\">COSA SUCCEDE DOPO UNA SEGNALAZIONE?<\/h3>\n\n\n\n<p>Tutte le segnalazioni sono ricevute dal Whistleblowing Officer il quale provveder\u00e0 ad inviare al segnalante un avviso di ricevimento entro 7 giorni.<\/p>\n\n\n\n<p>In via preliminare, verr\u00e0 eseguita un\u2019analisi per valutare la fondatezza della segnalazione e la pertinenza della stessa rispetto alle violazioni segnalabili.<\/p>\n\n\n\n<p>Il Whistleblowing Officer potrebbe ricontattare successivamente il segnalante attraverso la piattaforma informatica, al fine di chiedere integrazioni o acquisire ulteriori informazioni. Una volta istruita la segnalazione ed eseguiti i dovuti accertamenti, il segnalante verr\u00e0 informato sull\u2019esito della stessa.<\/p>\n\n\n\n<p>Il Whistleblowing Officer potrebbe anche decidere di archiviare la segnalazione in caso di manifesta infondatezza o di non pertinenza rispetto al campo di applicazione.<\/p>\n\n\n\n<h3 class=\"wp-block-heading\">COME VIENE TUTELATA LA RISERVATEZZA DEL SEGNALANTE?<\/h3>\n\n\n\n<p>Tutti i dati relativi alla segnalazione (identit\u00e0 dei soggetti coinvolti e contenuto della segnalazione) sono protetti da misure e standard di sicurezza (es. strumenti di crittografia e altri metodi di protezione da accessi non autorizzati).<\/p>\n\n\n\n<p>L\u2019identit\u00e0 del segnalante viene conosciuta solo dal soggetto deputato a gestire la segnalazione, il quale garantisce l\u2019assoluto rispetto della riservatezza del segnalante e degli altri soggetti menzionati.<\/p>\n\n\n\n<p>Al momento dell\u2019invio della segnalazione, la piattaforma attribuir\u00e0 al segnalante in automatico un codice identificativo univoco che potr\u00e0 essere utilizzato dal segnalante per eseguire i successivi accessi alla piattaforma.<\/p>\n\n\n\n<p>Si raccomanda di conservare con cura tale codice poich\u00e9 non pu\u00f2 essere in alcun modo duplicato o recuperato in caso di smarrimento.<\/p>\n\n\n\n<h3 class=\"wp-block-heading\">LA SEGNALAZIONE PU\u00d2 ESSERE INVIATA IN MODO ANONIMO?<\/h3>\n\n\n\n<p>Nella fase di compilazione della segnalazione il segnalante pu\u00f2 decidere di non rivelare la propria identit\u00e0.<\/p>\n\n\n\n<p>Tuttavia, la Societ\u00e0 incoraggia i segnalanti a preferire la rivelazione della propria identit\u00e0, garantendo l\u2019assoluto rispetto della riservatezza del segnalante e l\u2019applicazione delle tutele previste dal d.lgs. 24\/2023, che altrimenti non potrebbero essere attuate nei confronti di un soggetto sconosciuto.<\/p>\n\n\n\n<p>Ci\u00f2 comporta anche una maggiore efficacia negli accertamenti che verranno successivamente condotti dal Whistleblowing Officer, il quale potr\u00e0 istruire le segnalazioni anonime solo nel caso in cui il contenuto delle stesse sia chiaro, preciso, completo e quindi idoneo a far emergere fatti e situazioni determinati.<\/p>\n\n\n\n<h3 class=\"wp-block-heading\">COSA SUCCEDE SE LA SEGNALAZIONE RISULTA PALESEMENTE INFONDATA E DIFFAMATORIA?<\/h3>\n\n\n\n<p>La Societ\u00e0 non tollera un utilizzo scorretto del canale di segnalazione predisposto, ovvero un utilizzo di detto canale per effettuare segnalazioni con evidente carattere diffamatorio ed opportunistico.<\/p>\n\n\n\n<p>Qualora nella segnalazione si ravvisino questi elementi o comunque emerge che il segnalante sia stato spinto dall\u2019intenzione di danneggiare o incolpare ingiustamente altri soggetti, la Societ\u00e0 si riserva di intraprendere azioni disciplinari e\/o legali nei confronti del segnalanti.<\/p>\n\n\n\n<p>Inoltre, nel caso in cui la responsabilit\u00e0 del segnalante sia accertata (es. con sentenza di primo grado), non saranno garantite le tutele previste dal d.lgs. 24\/2023.<\/p>\n\n\n\n<h3 class=\"wp-block-heading\">QUANDO FARE UNA SEGNALAZIONE ESTERNA?<\/h3>\n\n\n\n<p>Una segnalazione esterna \u00e8 una segnalazione indirizzata ad ANAC<\/p>\n\n\n\n<p>Un segnalante pu\u00f2 effettuare una segnalazione ad ANAC quando:<\/p>\n\n\n\n<ul class=\"wp-block-list\">\n<li>non \u00e8 stato istituito, nel proprio contesto lavorativo, un canale di segnalazione o se attivato questo non risulta conforme a quanto previsto dal d.lgs. 24\/2023;<\/li>\n\n\n\n<li>il segnalante ha gi\u00e0 effettuato una segnalazione interna, ma questa non ha avuto seguito;<\/li>\n\n\n\n<li>la persona segnalante ha fondati motivi di ritenere che, se effettuasse una segnalazione interna, a questa non sarebbe dato efficace seguito ovvero questa potrebbe determinare un rischio di ritorsione;<\/li>\n\n\n\n<li>la persona segnalante ha fondati motivi di ritenere che la violazione possa costituire un pericolo imminente e palese per il pubblico interesse.<\/li>\n<\/ul>\n\n\n\n<p class=\"btn_download\"><a href=\"https:\/\/derigorefrigeration.integrityline.com\/\">Vai alla piattaforma<\/a><\/p>\n\n\n\n<p class=\"btn_download\"><a href=\"https:\/\/derigorefrigeration.com\/wp-content\/uploads\/2024\/05\/mod-12-Informativa-whistleblowing.pdf\">Privacy policy<\/a><\/p>\n","protected":false},"excerpt":{"rendered":"<p>DE RIGO REFRIGERATION incoraggia e favorisce una cultura ispirata alla legalit\u00e0, all\u2019etica e alla trasparenza.Pertanto, la Societ\u00e0 ha deciso di istituire una piattaforma informatica per dare la possibilit\u00e0 ai componenti degli organi societari nonch\u00e9 ai propri dipendenti, collaboratori, fornitori e clienti, di segnalare eventuali irregolarit\u00e0 di cui sono venuti a conoscenza e che potrebbero arrecare [&hellip;]<\/p>\n","protected":false},"author":1,"featured_media":0,"parent":0,"menu_order":0,"comment_status":"closed","ping_status":"closed","template":"tempates\/page-no-header.php","meta":{"_acf_changed":false,"footnotes":""},"class_list":["post-588","page","type-page","status-publish","hentry"],"acf":[],"yoast_head":"<!-- This site is optimized with the Yoast SEO plugin v27.3 - https:\/\/yoast.com\/product\/yoast-seo-wordpress\/ -->\n<title>Whistleblowing - Costruttori Remoti, celle frigo, Plug-in e Centrali refrigeranti<\/title>\n<meta name=\"robots\" content=\"index, follow, max-snippet:-1, max-image-preview:large, max-video-preview:-1\" \/>\n<link rel=\"canonical\" href=\"https:\/\/derigorefrigeration.com\/de\/whistleblowing\/\" \/>\n<meta property=\"og:locale\" content=\"de_DE\" \/>\n<meta property=\"og:type\" content=\"article\" \/>\n<meta property=\"og:title\" content=\"Whistleblowing - Costruttori Remoti, celle frigo, Plug-in e Centrali refrigeranti\" \/>\n<meta property=\"og:description\" content=\"DE RIGO REFRIGERATION incoraggia e favorisce una cultura ispirata alla legalit\u00e0, all\u2019etica e alla trasparenza.Pertanto, la Societ\u00e0 ha deciso di istituire una piattaforma informatica per dare la possibilit\u00e0 ai componenti degli organi societari nonch\u00e9 ai propri dipendenti, collaboratori, fornitori e clienti, di segnalare eventuali irregolarit\u00e0 di cui sono venuti a conoscenza e che potrebbero arrecare [&hellip;]\" \/>\n<meta property=\"og:url\" content=\"https:\/\/derigorefrigeration.com\/de\/whistleblowing\/\" \/>\n<meta property=\"og:site_name\" content=\"Costruttori Remoti, celle frigo, Plug-in e Centrali refrigeranti\" \/>\n<meta property=\"article:modified_time\" content=\"2025-03-21T14:50:23+00:00\" \/>\n<meta property=\"og:image\" content=\"https:\/\/derigorefrigeration.com\/wp-content\/uploads\/2025\/03\/de-rigo-refrigeration_step1-1-1.jpg\" \/>\n\t<meta property=\"og:image:width\" content=\"1054\" \/>\n\t<meta property=\"og:image:height\" content=\"509\" \/>\n\t<meta property=\"og:image:type\" content=\"image\/jpeg\" \/>\n<meta name=\"twitter:card\" content=\"summary_large_image\" \/>\n<meta name=\"twitter:label1\" content=\"Gesch\u00e4tzte Lesezeit\" \/>\n\t<meta name=\"twitter:data1\" content=\"6\u00a0Minuten\" \/>\n<script type=\"application\/ld+json\" class=\"yoast-schema-graph\">{\"@context\":\"https:\\\/\\\/schema.org\",\"@graph\":[{\"@type\":\"WebPage\",\"@id\":\"https:\\\/\\\/derigorefrigeration.com\\\/de\\\/whistleblowing\\\/\",\"url\":\"https:\\\/\\\/derigorefrigeration.com\\\/de\\\/whistleblowing\\\/\",\"name\":\"Whistleblowing - Costruttori Remoti, celle frigo, Plug-in e Centrali refrigeranti\",\"isPartOf\":{\"@id\":\"https:\\\/\\\/derigorefrigeration.com\\\/de\\\/#website\"},\"datePublished\":\"2024-01-17T14:57:35+00:00\",\"dateModified\":\"2025-03-21T14:50:23+00:00\",\"breadcrumb\":{\"@id\":\"https:\\\/\\\/derigorefrigeration.com\\\/de\\\/whistleblowing\\\/#breadcrumb\"},\"inLanguage\":\"de\",\"potentialAction\":[{\"@type\":\"ReadAction\",\"target\":[\"https:\\\/\\\/derigorefrigeration.com\\\/de\\\/whistleblowing\\\/\"]}]},{\"@type\":\"BreadcrumbList\",\"@id\":\"https:\\\/\\\/derigorefrigeration.com\\\/de\\\/whistleblowing\\\/#breadcrumb\",\"itemListElement\":[{\"@type\":\"ListItem\",\"position\":1,\"name\":\"Home\",\"item\":\"https:\\\/\\\/derigorefrigeration.com\\\/de\\\/\"},{\"@type\":\"ListItem\",\"position\":2,\"name\":\"Whistleblowing\"}]},{\"@type\":\"WebSite\",\"@id\":\"https:\\\/\\\/derigorefrigeration.com\\\/de\\\/#website\",\"url\":\"https:\\\/\\\/derigorefrigeration.com\\\/de\\\/\",\"name\":\"De Rigo Refrigeration\",\"description\":\"Wir sind seit \u00fcber 50 Jahren Hersteller von Fernbedienungen, Plug-ins, K\u00fchlr\u00e4umen und K\u00fchleinheiten.\",\"publisher\":{\"@id\":\"https:\\\/\\\/derigorefrigeration.com\\\/de\\\/#organization\"},\"alternateName\":\"DRR\",\"potentialAction\":[{\"@type\":\"SearchAction\",\"target\":{\"@type\":\"EntryPoint\",\"urlTemplate\":\"https:\\\/\\\/derigorefrigeration.com\\\/de\\\/?s={search_term_string}\"},\"query-input\":{\"@type\":\"PropertyValueSpecification\",\"valueRequired\":true,\"valueName\":\"search_term_string\"}}],\"inLanguage\":\"de\"},{\"@type\":\"Organization\",\"@id\":\"https:\\\/\\\/derigorefrigeration.com\\\/de\\\/#organization\",\"name\":\"De Rigo Refrigeration\",\"url\":\"https:\\\/\\\/derigorefrigeration.com\\\/de\\\/\",\"logo\":{\"@type\":\"ImageObject\",\"inLanguage\":\"de\",\"@id\":\"https:\\\/\\\/derigorefrigeration.com\\\/de\\\/#\\\/schema\\\/logo\\\/image\\\/\",\"url\":\"https:\\\/\\\/derigorefrigeration.com\\\/wp-content\\\/uploads\\\/2023\\\/11\\\/logo_de_rigo.svg\",\"contentUrl\":\"https:\\\/\\\/derigorefrigeration.com\\\/wp-content\\\/uploads\\\/2023\\\/11\\\/logo_de_rigo.svg\",\"width\":265,\"height\":56,\"caption\":\"De Rigo Refrigeration\"},\"image\":{\"@id\":\"https:\\\/\\\/derigorefrigeration.com\\\/de\\\/#\\\/schema\\\/logo\\\/image\\\/\"}}]}<\/script>\n<!-- \/ Yoast SEO plugin. -->","yoast_head_json":{"title":"Whistleblowing - Costruttori Remoti, celle frigo, Plug-in e Centrali refrigeranti","robots":{"index":"index","follow":"follow","max-snippet":"max-snippet:-1","max-image-preview":"max-image-preview:large","max-video-preview":"max-video-preview:-1"},"canonical":"https:\/\/derigorefrigeration.com\/de\/whistleblowing\/","og_locale":"de_DE","og_type":"article","og_title":"Whistleblowing - Costruttori Remoti, celle frigo, Plug-in e Centrali refrigeranti","og_description":"DE RIGO REFRIGERATION incoraggia e favorisce una cultura ispirata alla legalit\u00e0, all\u2019etica e alla trasparenza.Pertanto, la Societ\u00e0 ha deciso di istituire una piattaforma informatica per dare la possibilit\u00e0 ai componenti degli organi societari nonch\u00e9 ai propri dipendenti, collaboratori, fornitori e clienti, di segnalare eventuali irregolarit\u00e0 di cui sono venuti a conoscenza e che potrebbero arrecare [&hellip;]","og_url":"https:\/\/derigorefrigeration.com\/de\/whistleblowing\/","og_site_name":"Costruttori Remoti, celle frigo, Plug-in e Centrali refrigeranti","article_modified_time":"2025-03-21T14:50:23+00:00","og_image":[{"width":1054,"height":509,"url":"https:\/\/derigorefrigeration.com\/wp-content\/uploads\/2025\/03\/de-rigo-refrigeration_step1-1-1.jpg","type":"image\/jpeg"}],"twitter_card":"summary_large_image","twitter_misc":{"Gesch\u00e4tzte Lesezeit":"6\u00a0Minuten"},"schema":{"@context":"https:\/\/schema.org","@graph":[{"@type":"WebPage","@id":"https:\/\/derigorefrigeration.com\/de\/whistleblowing\/","url":"https:\/\/derigorefrigeration.com\/de\/whistleblowing\/","name":"Whistleblowing - Costruttori Remoti, celle frigo, Plug-in e Centrali refrigeranti","isPartOf":{"@id":"https:\/\/derigorefrigeration.com\/de\/#website"},"datePublished":"2024-01-17T14:57:35+00:00","dateModified":"2025-03-21T14:50:23+00:00","breadcrumb":{"@id":"https:\/\/derigorefrigeration.com\/de\/whistleblowing\/#breadcrumb"},"inLanguage":"de","potentialAction":[{"@type":"ReadAction","target":["https:\/\/derigorefrigeration.com\/de\/whistleblowing\/"]}]},{"@type":"BreadcrumbList","@id":"https:\/\/derigorefrigeration.com\/de\/whistleblowing\/#breadcrumb","itemListElement":[{"@type":"ListItem","position":1,"name":"Home","item":"https:\/\/derigorefrigeration.com\/de\/"},{"@type":"ListItem","position":2,"name":"Whistleblowing"}]},{"@type":"WebSite","@id":"https:\/\/derigorefrigeration.com\/de\/#website","url":"https:\/\/derigorefrigeration.com\/de\/","name":"De Rigo Refrigeration","description":"Wir sind seit \u00fcber 50 Jahren Hersteller von Fernbedienungen, Plug-ins, K\u00fchlr\u00e4umen und K\u00fchleinheiten.","publisher":{"@id":"https:\/\/derigorefrigeration.com\/de\/#organization"},"alternateName":"DRR","potentialAction":[{"@type":"SearchAction","target":{"@type":"EntryPoint","urlTemplate":"https:\/\/derigorefrigeration.com\/de\/?s={search_term_string}"},"query-input":{"@type":"PropertyValueSpecification","valueRequired":true,"valueName":"search_term_string"}}],"inLanguage":"de"},{"@type":"Organization","@id":"https:\/\/derigorefrigeration.com\/de\/#organization","name":"De Rigo Refrigeration","url":"https:\/\/derigorefrigeration.com\/de\/","logo":{"@type":"ImageObject","inLanguage":"de","@id":"https:\/\/derigorefrigeration.com\/de\/#\/schema\/logo\/image\/","url":"https:\/\/derigorefrigeration.com\/wp-content\/uploads\/2023\/11\/logo_de_rigo.svg","contentUrl":"https:\/\/derigorefrigeration.com\/wp-content\/uploads\/2023\/11\/logo_de_rigo.svg","width":265,"height":56,"caption":"De Rigo Refrigeration"},"image":{"@id":"https:\/\/derigorefrigeration.com\/de\/#\/schema\/logo\/image\/"}}]}},"_links":{"self":[{"href":"https:\/\/derigorefrigeration.com\/de\/wp-json\/wp\/v2\/pages\/588","targetHints":{"allow":["GET"]}}],"collection":[{"href":"https:\/\/derigorefrigeration.com\/de\/wp-json\/wp\/v2\/pages"}],"about":[{"href":"https:\/\/derigorefrigeration.com\/de\/wp-json\/wp\/v2\/types\/page"}],"author":[{"embeddable":true,"href":"https:\/\/derigorefrigeration.com\/de\/wp-json\/wp\/v2\/users\/1"}],"replies":[{"embeddable":true,"href":"https:\/\/derigorefrigeration.com\/de\/wp-json\/wp\/v2\/comments?post=588"}],"version-history":[{"count":6,"href":"https:\/\/derigorefrigeration.com\/de\/wp-json\/wp\/v2\/pages\/588\/revisions"}],"predecessor-version":[{"id":100050,"href":"https:\/\/derigorefrigeration.com\/de\/wp-json\/wp\/v2\/pages\/588\/revisions\/100050"}],"wp:attachment":[{"href":"https:\/\/derigorefrigeration.com\/de\/wp-json\/wp\/v2\/media?parent=588"}],"curies":[{"name":"wp","href":"https:\/\/api.w.org\/{rel}","templated":true}]}}