{"id":86907,"date":"2024-01-17T15:58:11","date_gmt":"2024-01-17T14:58:11","guid":{"rendered":"https:\/\/derigorefrigeration.com\/codice-etico\/"},"modified":"2025-10-14T11:16:28","modified_gmt":"2025-10-14T09:16:28","slug":"governance","status":"publish","type":"page","link":"https:\/\/derigorefrigeration.com\/de\/governance\/","title":{"rendered":"Governance"},"content":{"rendered":"\n<h3 class=\"wp-block-heading\">CODE OF ETHICS<\/h3>\n\n\n\n<p>Since 2015, DE RIGO REFRIGERATION SRL adopted its own Code of Ethics for all the companies of the Group in order to promote a high ethical profile of all relationships developed by Group members.<br>This document sets out the ethical principles which should guide the conduct of employees, managers, collaborators, customers and suppliers and, in general, of all those who come into contact with the business reality of the De Rigo Refrigeration Group.<\/p>\n\n\n\n<p class=\"btn_download\"><a href=\"https:\/\/derigorefrigeration.com\/wp-content\/uploads\/2024\/06\/CODICE-ETICO-en.pdf\" target=\"_blank\" rel=\"noreferrer noopener\">CODE OF ETHICS<\/a><\/p>\n\n\n\n<h3 class=\"wp-block-heading\">BOARD OF DIRECTORS<\/h3>\n\n\n\n<p>Ennio De Rigo Piter<br><em>Chairman<\/em><br><br>Paolo Zenatto<br><em>Managing Director<\/em><br><br>Andrea Lacedelli<br><em>Director<\/em><br><br>Barbara De Rigo Piter<br><em>Director<\/em><br><br>Massimo De Rigo Piter<br><em>Director<\/em><\/p>\n","protected":false},"excerpt":{"rendered":"<p>CODE OF ETHICS Since 2015, DE RIGO REFRIGERATION SRL adopted its own Code of Ethics for all the companies of the Group in order to promote a high ethical profile of all relationships developed by Group members.This document sets out the ethical principles which should guide the conduct of employees, managers, collaborators, customers and suppliers [&hellip;]<\/p>\n","protected":false},"author":1,"featured_media":0,"parent":0,"menu_order":0,"comment_status":"closed","ping_status":"closed","template":"tempates\/page-no-header.php","meta":{"_acf_changed":false,"footnotes":""},"class_list":["post-86907","page","type-page","status-publish","hentry"],"acf":[],"yoast_head":"<!-- This site is optimized with the Yoast SEO plugin v27.3 - https:\/\/yoast.com\/product\/yoast-seo-wordpress\/ -->\n<title>Governance - Costruttori Remoti, celle frigo, Plug-in e Centrali refrigeranti<\/title>\n<meta name=\"robots\" content=\"index, follow, max-snippet:-1, max-image-preview:large, max-video-preview:-1\" \/>\n<link rel=\"canonical\" href=\"https:\/\/derigorefrigeration.com\/de\/governance\/\" \/>\n<meta property=\"og:locale\" content=\"de_DE\" \/>\n<meta property=\"og:type\" content=\"article\" \/>\n<meta property=\"og:title\" content=\"Governance - Costruttori Remoti, celle frigo, Plug-in e Centrali refrigeranti\" \/>\n<meta property=\"og:description\" content=\"CODE OF ETHICS Since 2015, DE RIGO REFRIGERATION SRL adopted its own Code of Ethics for all the companies of the Group in order to promote a high ethical profile of all relationships developed by Group members.This document sets out the ethical principles which should guide the conduct of employees, managers, collaborators, customers and suppliers [&hellip;]\" \/>\n<meta property=\"og:url\" content=\"https:\/\/derigorefrigeration.com\/de\/governance\/\" \/>\n<meta property=\"og:site_name\" content=\"Costruttori Remoti, celle frigo, Plug-in e Centrali refrigeranti\" \/>\n<meta property=\"article:modified_time\" content=\"2025-10-14T09:16:28+00:00\" \/>\n<meta property=\"og:image\" content=\"https:\/\/derigorefrigeration.com\/wp-content\/uploads\/2025\/03\/de-rigo-refrigeration_step1-1-1.jpg\" \/>\n\t<meta property=\"og:image:width\" content=\"1054\" \/>\n\t<meta property=\"og:image:height\" content=\"509\" \/>\n\t<meta property=\"og:image:type\" content=\"image\/jpeg\" \/>\n<meta name=\"twitter:card\" content=\"summary_large_image\" \/>\n<meta name=\"twitter:label1\" content=\"Gesch\u00e4tzte Lesezeit\" \/>\n\t<meta name=\"twitter:data1\" content=\"2\u00a0Minuten\" \/>\n<script type=\"application\/ld+json\" class=\"yoast-schema-graph\">{\"@context\":\"https:\\\/\\\/schema.org\",\"@graph\":[{\"@type\":\"WebPage\",\"@id\":\"https:\\\/\\\/derigorefrigeration.com\\\/de\\\/governance\\\/\",\"url\":\"https:\\\/\\\/derigorefrigeration.com\\\/de\\\/governance\\\/\",\"name\":\"Governance - Costruttori Remoti, celle frigo, Plug-in e Centrali refrigeranti\",\"isPartOf\":{\"@id\":\"https:\\\/\\\/derigorefrigeration.com\\\/de\\\/#website\"},\"datePublished\":\"2024-01-17T14:58:11+00:00\",\"dateModified\":\"2025-10-14T09:16:28+00:00\",\"breadcrumb\":{\"@id\":\"https:\\\/\\\/derigorefrigeration.com\\\/de\\\/governance\\\/#breadcrumb\"},\"inLanguage\":\"de\",\"potentialAction\":[{\"@type\":\"ReadAction\",\"target\":[\"https:\\\/\\\/derigorefrigeration.com\\\/de\\\/governance\\\/\"]}]},{\"@type\":\"BreadcrumbList\",\"@id\":\"https:\\\/\\\/derigorefrigeration.com\\\/de\\\/governance\\\/#breadcrumb\",\"itemListElement\":[{\"@type\":\"ListItem\",\"position\":1,\"name\":\"Home\",\"item\":\"https:\\\/\\\/derigorefrigeration.com\\\/de\\\/\"},{\"@type\":\"ListItem\",\"position\":2,\"name\":\"Governance\"}]},{\"@type\":\"WebSite\",\"@id\":\"https:\\\/\\\/derigorefrigeration.com\\\/de\\\/#website\",\"url\":\"https:\\\/\\\/derigorefrigeration.com\\\/de\\\/\",\"name\":\"De Rigo Refrigeration\",\"description\":\"Wir sind seit \u00fcber 50 Jahren Hersteller von Fernbedienungen, Plug-ins, K\u00fchlr\u00e4umen und K\u00fchleinheiten.\",\"publisher\":{\"@id\":\"https:\\\/\\\/derigorefrigeration.com\\\/de\\\/#organization\"},\"alternateName\":\"DRR\",\"potentialAction\":[{\"@type\":\"SearchAction\",\"target\":{\"@type\":\"EntryPoint\",\"urlTemplate\":\"https:\\\/\\\/derigorefrigeration.com\\\/de\\\/?s={search_term_string}\"},\"query-input\":{\"@type\":\"PropertyValueSpecification\",\"valueRequired\":true,\"valueName\":\"search_term_string\"}}],\"inLanguage\":\"de\"},{\"@type\":\"Organization\",\"@id\":\"https:\\\/\\\/derigorefrigeration.com\\\/de\\\/#organization\",\"name\":\"De Rigo Refrigeration\",\"url\":\"https:\\\/\\\/derigorefrigeration.com\\\/de\\\/\",\"logo\":{\"@type\":\"ImageObject\",\"inLanguage\":\"de\",\"@id\":\"https:\\\/\\\/derigorefrigeration.com\\\/de\\\/#\\\/schema\\\/logo\\\/image\\\/\",\"url\":\"https:\\\/\\\/derigorefrigeration.com\\\/wp-content\\\/uploads\\\/2023\\\/11\\\/logo_de_rigo.svg\",\"contentUrl\":\"https:\\\/\\\/derigorefrigeration.com\\\/wp-content\\\/uploads\\\/2023\\\/11\\\/logo_de_rigo.svg\",\"width\":265,\"height\":56,\"caption\":\"De Rigo Refrigeration\"},\"image\":{\"@id\":\"https:\\\/\\\/derigorefrigeration.com\\\/de\\\/#\\\/schema\\\/logo\\\/image\\\/\"}}]}<\/script>\n<!-- \/ Yoast SEO plugin. -->","yoast_head_json":{"title":"Governance - Costruttori Remoti, celle frigo, Plug-in e Centrali refrigeranti","robots":{"index":"index","follow":"follow","max-snippet":"max-snippet:-1","max-image-preview":"max-image-preview:large","max-video-preview":"max-video-preview:-1"},"canonical":"https:\/\/derigorefrigeration.com\/de\/governance\/","og_locale":"de_DE","og_type":"article","og_title":"Governance - Costruttori Remoti, celle frigo, Plug-in e Centrali refrigeranti","og_description":"CODE OF ETHICS Since 2015, DE RIGO REFRIGERATION SRL adopted its own Code of Ethics for all the companies of the Group in order to promote a high ethical profile of all relationships developed by Group members.This document sets out the ethical principles which should guide the conduct of employees, managers, collaborators, customers and suppliers [&hellip;]","og_url":"https:\/\/derigorefrigeration.com\/de\/governance\/","og_site_name":"Costruttori Remoti, celle frigo, Plug-in e Centrali refrigeranti","article_modified_time":"2025-10-14T09:16:28+00:00","og_image":[{"width":1054,"height":509,"url":"https:\/\/derigorefrigeration.com\/wp-content\/uploads\/2025\/03\/de-rigo-refrigeration_step1-1-1.jpg","type":"image\/jpeg"}],"twitter_card":"summary_large_image","twitter_misc":{"Gesch\u00e4tzte Lesezeit":"2\u00a0Minuten"},"schema":{"@context":"https:\/\/schema.org","@graph":[{"@type":"WebPage","@id":"https:\/\/derigorefrigeration.com\/de\/governance\/","url":"https:\/\/derigorefrigeration.com\/de\/governance\/","name":"Governance - Costruttori Remoti, celle frigo, Plug-in e Centrali refrigeranti","isPartOf":{"@id":"https:\/\/derigorefrigeration.com\/de\/#website"},"datePublished":"2024-01-17T14:58:11+00:00","dateModified":"2025-10-14T09:16:28+00:00","breadcrumb":{"@id":"https:\/\/derigorefrigeration.com\/de\/governance\/#breadcrumb"},"inLanguage":"de","potentialAction":[{"@type":"ReadAction","target":["https:\/\/derigorefrigeration.com\/de\/governance\/"]}]},{"@type":"BreadcrumbList","@id":"https:\/\/derigorefrigeration.com\/de\/governance\/#breadcrumb","itemListElement":[{"@type":"ListItem","position":1,"name":"Home","item":"https:\/\/derigorefrigeration.com\/de\/"},{"@type":"ListItem","position":2,"name":"Governance"}]},{"@type":"WebSite","@id":"https:\/\/derigorefrigeration.com\/de\/#website","url":"https:\/\/derigorefrigeration.com\/de\/","name":"De Rigo Refrigeration","description":"Wir sind seit \u00fcber 50 Jahren Hersteller von Fernbedienungen, Plug-ins, K\u00fchlr\u00e4umen und K\u00fchleinheiten.","publisher":{"@id":"https:\/\/derigorefrigeration.com\/de\/#organization"},"alternateName":"DRR","potentialAction":[{"@type":"SearchAction","target":{"@type":"EntryPoint","urlTemplate":"https:\/\/derigorefrigeration.com\/de\/?s={search_term_string}"},"query-input":{"@type":"PropertyValueSpecification","valueRequired":true,"valueName":"search_term_string"}}],"inLanguage":"de"},{"@type":"Organization","@id":"https:\/\/derigorefrigeration.com\/de\/#organization","name":"De Rigo Refrigeration","url":"https:\/\/derigorefrigeration.com\/de\/","logo":{"@type":"ImageObject","inLanguage":"de","@id":"https:\/\/derigorefrigeration.com\/de\/#\/schema\/logo\/image\/","url":"https:\/\/derigorefrigeration.com\/wp-content\/uploads\/2023\/11\/logo_de_rigo.svg","contentUrl":"https:\/\/derigorefrigeration.com\/wp-content\/uploads\/2023\/11\/logo_de_rigo.svg","width":265,"height":56,"caption":"De Rigo Refrigeration"},"image":{"@id":"https:\/\/derigorefrigeration.com\/de\/#\/schema\/logo\/image\/"}}]}},"_links":{"self":[{"href":"https:\/\/derigorefrigeration.com\/de\/wp-json\/wp\/v2\/pages\/86907","targetHints":{"allow":["GET"]}}],"collection":[{"href":"https:\/\/derigorefrigeration.com\/de\/wp-json\/wp\/v2\/pages"}],"about":[{"href":"https:\/\/derigorefrigeration.com\/de\/wp-json\/wp\/v2\/types\/page"}],"author":[{"embeddable":true,"href":"https:\/\/derigorefrigeration.com\/de\/wp-json\/wp\/v2\/users\/1"}],"replies":[{"embeddable":true,"href":"https:\/\/derigorefrigeration.com\/de\/wp-json\/wp\/v2\/comments?post=86907"}],"version-history":[{"count":4,"href":"https:\/\/derigorefrigeration.com\/de\/wp-json\/wp\/v2\/pages\/86907\/revisions"}],"predecessor-version":[{"id":102360,"href":"https:\/\/derigorefrigeration.com\/de\/wp-json\/wp\/v2\/pages\/86907\/revisions\/102360"}],"wp:attachment":[{"href":"https:\/\/derigorefrigeration.com\/de\/wp-json\/wp\/v2\/media?parent=86907"}],"curies":[{"name":"wp","href":"https:\/\/api.w.org\/{rel}","templated":true}]}}