{"id":98250,"date":"2025-02-26T18:56:35","date_gmt":"2025-02-26T17:56:35","guid":{"rendered":"https:\/\/derigorefrigeration.com\/?page_id=98250"},"modified":"2025-03-06T09:43:42","modified_gmt":"2025-03-06T08:43:42","slug":"disclaimer-email","status":"publish","type":"page","link":"https:\/\/derigorefrigeration.com\/de\/disclaimer-email\/","title":{"rendered":"DISCLAIMER EMAIL"},"content":{"rendered":"\t\t<div data-elementor-type=\"wp-page\" data-elementor-id=\"98250\" class=\"elementor elementor-98250\" data-elementor-post-type=\"page\">\n\t\t\t\t<div class=\"elementor-element elementor-element-731f683 e-flex e-con-boxed e-con e-parent\" data-id=\"731f683\" data-element_type=\"container\" data-e-type=\"container\">\n\t\t\t\t\t<div class=\"e-con-inner\">\n\t\t\t\t<div class=\"elementor-element elementor-element-36803c3 elementor-widget elementor-widget-heading\" data-id=\"36803c3\" data-element_type=\"widget\" data-e-type=\"widget\" data-widget_type=\"heading.default\">\n\t\t\t\t<div class=\"elementor-widget-container\">\n\t\t\t\t\t<h1 class=\"elementor-heading-title elementor-size-default\">DISCLAIMER EMAIL<\/h1>\t\t\t\t<\/div>\n\t\t\t\t<\/div>\n\t\t\t\t\t<\/div>\n\t\t\t\t<\/div>\n\t\t<div class=\"elementor-element elementor-element-5b7efd4b disclaimer_block e-flex e-con-boxed e-con e-parent\" data-id=\"5b7efd4b\" data-element_type=\"container\" data-e-type=\"container\">\n\t\t\t\t\t<div class=\"e-con-inner\">\n\t\t\t\t<div class=\"elementor-element elementor-element-cd695e0 elementor-widget elementor-widget-image\" data-id=\"cd695e0\" data-element_type=\"widget\" data-e-type=\"widget\" data-widget_type=\"image.default\">\n\t\t\t\t<div class=\"elementor-widget-container\">\n\t\t\t\t\t\t\t\t\t\t\t\t\t\t\t<img decoding=\"async\" src=\"https:\/\/derigorefrigeration.com\/wp-content\/uploads\/elementor\/thumbs\/united-kingdom-flag-icon-r2ewvxlpms90yuwmr31ap32rw6ld37ir56mlxyijiw.png\" title=\"united-kingdom-flag-icon\" alt=\"united-kingdom-flag-icon\" loading=\"lazy\" \/>\t\t\t\t\t\t\t\t\t\t\t\t\t\t\t<\/div>\n\t\t\t\t<\/div>\n\t\t\t\t<div class=\"elementor-element elementor-element-f81074d elementor-widget elementor-widget-text-editor\" data-id=\"f81074d\" data-element_type=\"widget\" data-e-type=\"widget\" data-widget_type=\"text-editor.default\">\n\t\t\t\t<div class=\"elementor-widget-container\">\n\t\t\t\t\t\t\t\t\t<p>Pursuant to EU Regulation 679\/2016 (GDPR), the information contained or attached to this message is directed solely to the Recipient indicated above. In the event of receipt by a different person, any type of distribution or copy or processing of the data contained therein is prohibited. Anyone who receives this communication by mistake is obliged to immediately inform the sender and to destroy the message. Any opinion expressed in this message is that of the individual sender, except where the message states otherwise and the sender is authorized to declare it. As a corporate address, and based on company privacy rules, the mailbox used for this message can be viewed by staff other than the sender or recipient.<\/p>\t\t\t\t\t\t\t\t<\/div>\n\t\t\t\t<\/div>\n\t\t\t\t<div class=\"elementor-element elementor-element-233afa0 elementor-widget elementor-widget-image\" data-id=\"233afa0\" data-element_type=\"widget\" data-e-type=\"widget\" data-widget_type=\"image.default\">\n\t\t\t\t<div class=\"elementor-widget-container\">\n\t\t\t\t\t\t\t\t\t\t\t\t\t\t\t<img decoding=\"async\" src=\"https:\/\/derigorefrigeration.com\/wp-content\/uploads\/elementor\/thumbs\/italy-flag-icon-r2ewqqjtur4ysggc3c6jewa1oi7bjfw63gszfw7vx4.png\" title=\"italy-flag-icon\" alt=\"italy-flag-icon\" loading=\"lazy\" \/>\t\t\t\t\t\t\t\t\t\t\t\t\t\t\t<\/div>\n\t\t\t\t<\/div>\n\t\t\t\t<div class=\"elementor-element elementor-element-6ee4d055 elementor-widget elementor-widget-text-editor\" data-id=\"6ee4d055\" data-element_type=\"widget\" data-e-type=\"widget\" data-widget_type=\"text-editor.default\">\n\t\t\t\t<div class=\"elementor-widget-container\">\n\t\t\t\t\t\t\t\t\t<p>Ai sensi del Regolamento UE 679\/2016 (GDPR) e dell&#8217;art. 616 del C.P., le informazioni contenute o allegate al presente messaggio sono dirette unicamente al Destinatario sopra indicato. In caso di ricezione da parte di persona diversa \u00e8 vietato qualunque tipo di distribuzione o copia o trattamento dei dati ivi contenuti. Chiunque riceva questa comunicazione per errore \u00e8 tenuto ad informare immediatamente il mittente e a distruggere il messaggio. Qualunque opinione espressa in questo messaggio \u00e8 quella del mittente individuale, eccetto dove il messaggio dichiara altrimenti ed il mittente \u00e8 autorizzato a dichiararlo. In quanto indirizzo aziendale, e in base alle regole della privacy aziendale, la casella postale utilizzata per questo messaggio pu\u00f2 essere visionata da personale diverso dal mittente o destinatario.<\/p>\t\t\t\t\t\t\t\t<\/div>\n\t\t\t\t<\/div>\n\t\t\t\t<div class=\"elementor-element elementor-element-375bc3b elementor-widget elementor-widget-image\" data-id=\"375bc3b\" data-element_type=\"widget\" data-e-type=\"widget\" data-widget_type=\"image.default\">\n\t\t\t\t<div class=\"elementor-widget-container\">\n\t\t\t\t\t\t\t\t\t\t\t\t\t\t\t<img decoding=\"async\" src=\"https:\/\/derigorefrigeration.com\/wp-content\/uploads\/elementor\/thumbs\/spain-country-flag-icon-r2ewvwnvfy7qn8xzwkmo4lbbaspzvif0t1z4gojxp4.png\" title=\"spain-country-flag-icon\" alt=\"spain-country-flag-icon\" loading=\"lazy\" \/>\t\t\t\t\t\t\t\t\t\t\t\t\t\t\t<\/div>\n\t\t\t\t<\/div>\n\t\t\t\t<div class=\"elementor-element elementor-element-88436ab elementor-widget elementor-widget-text-editor\" data-id=\"88436ab\" data-element_type=\"widget\" data-e-type=\"widget\" data-widget_type=\"text-editor.default\">\n\t\t\t\t<div class=\"elementor-widget-container\">\n\t\t\t\t\t\t\t\t\t<p>De conformidad con el Reglamento UE 2016\/679 (RGPD) la informaci\u00f3n recogida o adjunta al presente mensaje se dirige \u00fanicamente al Destinatario arriba indicado. En caso de que lo reciba otra persona, se proh\u00edbe cualquier tipo de distribuci\u00f3n, copia o tratamiento de los datos que contiene. Aquel que reciba esta comunicaci\u00f3n por error, deber\u00e1 informar de inmediato al remitente y destruir el mensaje. Cualquier opini\u00f3n expresada en este mensaje se refiere al remitente a t\u00edtulo individual, excepto cuando el mensaje diga otra cosa y el remitente est\u00e9 autorizado para transmitirlo. Como direcci\u00f3n empresarial, y de acuerdo con las normas empresariales de confidencialidad, la direcci\u00f3n de correo utilizada para este mensaje puede ser consultada por personal diferente del remitente o destinatario.<\/p>\t\t\t\t\t\t\t\t<\/div>\n\t\t\t\t<\/div>\n\t\t\t\t\t<\/div>\n\t\t\t\t<\/div>\n\t\t\t\t<\/div>\n\t\t","protected":false},"excerpt":{"rendered":"<p>Pursuant to EU Regulation 679\/2016 (GDPR), the information contained or attached to this message is directed solely to the Recipient indicated above. In the event of receipt by a different person, any type of distribution or copy or processing of the data contained therein is prohibited. Anyone who receives this communication by mistake is obliged [&hellip;]<\/p>\n","protected":false},"author":4,"featured_media":0,"parent":0,"menu_order":0,"comment_status":"closed","ping_status":"closed","template":"","meta":{"_acf_changed":false,"footnotes":""},"class_list":["post-98250","page","type-page","status-publish","hentry"],"acf":[],"yoast_head":"<!-- This site is optimized with the Yoast SEO plugin v27.3 - https:\/\/yoast.com\/product\/yoast-seo-wordpress\/ -->\n<title>DISCLAIMER EMAIL - Costruttori Remoti, celle frigo, Plug-in e Centrali refrigeranti<\/title>\n<meta name=\"robots\" content=\"index, follow, max-snippet:-1, max-image-preview:large, max-video-preview:-1\" \/>\n<link rel=\"canonical\" href=\"https:\/\/derigorefrigeration.com\/de\/disclaimer-email\/\" \/>\n<meta property=\"og:locale\" content=\"de_DE\" \/>\n<meta property=\"og:type\" content=\"article\" \/>\n<meta property=\"og:title\" content=\"DISCLAIMER EMAIL - Costruttori Remoti, celle frigo, Plug-in e Centrali refrigeranti\" \/>\n<meta property=\"og:description\" content=\"Pursuant to EU Regulation 679\/2016 (GDPR), the information contained or attached to this message is directed solely to the Recipient indicated above. In the event of receipt by a different person, any type of distribution or copy or processing of the data contained therein is prohibited. Anyone who receives this communication by mistake is obliged [&hellip;]\" \/>\n<meta property=\"og:url\" content=\"https:\/\/derigorefrigeration.com\/de\/disclaimer-email\/\" \/>\n<meta property=\"og:site_name\" content=\"Costruttori Remoti, celle frigo, Plug-in e Centrali refrigeranti\" \/>\n<meta property=\"article:modified_time\" content=\"2025-03-06T08:43:42+00:00\" \/>\n<meta property=\"og:image\" content=\"https:\/\/derigorefrigeration.com\/wp-content\/uploads\/elementor\/thumbs\/united-kingdom-flag-icon-r2ewvxlpms90yuwmr31ap32rw6ld37ir56mlxyijiw.png\" \/>\n<meta name=\"twitter:card\" content=\"summary_large_image\" \/>\n<meta name=\"twitter:label1\" content=\"Gesch\u00e4tzte Lesezeit\" \/>\n\t<meta name=\"twitter:data1\" content=\"3\u00a0Minuten\" \/>\n<script type=\"application\/ld+json\" class=\"yoast-schema-graph\">{\"@context\":\"https:\\\/\\\/schema.org\",\"@graph\":[{\"@type\":\"WebPage\",\"@id\":\"https:\\\/\\\/derigorefrigeration.com\\\/de\\\/disclaimer-email\\\/\",\"url\":\"https:\\\/\\\/derigorefrigeration.com\\\/de\\\/disclaimer-email\\\/\",\"name\":\"DISCLAIMER EMAIL - Costruttori Remoti, celle frigo, Plug-in e Centrali refrigeranti\",\"isPartOf\":{\"@id\":\"https:\\\/\\\/derigorefrigeration.com\\\/de\\\/#website\"},\"primaryImageOfPage\":{\"@id\":\"https:\\\/\\\/derigorefrigeration.com\\\/de\\\/disclaimer-email\\\/#primaryimage\"},\"image\":{\"@id\":\"https:\\\/\\\/derigorefrigeration.com\\\/de\\\/disclaimer-email\\\/#primaryimage\"},\"thumbnailUrl\":\"https:\\\/\\\/derigorefrigeration.com\\\/wp-content\\\/uploads\\\/elementor\\\/thumbs\\\/united-kingdom-flag-icon-r2ewvxlpms90yuwmr31ap32rw6ld37ir56mlxyijiw.png\",\"datePublished\":\"2025-02-26T17:56:35+00:00\",\"dateModified\":\"2025-03-06T08:43:42+00:00\",\"breadcrumb\":{\"@id\":\"https:\\\/\\\/derigorefrigeration.com\\\/de\\\/disclaimer-email\\\/#breadcrumb\"},\"inLanguage\":\"de\",\"potentialAction\":[{\"@type\":\"ReadAction\",\"target\":[\"https:\\\/\\\/derigorefrigeration.com\\\/de\\\/disclaimer-email\\\/\"]}]},{\"@type\":\"ImageObject\",\"inLanguage\":\"de\",\"@id\":\"https:\\\/\\\/derigorefrigeration.com\\\/de\\\/disclaimer-email\\\/#primaryimage\",\"url\":\"https:\\\/\\\/derigorefrigeration.com\\\/wp-content\\\/uploads\\\/elementor\\\/thumbs\\\/united-kingdom-flag-icon-r2ewvxlpms90yuwmr31ap32rw6ld37ir56mlxyijiw.png\",\"contentUrl\":\"https:\\\/\\\/derigorefrigeration.com\\\/wp-content\\\/uploads\\\/elementor\\\/thumbs\\\/united-kingdom-flag-icon-r2ewvxlpms90yuwmr31ap32rw6ld37ir56mlxyijiw.png\"},{\"@type\":\"BreadcrumbList\",\"@id\":\"https:\\\/\\\/derigorefrigeration.com\\\/de\\\/disclaimer-email\\\/#breadcrumb\",\"itemListElement\":[{\"@type\":\"ListItem\",\"position\":1,\"name\":\"Home\",\"item\":\"https:\\\/\\\/derigorefrigeration.com\\\/de\\\/\"},{\"@type\":\"ListItem\",\"position\":2,\"name\":\"DISCLAIMER EMAIL\"}]},{\"@type\":\"WebSite\",\"@id\":\"https:\\\/\\\/derigorefrigeration.com\\\/de\\\/#website\",\"url\":\"https:\\\/\\\/derigorefrigeration.com\\\/de\\\/\",\"name\":\"De Rigo Refrigeration\",\"description\":\"Wir sind seit \u00fcber 50 Jahren Hersteller von Fernbedienungen, Plug-ins, K\u00fchlr\u00e4umen und K\u00fchleinheiten.\",\"publisher\":{\"@id\":\"https:\\\/\\\/derigorefrigeration.com\\\/de\\\/#organization\"},\"alternateName\":\"DRR\",\"potentialAction\":[{\"@type\":\"SearchAction\",\"target\":{\"@type\":\"EntryPoint\",\"urlTemplate\":\"https:\\\/\\\/derigorefrigeration.com\\\/de\\\/?s={search_term_string}\"},\"query-input\":{\"@type\":\"PropertyValueSpecification\",\"valueRequired\":true,\"valueName\":\"search_term_string\"}}],\"inLanguage\":\"de\"},{\"@type\":\"Organization\",\"@id\":\"https:\\\/\\\/derigorefrigeration.com\\\/de\\\/#organization\",\"name\":\"De Rigo Refrigeration\",\"url\":\"https:\\\/\\\/derigorefrigeration.com\\\/de\\\/\",\"logo\":{\"@type\":\"ImageObject\",\"inLanguage\":\"de\",\"@id\":\"https:\\\/\\\/derigorefrigeration.com\\\/de\\\/#\\\/schema\\\/logo\\\/image\\\/\",\"url\":\"https:\\\/\\\/derigorefrigeration.com\\\/wp-content\\\/uploads\\\/2023\\\/11\\\/logo_de_rigo.svg\",\"contentUrl\":\"https:\\\/\\\/derigorefrigeration.com\\\/wp-content\\\/uploads\\\/2023\\\/11\\\/logo_de_rigo.svg\",\"width\":265,\"height\":56,\"caption\":\"De Rigo Refrigeration\"},\"image\":{\"@id\":\"https:\\\/\\\/derigorefrigeration.com\\\/de\\\/#\\\/schema\\\/logo\\\/image\\\/\"}}]}<\/script>\n<!-- \/ Yoast SEO plugin. -->","yoast_head_json":{"title":"DISCLAIMER EMAIL - Costruttori Remoti, celle frigo, Plug-in e Centrali refrigeranti","robots":{"index":"index","follow":"follow","max-snippet":"max-snippet:-1","max-image-preview":"max-image-preview:large","max-video-preview":"max-video-preview:-1"},"canonical":"https:\/\/derigorefrigeration.com\/de\/disclaimer-email\/","og_locale":"de_DE","og_type":"article","og_title":"DISCLAIMER EMAIL - Costruttori Remoti, celle frigo, Plug-in e Centrali refrigeranti","og_description":"Pursuant to EU Regulation 679\/2016 (GDPR), the information contained or attached to this message is directed solely to the Recipient indicated above. In the event of receipt by a different person, any type of distribution or copy or processing of the data contained therein is prohibited. Anyone who receives this communication by mistake is obliged [&hellip;]","og_url":"https:\/\/derigorefrigeration.com\/de\/disclaimer-email\/","og_site_name":"Costruttori Remoti, celle frigo, Plug-in e Centrali refrigeranti","article_modified_time":"2025-03-06T08:43:42+00:00","og_image":[{"url":"https:\/\/derigorefrigeration.com\/wp-content\/uploads\/elementor\/thumbs\/united-kingdom-flag-icon-r2ewvxlpms90yuwmr31ap32rw6ld37ir56mlxyijiw.png","type":"","width":"","height":""}],"twitter_card":"summary_large_image","twitter_misc":{"Gesch\u00e4tzte Lesezeit":"3\u00a0Minuten"},"schema":{"@context":"https:\/\/schema.org","@graph":[{"@type":"WebPage","@id":"https:\/\/derigorefrigeration.com\/de\/disclaimer-email\/","url":"https:\/\/derigorefrigeration.com\/de\/disclaimer-email\/","name":"DISCLAIMER EMAIL - Costruttori Remoti, celle frigo, Plug-in e Centrali refrigeranti","isPartOf":{"@id":"https:\/\/derigorefrigeration.com\/de\/#website"},"primaryImageOfPage":{"@id":"https:\/\/derigorefrigeration.com\/de\/disclaimer-email\/#primaryimage"},"image":{"@id":"https:\/\/derigorefrigeration.com\/de\/disclaimer-email\/#primaryimage"},"thumbnailUrl":"https:\/\/derigorefrigeration.com\/wp-content\/uploads\/elementor\/thumbs\/united-kingdom-flag-icon-r2ewvxlpms90yuwmr31ap32rw6ld37ir56mlxyijiw.png","datePublished":"2025-02-26T17:56:35+00:00","dateModified":"2025-03-06T08:43:42+00:00","breadcrumb":{"@id":"https:\/\/derigorefrigeration.com\/de\/disclaimer-email\/#breadcrumb"},"inLanguage":"de","potentialAction":[{"@type":"ReadAction","target":["https:\/\/derigorefrigeration.com\/de\/disclaimer-email\/"]}]},{"@type":"ImageObject","inLanguage":"de","@id":"https:\/\/derigorefrigeration.com\/de\/disclaimer-email\/#primaryimage","url":"https:\/\/derigorefrigeration.com\/wp-content\/uploads\/elementor\/thumbs\/united-kingdom-flag-icon-r2ewvxlpms90yuwmr31ap32rw6ld37ir56mlxyijiw.png","contentUrl":"https:\/\/derigorefrigeration.com\/wp-content\/uploads\/elementor\/thumbs\/united-kingdom-flag-icon-r2ewvxlpms90yuwmr31ap32rw6ld37ir56mlxyijiw.png"},{"@type":"BreadcrumbList","@id":"https:\/\/derigorefrigeration.com\/de\/disclaimer-email\/#breadcrumb","itemListElement":[{"@type":"ListItem","position":1,"name":"Home","item":"https:\/\/derigorefrigeration.com\/de\/"},{"@type":"ListItem","position":2,"name":"DISCLAIMER EMAIL"}]},{"@type":"WebSite","@id":"https:\/\/derigorefrigeration.com\/de\/#website","url":"https:\/\/derigorefrigeration.com\/de\/","name":"De Rigo Refrigeration","description":"Wir sind seit \u00fcber 50 Jahren Hersteller von Fernbedienungen, Plug-ins, K\u00fchlr\u00e4umen und K\u00fchleinheiten.","publisher":{"@id":"https:\/\/derigorefrigeration.com\/de\/#organization"},"alternateName":"DRR","potentialAction":[{"@type":"SearchAction","target":{"@type":"EntryPoint","urlTemplate":"https:\/\/derigorefrigeration.com\/de\/?s={search_term_string}"},"query-input":{"@type":"PropertyValueSpecification","valueRequired":true,"valueName":"search_term_string"}}],"inLanguage":"de"},{"@type":"Organization","@id":"https:\/\/derigorefrigeration.com\/de\/#organization","name":"De Rigo Refrigeration","url":"https:\/\/derigorefrigeration.com\/de\/","logo":{"@type":"ImageObject","inLanguage":"de","@id":"https:\/\/derigorefrigeration.com\/de\/#\/schema\/logo\/image\/","url":"https:\/\/derigorefrigeration.com\/wp-content\/uploads\/2023\/11\/logo_de_rigo.svg","contentUrl":"https:\/\/derigorefrigeration.com\/wp-content\/uploads\/2023\/11\/logo_de_rigo.svg","width":265,"height":56,"caption":"De Rigo Refrigeration"},"image":{"@id":"https:\/\/derigorefrigeration.com\/de\/#\/schema\/logo\/image\/"}}]}},"_links":{"self":[{"href":"https:\/\/derigorefrigeration.com\/de\/wp-json\/wp\/v2\/pages\/98250","targetHints":{"allow":["GET"]}}],"collection":[{"href":"https:\/\/derigorefrigeration.com\/de\/wp-json\/wp\/v2\/pages"}],"about":[{"href":"https:\/\/derigorefrigeration.com\/de\/wp-json\/wp\/v2\/types\/page"}],"author":[{"embeddable":true,"href":"https:\/\/derigorefrigeration.com\/de\/wp-json\/wp\/v2\/users\/4"}],"replies":[{"embeddable":true,"href":"https:\/\/derigorefrigeration.com\/de\/wp-json\/wp\/v2\/comments?post=98250"}],"version-history":[{"count":38,"href":"https:\/\/derigorefrigeration.com\/de\/wp-json\/wp\/v2\/pages\/98250\/revisions"}],"predecessor-version":[{"id":98459,"href":"https:\/\/derigorefrigeration.com\/de\/wp-json\/wp\/v2\/pages\/98250\/revisions\/98459"}],"wp:attachment":[{"href":"https:\/\/derigorefrigeration.com\/de\/wp-json\/wp\/v2\/media?parent=98250"}],"curies":[{"name":"wp","href":"https:\/\/api.w.org\/{rel}","templated":true}]}}