{"id":98907,"date":"2024-05-23T16:19:28","date_gmt":"2024-05-23T14:19:28","guid":{"rendered":"https:\/\/derigorefrigeration.com\/offene-stellen\/"},"modified":"2025-03-13T16:50:13","modified_gmt":"2025-03-13T15:50:13","slug":"offene-stellen","status":"publish","type":"page","link":"https:\/\/derigorefrigeration.com\/de\/offene-stellen\/","title":{"rendered":"Offene stellen"},"content":{"rendered":"\t\t<div data-elementor-type=\"wp-page\" data-elementor-id=\"98907\" class=\"elementor elementor-98907 elementor-85261\" data-elementor-post-type=\"page\">\n\t\t\t\t<div class=\"elementor-element elementor-element-fb8df6c e-flex e-con-boxed e-con e-parent\" data-id=\"fb8df6c\" data-element_type=\"container\">\n\t\t\t\t\t<div class=\"e-con-inner\">\n\t\t<div class=\"elementor-element elementor-element-c1e6e17 e-flex e-con-boxed elementor-invisible e-con e-child\" data-id=\"c1e6e17\" data-element_type=\"container\" data-settings=\"{&quot;animation&quot;:&quot;fadeIn&quot;}\">\n\t\t\t\t\t<div class=\"e-con-inner\">\n\t\t\t\t<div class=\"elementor-element elementor-element-2de0734 elementor-widget elementor-widget-heading\" data-id=\"2de0734\" data-element_type=\"widget\" data-widget_type=\"heading.default\">\n\t\t\t\t<div class=\"elementor-widget-container\">\n\t\t\t\t\t<h2 class=\"elementor-heading-title elementor-size-default\">Offene stellen<\/h2>\t\t\t\t<\/div>\n\t\t\t\t<\/div>\n\t\t\t\t\t<\/div>\n\t\t\t\t<\/div>\n\t\t<div class=\"elementor-element elementor-element-c73bd7f e-con-full elementor-hidden-mobile e-flex elementor-invisible e-con e-child\" data-id=\"c73bd7f\" data-element_type=\"container\" data-settings=\"{&quot;animation&quot;:&quot;fadeIn&quot;}\">\n\t\t\t\t<div class=\"elementor-element elementor-element-0a9b737 elementor-align-center elementor-widget__width-initial elementor-widget elementor-widget-button\" data-id=\"0a9b737\" data-element_type=\"widget\" data-widget_type=\"button.default\">\n\t\t\t\t<div class=\"elementor-widget-container\">\n\t\t\t\t\t\t\t\t\t<div class=\"elementor-button-wrapper\">\n\t\t\t\t\t<a class=\"elementor-button elementor-button-link elementor-size-sm\" href=\"https:\/\/derigorefrigeration.com\/de\/bewerben\/\">\n\t\t\t\t\t\t<span class=\"elementor-button-content-wrapper\">\n\t\t\t\t\t\t\t\t\t<span class=\"elementor-button-text\">Bewerben<\/span>\n\t\t\t\t\t<\/span>\n\t\t\t\t\t<\/a>\n\t\t\t\t<\/div>\n\t\t\t\t\t\t\t\t<\/div>\n\t\t\t\t<\/div>\n\t\t\t\t<\/div>\n\t\t\t\t\t<\/div>\n\t\t\t\t<\/div>\n\t\t<div class=\"elementor-element elementor-element-f739b62 e-flex e-con-boxed e-con e-parent\" data-id=\"f739b62\" data-element_type=\"container\">\n\t\t\t\t\t<div class=\"e-con-inner\">\n\t\t\t\t<div class=\"elementor-element elementor-element-0dc340b elementor-invisible elementor-widget elementor-widget-shortcode\" data-id=\"0dc340b\" data-element_type=\"widget\" data-settings=\"{&quot;_animation&quot;:&quot;fadeIn&quot;}\" data-widget_type=\"shortcode.default\">\n\t\t\t\t<div class=\"elementor-widget-container\">\n\t\t\t\t\t<h3 class=\"job-position-page-subtitle\">Wir suchen: <\/h3>\t\t<div class=\"elementor-shortcode\"><\/div>\n\t\t\t\t\t\t<\/div>\n\t\t\t\t<\/div>\n\t\t\t\t\t<\/div>\n\t\t\t\t<\/div>\n\t\t<div class=\"elementor-element elementor-element-8e65096 e-flex e-con-boxed e-con e-parent\" data-id=\"8e65096\" data-element_type=\"container\">\n\t\t\t\t\t<div class=\"e-con-inner\">\n\t\t\t\t<div class=\"elementor-element elementor-element-94ea7ae job-positions-tab elementor-invisible elementor-widget elementor-widget-ucaddon_post_tabs\" data-id=\"94ea7ae\" data-element_type=\"widget\" data-settings=\"{&quot;_animation&quot;:&quot;fadeIn&quot;}\" data-widget_type=\"ucaddon_post_tabs.default\">\n\t\t\t\t<div class=\"elementor-widget-container\">\n\t\t\t\t\t\n<!-- start Post Tabs -->\n\t\t<link id='font-awesome-css' href='https:\/\/derigorefrigeration.com\/wp-content\/plugins\/unlimited-elements-for-elementor\/assets_libraries\/font-awesome6\/fontawesome-all.min.css' type='text\/css' rel='stylesheet' >\n\t\t<link id='font-awesome-4-shim-css' href='https:\/\/derigorefrigeration.com\/wp-content\/plugins\/unlimited-elements-for-elementor\/assets_libraries\/font-awesome6\/fontawesome-v4-shims.min.css' type='text\/css' rel='stylesheet' >\n\n<style>\/* widget: Post Tabs *\/\n\n#uc_post_tabs_elementor_94ea7ae \n{ \n  text-align: left; \n  direction: ltr;\n  position: relative;\n  overflow:hidden;\n}\n\n#uc_post_tabs_elementor_94ea7ae * {\n    box-sizing: border-box;\n}\n#uc_post_tabs_elementor_94ea7ae a\n{\n  transition: 0.5s;\n} \n\n#uc_post_tabs_elementor_94ea7ae > ul.ue-tab-btns\n{\n\tmargin:0px;\n\tlist-style:none;\n    display:flex;\n    \n}\n\n#uc_post_tabs_elementor_94ea7ae > ul.ue-tab-btns li\n{\n\tpadding:0px; \n\tmargin:0px;\n           flex:1;\n       text-align:center;\n    \t\n}\n\t\n#uc_post_tabs_elementor_94ea7ae ul.ue-tab-btns li a {\n\t\n\tdisplay:flex;\n    align-items: center;\n    justify-content: center;\n\ttext-decoration:none;\n    transition:0.5s;\n}\n#uc_post_tabs_elementor_94ea7ae .panel-container{\n  overflow:hidden;\n}\n#uc_post_tabs_elementor_94ea7ae .tab-container {\n\tclear:both;\n\toverflow:hidden;\n}\n#uc_post_tabs_elementor_94ea7ae .ue_post_tabs_container{\n  display:flex;\n}\n#uc_post_tabs_elementor_94ea7ae .ue_post_tab_content{\n  flex-grow:1;\n}\n\n#uc_post_tabs_elementor_94ea7ae .ue_post_image\n{\n  flex-grow:0;\n  flex-shrink:0;\n  overflow:hidden;\n}\n#uc_post_tabs_elementor_94ea7ae .ue_post_image img\n{\n  display:block;\n  width:100%;\n}\n\n#uc_post_tabs_elementor_94ea7ae .ue_post_link\n{\n  display:inline-block;\n  text-decoration:none;\n}\n\n.uc_bold_tabs .panes{ display:none;}\n.r-tabs .r-tabs-tab {\n    display: block;\n    margin: 0;\n    list-style: none;\n}\n\n.r-tabs .r-tabs-panel {\n    padding: 0;\n    display: none;\n}\n\n.r-tabs .r-tabs-accordion-title {\n    display: none;\n}\n\n.r-tabs .r-tabs-panel.r-tabs-state-active {\n    display: block;\n}\n    \n\n  #uc_post_tabs_elementor_94ea7ae > ul.tabs{\n      justify-content:center;\n      flex-wrap: wrap;\n  }\n\n\n@media only screen and (max-width: 767px)\n{\n #uc_post_tabs_elementor_94ea7ae ul.tabs {display:flex;}\n .r-tabs .r-tabs-nav { display: none;}\n\n    .r-tabs .r-tabs-accordion-title { \n      display: none;\n    }\n\t.r-tabs-anchor{ \n      display:block; \n      overflow:hidden; \n    }\n}\n\n  \n\n\n\n\n\n#uc_post_tabs_elementor_94ea7ae .ue-meta-data\n{\n  \n  display:flex;\n\n  flex-wrap: wrap;\n  line-height:1em;\n}\n\n#uc_post_tabs_elementor_94ea7ae .ue-grid-item-meta-data\n{\n      display:inline-flex;\n      align-items:center;\n      justify-content: flex-start;           }\n\n#uc_post_tabs_elementor_94ea7ae .ue-grid-item-meta-data a{\n  color:inherit;\n}\n\n.ue-grid-item-meta-data\n{\n  font-size:12px;\n}\n\n#uc_post_tabs_elementor_94ea7ae .ue-grid-item-meta-data-icon\n{\n  line-height:1em;\n}\n\n#uc_post_tabs_elementor_94ea7ae .ue-grid-item-meta-data-icon svg\n{\n  width:1em;\n  height:1em;\n}\n\n#uc_post_tabs_elementor_94ea7ae .ue-debug-meta\n{\n  padding:10px;\n  border:1px solid red;\n  position:relative;\n  line-height:1.5em;\n  font-size:11px;\n  width:100%;\n}\n\n\n\n@media only screen and (max-width: 1024px){\n  \n #uc_post_tabs_elementor_94ea7ae > ul.tabs {display:none;}\n #uc_post_tabs_elementor_94ea7ae.r-tabs .r-tabs-nav { display: none;}\n\n #uc_post_tabs_elementor_94ea7ae.r-tabs .r-tabs-accordion-title { display: block;}\n #uc_post_tabs_elementor_94ea7ae .r-tabs-anchor{ \n      display:flex;\n      align-items:center;\n      overflow:hidden; \n   \t  justify-content: space-between;\n }\n  \n #uc_post_tabs_elementor_94ea7ae .uc-tabs-accordion-title{\n     flex-grow:1;\n }\n  \n #uc_post_tabs_elementor_94ea7ae .r-tabs-accordion-title .uc-accordion-icon-collapse{\n    display:none;    \n }\n  \n #uc_post_tabs_elementor_94ea7ae .r-tabs-accordion-title.r-tabs-state-active .uc-accordion-icon-collapse{\n    display:block;\n }\n  \n #uc_post_tabs_elementor_94ea7ae .r-tabs-accordion-title.r-tabs-state-active .uc-accordion-icon-expand{\n    display:none;\n }\n  \n #uc_post_tabs_elementor_94ea7ae .ue-item-content-layout{\n    display:flex;\n    flex-direction:column;\n }\n\n #uc_post_tabs_elementor_94ea7ae .ue-item-image-wrapper{\n \twidth:100%;\n }\n\n #uc_post_tabs_elementor_94ea7ae .uc-tabs-accordion-title{\n    display:flex;\n    align-items:center;\n }\n\n #uc_post_tabs_elementor_94ea7ae .panel-container{\n   width:100%;\n }   \n  \n}\n\n\n\n\n<\/style>\n\n<div class=\"uc_bold_tabs ue_post_tabs    uc-dynamic-popup-grid\" id=\"uc_post_tabs_elementor_94ea7ae\" data-scrolltohead=\"off\" data-close-active=\"false\"  >\n    \t<ul class=\"tabs uc-items-wrapper ue-tab-btns\">\n        \t<li>\n  <a href=\"#btss-1uc_post_tabs_elementor_94ea7ae\">\n        Customer Service Specialist                  <\/a>\n<\/li>\n\n        <\/ul>\n        <div class=\"panel-container uc-items-wrapper2\">\n\t\t\t<div id=\"btss-1uc_post_tabs_elementor_94ea7ae\" class=\"tab-container panes\" >\n  <div class=\"ue_post_tabs_container\">\n        <div class=\"ue_post_tab_content\">\n                  \n      \n      \n      \t\t  \n      \t  <div class=\"ue-meta-data\">\n                                    \n        \n\t\t\t\n                        \t \n          \t\t\n            \t\t\t\t\t\n\t\t\t\t\t\t\t\t\t<div class=\"ue-grid-item-meta-data\"><span class=\"ue-grid-item-meta-data-icon\"><i class=''><\/i><\/span> Customer Service Specialist <\/div>\n            \t\t\t\t\t\n                        \n                        \t \n          \t\t\n            \t\t\t\t\t\n            \t            \t\t<div class=\"ue-grid-item-meta-data\"><span class=\"ue-grid-item-meta-data-icon\"><i class=''><\/i><\/span> <p style=\"font-weight: 400\">Per il dipartimento Service cerchiamo una\/un\u00a0<strong>Customer Service Specialist.\u00a0<\/strong>La figura si occuper\u00e0 principalmente di attivit\u00e0 di backoffice con prevalente assistenza via telefono, o via e-mail, al call center di De Rigo Refrigeration Service per supporto a frigoristi e clienti. Tra le sue principali mansioni anche quella di dare assistenza ai clienti sulle richieste di supporto sui banchi di nostra produzione. La posizione richiede efficaci doti comunicative, organizzazione autonoma del lavoro, capacit\u00e0 di negoziazione e problem solving oltre alla propensione al lavoro in team.<\/p>\n<p style=\"font-weight: 400\"><strong>Principali attivit\u00e0 e responsabilit\u00e0:<\/strong><\/p>\n<ul style=\"font-weight: 400\">\n<li style=\"list-style-type: none\">\n<ul style=\"font-weight: 400\">\n<li>Gestione delle richieste di supporto e di informazione da parte dei clienti<\/li>\n<li>Controllo delle scadenze contratti ed invio promemoria di rinnovo ai clienti<\/li>\n<li>Gestione delle segnalazioni post-interventi ed invio preventivi al cliente<\/li>\n<li>Sollecito fornitori e negoziazione<\/li>\n<li>Aggiornamento clienti su situazione interventi<\/li>\n<li>Pianificazione manutenzioni ordinarie<\/li>\n<\/ul>\n<p style=\"font-weight: 400\">Il Customer Service Specialist, lavorando in ampia autonomia, risponder\u00e0 nell\u2019espletamento delle sue mansioni al Service Area Manager di riferimento.<\/p>\n<p style=\"font-weight: 400\"><strong>Tra le qualifiche si richiede:<\/strong><\/p>\n<ul style=\"font-weight: 400\">\n<li>Esperienza triennale in un ruolo similare in area Customer Service<\/li>\n<li>Ottime capacit\u00e0 di relazionarsi con clienti e fornitori tramite telefono\/email<\/li>\n<li>Buone conoscenza del pacchetto Office (Word, Excel, PowerPoint) e utilizzo di server di posta (Outlook)<\/li>\n<li>Capacit\u00e0 di lavorare sotto pressione e disponibilit\u00e0 a lavoro straordinario<\/li>\n<\/ul>\n<p style=\"font-weight: 400\"><strong>Formazione:<\/strong><\/p>\n<ul style=\"font-weight: 400\">\n<li>Diploma di istituto tecnico<\/li>\n<li>Inglese: Intermediate.<\/li>\n<li>Gradita la conoscenza di un \u2018altra lingua (francese, tedesco)<\/li>\n<\/ul>\n<p style=\"font-weight: 400\"><strong>Sede di lavoro:<\/strong><\/p>\n<p style=\"font-weight: 400\">Sedico \u2013 Belluno<\/p>\n <\/div>\n            \t            \t\n                        \n                        \n                        \n            \t\t\t\n              \n            \n          <\/div>\n\n      \n                  <div><a class=\"ue_post_link popup_job_position_trigger  uc-open-popup\" data-job=\"Customer Service Specialist\" href=\"https:\/\/derigorefrigeration.com\/de\/job-position\/customer-service-specialist\/\" target=\"_self\"  href='javascrpit:void(0)' data-post-link='https:\/\/derigorefrigeration.com\/de\/job-position\/customer-service-specialist\/' data-postid='102035' >Inoltra candidatura<\/a><\/div>    <\/div>\n  <\/div> \n<\/div>\n\n        <\/div>\n\n    <div class=\"uc-accordion-contents-template\" style=\"display:none\">\n      <div class=\"uc-accordion-icon\">\n        <span class=\"uc-accordion-icon-expand\"><i class='fas fa-plus'><\/i><\/span>\n        <span class=\"uc-accordion-icon-collapse\"><i class='fas fa-minus'><\/i><\/span>\n      <\/div>\n    <\/div>\n\n<\/div>\n<!-- end Post Tabs -->\t\t\t\t<\/div>\n\t\t\t\t<\/div>\n\t\t<div class=\"elementor-element elementor-element-f5f6d7e e-con-full elementor-hidden-desktop elementor-hidden-laptop elementor-hidden-tablet e-flex elementor-invisible e-con e-child\" data-id=\"f5f6d7e\" data-element_type=\"container\" data-settings=\"{&quot;animation&quot;:&quot;fadeIn&quot;}\">\n\t\t\t\t<div class=\"elementor-element elementor-element-bdf8977 elementor-align-center elementor-widget__width-initial elementor-widget elementor-widget-button\" data-id=\"bdf8977\" data-element_type=\"widget\" data-widget_type=\"button.default\">\n\t\t\t\t<div class=\"elementor-widget-container\">\n\t\t\t\t\t\t\t\t\t<div class=\"elementor-button-wrapper\">\n\t\t\t\t\t<a class=\"elementor-button elementor-button-link elementor-size-sm\" href=\"https:\/\/derigorefrigeration.com\/de\/bewerben\/\">\n\t\t\t\t\t\t<span class=\"elementor-button-content-wrapper\">\n\t\t\t\t\t\t\t\t\t<span class=\"elementor-button-text\">Bewerben<\/span>\n\t\t\t\t\t<\/span>\n\t\t\t\t\t<\/a>\n\t\t\t\t<\/div>\n\t\t\t\t\t\t\t\t<\/div>\n\t\t\t\t<\/div>\n\t\t\t\t<\/div>\n\t\t\t\t\t<\/div>\n\t\t\t\t<\/div>\n\t\t\t\t<\/div>\n\t\t","protected":false},"excerpt":{"rendered":"<p>Offene stellen Bewerben Bewerben<\/p>\n","protected":false},"author":1,"featured_media":0,"parent":0,"menu_order":0,"comment_status":"closed","ping_status":"closed","template":"","meta":{"_acf_changed":false,"footnotes":""},"class_list":["post-98907","page","type-page","status-publish","hentry"],"acf":[],"yoast_head":"<!-- This site is optimized with the Yoast SEO plugin v26.3 - https:\/\/yoast.com\/wordpress\/plugins\/seo\/ -->\n<title>Offene stellen - Costruttori Remoti, celle frigo, Plug-in e Centrali refrigeranti<\/title>\n<meta name=\"robots\" content=\"index, follow, max-snippet:-1, max-image-preview:large, max-video-preview:-1\" \/>\n<link rel=\"canonical\" href=\"https:\/\/derigorefrigeration.com\/de\/offene-stellen\/\" \/>\n<meta property=\"og:locale\" content=\"de_DE\" \/>\n<meta property=\"og:type\" content=\"article\" \/>\n<meta property=\"og:title\" content=\"Offene stellen - Costruttori Remoti, celle frigo, Plug-in e Centrali refrigeranti\" \/>\n<meta property=\"og:description\" content=\"Offene stellen Bewerben Bewerben\" \/>\n<meta property=\"og:url\" content=\"https:\/\/derigorefrigeration.com\/de\/offene-stellen\/\" \/>\n<meta property=\"og:site_name\" content=\"Costruttori Remoti, celle frigo, Plug-in e Centrali refrigeranti\" \/>\n<meta property=\"article:modified_time\" content=\"2025-03-13T15:50:13+00:00\" \/>\n<meta property=\"og:image\" content=\"https:\/\/derigorefrigeration.com\/wp-content\/uploads\/2025\/03\/de-rigo-refrigeration_step1-1-1.jpg\" \/>\n\t<meta property=\"og:image:width\" content=\"1054\" \/>\n\t<meta property=\"og:image:height\" content=\"509\" \/>\n\t<meta property=\"og:image:type\" content=\"image\/jpeg\" \/>\n<meta name=\"twitter:card\" content=\"summary_large_image\" \/>\n<script type=\"application\/ld+json\" class=\"yoast-schema-graph\">{\"@context\":\"https:\/\/schema.org\",\"@graph\":[{\"@type\":\"WebPage\",\"@id\":\"https:\/\/derigorefrigeration.com\/de\/offene-stellen\/\",\"url\":\"https:\/\/derigorefrigeration.com\/de\/offene-stellen\/\",\"name\":\"Offene stellen - Costruttori Remoti, celle frigo, Plug-in e Centrali refrigeranti\",\"isPartOf\":{\"@id\":\"https:\/\/derigorefrigeration.com\/de\/#website\"},\"datePublished\":\"2024-05-23T14:19:28+00:00\",\"dateModified\":\"2025-03-13T15:50:13+00:00\",\"breadcrumb\":{\"@id\":\"https:\/\/derigorefrigeration.com\/de\/offene-stellen\/#breadcrumb\"},\"inLanguage\":\"de\",\"potentialAction\":[{\"@type\":\"ReadAction\",\"target\":[\"https:\/\/derigorefrigeration.com\/de\/offene-stellen\/\"]}]},{\"@type\":\"BreadcrumbList\",\"@id\":\"https:\/\/derigorefrigeration.com\/de\/offene-stellen\/#breadcrumb\",\"itemListElement\":[{\"@type\":\"ListItem\",\"position\":1,\"name\":\"Home\",\"item\":\"https:\/\/derigorefrigeration.com\/de\/\"},{\"@type\":\"ListItem\",\"position\":2,\"name\":\"Offene stellen\"}]},{\"@type\":\"WebSite\",\"@id\":\"https:\/\/derigorefrigeration.com\/de\/#website\",\"url\":\"https:\/\/derigorefrigeration.com\/de\/\",\"name\":\"De Rigo Refrigeration\",\"description\":\"Wir sind seit \u00fcber 50 Jahren Hersteller von Fernbedienungen, Plug-ins, K\u00fchlr\u00e4umen und K\u00fchleinheiten.\",\"publisher\":{\"@id\":\"https:\/\/derigorefrigeration.com\/de\/#organization\"},\"alternateName\":\"DRR\",\"potentialAction\":[{\"@type\":\"SearchAction\",\"target\":{\"@type\":\"EntryPoint\",\"urlTemplate\":\"https:\/\/derigorefrigeration.com\/de\/?s={search_term_string}\"},\"query-input\":{\"@type\":\"PropertyValueSpecification\",\"valueRequired\":true,\"valueName\":\"search_term_string\"}}],\"inLanguage\":\"de\"},{\"@type\":\"Organization\",\"@id\":\"https:\/\/derigorefrigeration.com\/de\/#organization\",\"name\":\"De Rigo Refrigeration\",\"url\":\"https:\/\/derigorefrigeration.com\/de\/\",\"logo\":{\"@type\":\"ImageObject\",\"inLanguage\":\"de\",\"@id\":\"https:\/\/derigorefrigeration.com\/de\/#\/schema\/logo\/image\/\",\"url\":\"https:\/\/derigorefrigeration.com\/wp-content\/uploads\/2023\/11\/logo_de_rigo.svg\",\"contentUrl\":\"https:\/\/derigorefrigeration.com\/wp-content\/uploads\/2023\/11\/logo_de_rigo.svg\",\"width\":265,\"height\":56,\"caption\":\"De Rigo Refrigeration\"},\"image\":{\"@id\":\"https:\/\/derigorefrigeration.com\/de\/#\/schema\/logo\/image\/\"}}]}<\/script>\n<!-- \/ Yoast SEO plugin. -->","yoast_head_json":{"title":"Offene stellen - Costruttori Remoti, celle frigo, Plug-in e Centrali refrigeranti","robots":{"index":"index","follow":"follow","max-snippet":"max-snippet:-1","max-image-preview":"max-image-preview:large","max-video-preview":"max-video-preview:-1"},"canonical":"https:\/\/derigorefrigeration.com\/de\/offene-stellen\/","og_locale":"de_DE","og_type":"article","og_title":"Offene stellen - Costruttori Remoti, celle frigo, Plug-in e Centrali refrigeranti","og_description":"Offene stellen Bewerben Bewerben","og_url":"https:\/\/derigorefrigeration.com\/de\/offene-stellen\/","og_site_name":"Costruttori Remoti, celle frigo, Plug-in e Centrali refrigeranti","article_modified_time":"2025-03-13T15:50:13+00:00","og_image":[{"width":1054,"height":509,"url":"https:\/\/derigorefrigeration.com\/wp-content\/uploads\/2025\/03\/de-rigo-refrigeration_step1-1-1.jpg","type":"image\/jpeg"}],"twitter_card":"summary_large_image","schema":{"@context":"https:\/\/schema.org","@graph":[{"@type":"WebPage","@id":"https:\/\/derigorefrigeration.com\/de\/offene-stellen\/","url":"https:\/\/derigorefrigeration.com\/de\/offene-stellen\/","name":"Offene stellen - Costruttori Remoti, celle frigo, Plug-in e Centrali refrigeranti","isPartOf":{"@id":"https:\/\/derigorefrigeration.com\/de\/#website"},"datePublished":"2024-05-23T14:19:28+00:00","dateModified":"2025-03-13T15:50:13+00:00","breadcrumb":{"@id":"https:\/\/derigorefrigeration.com\/de\/offene-stellen\/#breadcrumb"},"inLanguage":"de","potentialAction":[{"@type":"ReadAction","target":["https:\/\/derigorefrigeration.com\/de\/offene-stellen\/"]}]},{"@type":"BreadcrumbList","@id":"https:\/\/derigorefrigeration.com\/de\/offene-stellen\/#breadcrumb","itemListElement":[{"@type":"ListItem","position":1,"name":"Home","item":"https:\/\/derigorefrigeration.com\/de\/"},{"@type":"ListItem","position":2,"name":"Offene stellen"}]},{"@type":"WebSite","@id":"https:\/\/derigorefrigeration.com\/de\/#website","url":"https:\/\/derigorefrigeration.com\/de\/","name":"De Rigo Refrigeration","description":"Wir sind seit \u00fcber 50 Jahren Hersteller von Fernbedienungen, Plug-ins, K\u00fchlr\u00e4umen und K\u00fchleinheiten.","publisher":{"@id":"https:\/\/derigorefrigeration.com\/de\/#organization"},"alternateName":"DRR","potentialAction":[{"@type":"SearchAction","target":{"@type":"EntryPoint","urlTemplate":"https:\/\/derigorefrigeration.com\/de\/?s={search_term_string}"},"query-input":{"@type":"PropertyValueSpecification","valueRequired":true,"valueName":"search_term_string"}}],"inLanguage":"de"},{"@type":"Organization","@id":"https:\/\/derigorefrigeration.com\/de\/#organization","name":"De Rigo Refrigeration","url":"https:\/\/derigorefrigeration.com\/de\/","logo":{"@type":"ImageObject","inLanguage":"de","@id":"https:\/\/derigorefrigeration.com\/de\/#\/schema\/logo\/image\/","url":"https:\/\/derigorefrigeration.com\/wp-content\/uploads\/2023\/11\/logo_de_rigo.svg","contentUrl":"https:\/\/derigorefrigeration.com\/wp-content\/uploads\/2023\/11\/logo_de_rigo.svg","width":265,"height":56,"caption":"De Rigo Refrigeration"},"image":{"@id":"https:\/\/derigorefrigeration.com\/de\/#\/schema\/logo\/image\/"}}]}},"_links":{"self":[{"href":"https:\/\/derigorefrigeration.com\/de\/wp-json\/wp\/v2\/pages\/98907","targetHints":{"allow":["GET"]}}],"collection":[{"href":"https:\/\/derigorefrigeration.com\/de\/wp-json\/wp\/v2\/pages"}],"about":[{"href":"https:\/\/derigorefrigeration.com\/de\/wp-json\/wp\/v2\/types\/page"}],"author":[{"embeddable":true,"href":"https:\/\/derigorefrigeration.com\/de\/wp-json\/wp\/v2\/users\/1"}],"replies":[{"embeddable":true,"href":"https:\/\/derigorefrigeration.com\/de\/wp-json\/wp\/v2\/comments?post=98907"}],"version-history":[{"count":5,"href":"https:\/\/derigorefrigeration.com\/de\/wp-json\/wp\/v2\/pages\/98907\/revisions"}],"predecessor-version":[{"id":98912,"href":"https:\/\/derigorefrigeration.com\/de\/wp-json\/wp\/v2\/pages\/98907\/revisions\/98912"}],"wp:attachment":[{"href":"https:\/\/derigorefrigeration.com\/de\/wp-json\/wp\/v2\/media?parent=98907"}],"curies":[{"name":"wp","href":"https:\/\/api.w.org\/{rel}","templated":true}]}}