{"id":99692,"date":"2025-03-20T15:10:20","date_gmt":"2025-03-20T14:10:20","guid":{"rendered":"https:\/\/derigorefrigeration.com\/?page_id=99692"},"modified":"2025-03-20T15:10:42","modified_gmt":"2025-03-20T14:10:42","slug":"password-reset","status":"publish","type":"page","link":"https:\/\/derigorefrigeration.com\/de\/password-reset\/","title":{"rendered":"Reset Password"},"content":{"rendered":"","protected":false},"excerpt":{"rendered":"","protected":false},"author":1,"featured_media":0,"parent":0,"menu_order":0,"comment_status":"closed","ping_status":"closed","template":"password-reset.php","meta":{"_acf_changed":false,"footnotes":""},"class_list":["post-99692","page","type-page","status-publish","hentry"],"acf":[],"yoast_head":"<!-- This site is optimized with the Yoast SEO plugin v27.3 - https:\/\/yoast.com\/product\/yoast-seo-wordpress\/ -->\n<title>Reset Password - Costruttori Remoti, celle frigo, Plug-in e Centrali refrigeranti<\/title>\n<meta name=\"robots\" content=\"index, follow, max-snippet:-1, max-image-preview:large, max-video-preview:-1\" \/>\n<link rel=\"canonical\" href=\"https:\/\/derigorefrigeration.com\/de\/password-reset\/\" \/>\n<meta property=\"og:locale\" content=\"de_DE\" \/>\n<meta property=\"og:type\" content=\"article\" \/>\n<meta property=\"og:title\" content=\"Reset Password - Costruttori Remoti, celle frigo, Plug-in e Centrali refrigeranti\" \/>\n<meta property=\"og:url\" content=\"https:\/\/derigorefrigeration.com\/de\/password-reset\/\" \/>\n<meta property=\"og:site_name\" content=\"Costruttori Remoti, celle frigo, Plug-in e Centrali refrigeranti\" \/>\n<meta property=\"article:modified_time\" content=\"2025-03-20T14:10:42+00:00\" \/>\n<meta property=\"og:image\" content=\"https:\/\/derigorefrigeration.com\/wp-content\/uploads\/2025\/03\/de-rigo-refrigeration_step1-1-1.jpg\" \/>\n\t<meta property=\"og:image:width\" content=\"1054\" \/>\n\t<meta property=\"og:image:height\" content=\"509\" \/>\n\t<meta property=\"og:image:type\" content=\"image\/jpeg\" \/>\n<meta name=\"twitter:card\" content=\"summary_large_image\" \/>\n<script type=\"application\/ld+json\" class=\"yoast-schema-graph\">{\"@context\":\"https:\\\/\\\/schema.org\",\"@graph\":[{\"@type\":\"WebPage\",\"@id\":\"https:\\\/\\\/derigorefrigeration.com\\\/de\\\/password-reset\\\/\",\"url\":\"https:\\\/\\\/derigorefrigeration.com\\\/de\\\/password-reset\\\/\",\"name\":\"Reset Password - Costruttori Remoti, celle frigo, Plug-in e Centrali refrigeranti\",\"isPartOf\":{\"@id\":\"https:\\\/\\\/derigorefrigeration.com\\\/de\\\/#website\"},\"datePublished\":\"2025-03-20T14:10:20+00:00\",\"dateModified\":\"2025-03-20T14:10:42+00:00\",\"breadcrumb\":{\"@id\":\"https:\\\/\\\/derigorefrigeration.com\\\/de\\\/password-reset\\\/#breadcrumb\"},\"inLanguage\":\"de\",\"potentialAction\":[{\"@type\":\"ReadAction\",\"target\":[\"https:\\\/\\\/derigorefrigeration.com\\\/de\\\/password-reset\\\/\"]}]},{\"@type\":\"BreadcrumbList\",\"@id\":\"https:\\\/\\\/derigorefrigeration.com\\\/de\\\/password-reset\\\/#breadcrumb\",\"itemListElement\":[{\"@type\":\"ListItem\",\"position\":1,\"name\":\"Home\",\"item\":\"https:\\\/\\\/derigorefrigeration.com\\\/de\\\/\"},{\"@type\":\"ListItem\",\"position\":2,\"name\":\"Reset Password\"}]},{\"@type\":\"WebSite\",\"@id\":\"https:\\\/\\\/derigorefrigeration.com\\\/de\\\/#website\",\"url\":\"https:\\\/\\\/derigorefrigeration.com\\\/de\\\/\",\"name\":\"De Rigo Refrigeration\",\"description\":\"Wir sind seit \u00fcber 50 Jahren Hersteller von Fernbedienungen, Plug-ins, K\u00fchlr\u00e4umen und K\u00fchleinheiten.\",\"publisher\":{\"@id\":\"https:\\\/\\\/derigorefrigeration.com\\\/de\\\/#organization\"},\"alternateName\":\"DRR\",\"potentialAction\":[{\"@type\":\"SearchAction\",\"target\":{\"@type\":\"EntryPoint\",\"urlTemplate\":\"https:\\\/\\\/derigorefrigeration.com\\\/de\\\/?s={search_term_string}\"},\"query-input\":{\"@type\":\"PropertyValueSpecification\",\"valueRequired\":true,\"valueName\":\"search_term_string\"}}],\"inLanguage\":\"de\"},{\"@type\":\"Organization\",\"@id\":\"https:\\\/\\\/derigorefrigeration.com\\\/de\\\/#organization\",\"name\":\"De Rigo Refrigeration\",\"url\":\"https:\\\/\\\/derigorefrigeration.com\\\/de\\\/\",\"logo\":{\"@type\":\"ImageObject\",\"inLanguage\":\"de\",\"@id\":\"https:\\\/\\\/derigorefrigeration.com\\\/de\\\/#\\\/schema\\\/logo\\\/image\\\/\",\"url\":\"https:\\\/\\\/derigorefrigeration.com\\\/wp-content\\\/uploads\\\/2023\\\/11\\\/logo_de_rigo.svg\",\"contentUrl\":\"https:\\\/\\\/derigorefrigeration.com\\\/wp-content\\\/uploads\\\/2023\\\/11\\\/logo_de_rigo.svg\",\"width\":265,\"height\":56,\"caption\":\"De Rigo Refrigeration\"},\"image\":{\"@id\":\"https:\\\/\\\/derigorefrigeration.com\\\/de\\\/#\\\/schema\\\/logo\\\/image\\\/\"}}]}<\/script>\n<!-- \/ Yoast SEO plugin. -->","yoast_head_json":{"title":"Reset Password - Costruttori Remoti, celle frigo, Plug-in e Centrali refrigeranti","robots":{"index":"index","follow":"follow","max-snippet":"max-snippet:-1","max-image-preview":"max-image-preview:large","max-video-preview":"max-video-preview:-1"},"canonical":"https:\/\/derigorefrigeration.com\/de\/password-reset\/","og_locale":"de_DE","og_type":"article","og_title":"Reset Password - Costruttori Remoti, celle frigo, Plug-in e Centrali refrigeranti","og_url":"https:\/\/derigorefrigeration.com\/de\/password-reset\/","og_site_name":"Costruttori Remoti, celle frigo, Plug-in e Centrali refrigeranti","article_modified_time":"2025-03-20T14:10:42+00:00","og_image":[{"width":1054,"height":509,"url":"https:\/\/derigorefrigeration.com\/wp-content\/uploads\/2025\/03\/de-rigo-refrigeration_step1-1-1.jpg","type":"image\/jpeg"}],"twitter_card":"summary_large_image","schema":{"@context":"https:\/\/schema.org","@graph":[{"@type":"WebPage","@id":"https:\/\/derigorefrigeration.com\/de\/password-reset\/","url":"https:\/\/derigorefrigeration.com\/de\/password-reset\/","name":"Reset Password - Costruttori Remoti, celle frigo, Plug-in e Centrali refrigeranti","isPartOf":{"@id":"https:\/\/derigorefrigeration.com\/de\/#website"},"datePublished":"2025-03-20T14:10:20+00:00","dateModified":"2025-03-20T14:10:42+00:00","breadcrumb":{"@id":"https:\/\/derigorefrigeration.com\/de\/password-reset\/#breadcrumb"},"inLanguage":"de","potentialAction":[{"@type":"ReadAction","target":["https:\/\/derigorefrigeration.com\/de\/password-reset\/"]}]},{"@type":"BreadcrumbList","@id":"https:\/\/derigorefrigeration.com\/de\/password-reset\/#breadcrumb","itemListElement":[{"@type":"ListItem","position":1,"name":"Home","item":"https:\/\/derigorefrigeration.com\/de\/"},{"@type":"ListItem","position":2,"name":"Reset Password"}]},{"@type":"WebSite","@id":"https:\/\/derigorefrigeration.com\/de\/#website","url":"https:\/\/derigorefrigeration.com\/de\/","name":"De Rigo Refrigeration","description":"Wir sind seit \u00fcber 50 Jahren Hersteller von Fernbedienungen, Plug-ins, K\u00fchlr\u00e4umen und K\u00fchleinheiten.","publisher":{"@id":"https:\/\/derigorefrigeration.com\/de\/#organization"},"alternateName":"DRR","potentialAction":[{"@type":"SearchAction","target":{"@type":"EntryPoint","urlTemplate":"https:\/\/derigorefrigeration.com\/de\/?s={search_term_string}"},"query-input":{"@type":"PropertyValueSpecification","valueRequired":true,"valueName":"search_term_string"}}],"inLanguage":"de"},{"@type":"Organization","@id":"https:\/\/derigorefrigeration.com\/de\/#organization","name":"De Rigo Refrigeration","url":"https:\/\/derigorefrigeration.com\/de\/","logo":{"@type":"ImageObject","inLanguage":"de","@id":"https:\/\/derigorefrigeration.com\/de\/#\/schema\/logo\/image\/","url":"https:\/\/derigorefrigeration.com\/wp-content\/uploads\/2023\/11\/logo_de_rigo.svg","contentUrl":"https:\/\/derigorefrigeration.com\/wp-content\/uploads\/2023\/11\/logo_de_rigo.svg","width":265,"height":56,"caption":"De Rigo Refrigeration"},"image":{"@id":"https:\/\/derigorefrigeration.com\/de\/#\/schema\/logo\/image\/"}}]}},"_links":{"self":[{"href":"https:\/\/derigorefrigeration.com\/de\/wp-json\/wp\/v2\/pages\/99692","targetHints":{"allow":["GET"]}}],"collection":[{"href":"https:\/\/derigorefrigeration.com\/de\/wp-json\/wp\/v2\/pages"}],"about":[{"href":"https:\/\/derigorefrigeration.com\/de\/wp-json\/wp\/v2\/types\/page"}],"author":[{"embeddable":true,"href":"https:\/\/derigorefrigeration.com\/de\/wp-json\/wp\/v2\/users\/1"}],"replies":[{"embeddable":true,"href":"https:\/\/derigorefrigeration.com\/de\/wp-json\/wp\/v2\/comments?post=99692"}],"version-history":[{"count":1,"href":"https:\/\/derigorefrigeration.com\/de\/wp-json\/wp\/v2\/pages\/99692\/revisions"}],"predecessor-version":[{"id":99693,"href":"https:\/\/derigorefrigeration.com\/de\/wp-json\/wp\/v2\/pages\/99692\/revisions\/99693"}],"wp:attachment":[{"href":"https:\/\/derigorefrigeration.com\/de\/wp-json\/wp\/v2\/media?parent=99692"}],"curies":[{"name":"wp","href":"https:\/\/api.w.org\/{rel}","templated":true}]}}