{"id":100001,"date":"2024-01-17T15:57:35","date_gmt":"2024-01-17T14:57:35","guid":{"rendered":"https:\/\/derigorefrigeration.com\/whistleblowing\/"},"modified":"2025-03-21T15:40:28","modified_gmt":"2025-03-21T14:40:28","slug":"whistleblowing","status":"publish","type":"page","link":"https:\/\/derigorefrigeration.com\/es\/whistleblowing\/","title":{"rendered":"Whistleblowing"},"content":{"rendered":"\n<p>DE RIGO REFRIGERATION fomenta y promueve una cultura inspirada en la legalidad, la \u00e9tica y la transparencia.<br>Por ello, la Sociedad ha decidido poner en marcha una plataforma inform\u00e1tica para que los miembros de los \u00f3rganos sociales, as\u00ed como sus empleados, colaboradores, proveedores y clientes, tengan la oportunidad de comunicar cualquier irregularidad de la que hayan tenido conocimiento y que pueda causar da\u00f1os o perjuicios a la Sociedad o a terceros.<br>Todas las denuncias se tratan con la m\u00e1xima discreci\u00f3n y confidencialidad para proteger al denunciante de cualquier riesgo de ser objeto de represalias o actos discriminatorios en su entorno laboral.<br>Adem\u00e1s, los datos personales adquiridos se procesan respetando plenamente el Reglamento (UE) 2016\/679 y el C\u00f3digo de Privacidad.<\/p>\n\n\n\n<h3 class=\"wp-block-heading\">\u00bfC\u00d3MO SE PUEDE PRESENTAR UNA DENUNCIA?<\/h3>\n\n\n\n<p>Se puede enviar una denuncia, de forma escrita u oral, a trav\u00e9s de la plataforma accesible directamente desde la p\u00e1gina web de DE RIGO REFRIGERATION (derigorefrigeration.com) en el siguiente enlace&nbsp;<a href=\"https:\/\/derigorefrigeration.integrityline.com\/\" target=\"_blank\" rel=\"noreferrer noopener\">https:\/\/derigorefrigeration.integrityline.com\/<\/a><\/p>\n\n\n\n<p>El denunciante debe facilitar toda la informaci\u00f3n posible sobre el incidente (siguiendo tambi\u00e9n las instrucciones facilitadas por la plataforma), procurando describir detalladamente los hechos que se van a denunciar.<br>El denunciante tambi\u00e9n puede indicar otras personas que puedan informar sobre el incidente y adjuntar archivos o documentos que apoyen la denuncia.<\/p>\n\n\n\n<h3 class=\"wp-block-heading\">\u00bfQUI\u00c9N PUEDE PRESENTAR UNA DENUNCIA?<\/h3>\n\n\n\n<p>Adem\u00e1s de los administradores y miembros de los \u00f3rganos sociales, podr\u00e1n formular denuncia los empleados o colaboradores de la Sociedad que sean o hayan sido testigos, incluso indirectamente, de un delito o irregularidad cometidos por la Sociedad o alguno de sus empleados. Esta categor\u00eda tambi\u00e9n incluye a los voluntarios, los aprendices y los trabajadores aut\u00f3nomos.<\/p>\n\n\n\n<p>La denuncia tambi\u00e9n pueden ser presentada por terceros (por ejemplo, proveedores), siempre que la informaci\u00f3n se haya obtenido en el propio entorno de trabajo.<\/p>\n\n\n\n<p>No es necesario que la relaci\u00f3n jur\u00eddica con la empresa est\u00e9 vigente en el momento de presentar la denuncia.<\/p>\n\n\n\n<h3 class=\"wp-block-heading\">\u00bfQU\u00c9 CONDUCTAS PUEDEN DENUNCIARSE?<\/h3>\n\n\n\n<p>Todas aquellas conductas, actos u omisiones que atenten contra el inter\u00e9s p\u00fablico o la integridad de la Sociedad y que consistan en violaciones de la normativa europea, a saber:<\/p>\n\n\n\n<ul class=\"wp-block-list\">\n<li>las infracciones que entran en el \u00e1mbito de aplicaci\u00f3n de los actos de la Uni\u00f3n Europea relativos a los siguientes \u00e1mbitos: contrataci\u00f3n p\u00fablica, servicios, productos y mercados financieros y prevenci\u00f3n del blanqueo de capitales y de la financiaci\u00f3n del terrorismo, seguridad y conformidad de los productos, seguridad de los transportes, protecci\u00f3n del medio ambiente, protecci\u00f3n contra las radiaciones y seguridad nuclear, seguridad de los alimentos y los piensos y salud y bienestar de los animales, salud p\u00fablica, protecci\u00f3n de los consumidores, protecci\u00f3n de la intimidad y la de los datos personales y seguridad de las redes y los sistemas de informaci\u00f3n;<\/li>\n\n\n\n<li>actos u omisiones que afecten a los intereses financieros de la Uni\u00f3n Europea;<\/li>\n\n\n\n<li>actos u omisiones que afecten al mercado interior (por ejemplo, infracciones en materia de competencia y ayudas estatales);<\/li>\n\n\n\n<li>actos o conductas que frustren el objeto o la finalidad de las disposiciones citadas en los actos de la Uni\u00f3n.<\/li>\n<\/ul>\n\n\n\n<p>Tambi\u00e9n se pueden denunciar las conductas ilegales pertinentes en virtud del Decreto Legislativo n\u00ba. 231\/2001 o violaciones del modelo de organizaci\u00f3n y gesti\u00f3n adoptado por la empresa.<\/p>\n\n\n\n<p><strong>ADVERTENCIA: No podr\u00e1n comunicarse las denuncias relativas a un inter\u00e9s de car\u00e1cter personal del denunciante y que pertenezcan exclusivamente a su relaci\u00f3n laboral individual.<\/strong><\/p>\n\n\n\n<h3 class=\"wp-block-heading\">\u00bfQU\u00c9 OCURRE DESPU\u00c9S DE UNA DENUNCIA?<\/h3>\n\n\n\n<p>Todas las denuncias son recibidas por el Responsable de Denuncias, que enviar\u00e1 al denunciante un acuse de recibo en un plazo de 7 d\u00edas.<\/p>\n\n\n\n<p>Como paso preliminar, se llevar\u00e1 a cabo un an\u00e1lisis para evaluar los m\u00e9ritos de la denuncia y su relevancia para las violaciones denunciables.<\/p>\n\n\n\n<p>Posteriormente, el Responsable de Denuncias podr\u00e1 volver a ponerse en contacto con el denunciante a trav\u00e9s de la plataforma inform\u00e1tica, a fin de solicitarle complementos o recabar m\u00e1s informaci\u00f3n. Una vez tramitada la denuncia y realizadas las investigaciones necesarias, se informar\u00e1 al denunciante del resultado.<\/p>\n\n\n\n<p>El Responsable de Denuncias tambi\u00e9n puede decidir desestimar la denuncia si es manifiestamente infundada o irrelevante para el \u00e1mbito de aplicaci\u00f3n.<\/p>\n\n\n\n<h3 class=\"wp-block-heading\">\u00bfC\u00d3MO SE PROTEGE LA CONFIDENCIALIDAD DEL INFORMADOR?<\/h3>\n\n\n\n<p>Todos los datos relativos a la denuncia (identidad de los implicados y contenido de la denuncia) est\u00e1n protegidos por medidas y normas de seguridad (por ejemplo, herramientas de encriptaci\u00f3n y otros m\u00e9todos de protecci\u00f3n contra el acceso no autorizado).<\/p>\n\n\n\n<p>La identidad del denunciante solo la conoce la persona encargada de tramitar la denuncia, quien garantiza el respeto absoluto de la confidencialidad del denunciante y de las dem\u00e1s personas mencionadas.<\/p>\n\n\n\n<p>Cuando se env\u00ede la denuncia, la plataforma proporcionar\u00e1 autom\u00e1ticamente al denunciante un c\u00f3digo de identificaci\u00f3n \u00fanico que podr\u00e1 utilizar para acceder posteriormente a la plataforma.<\/p>\n\n\n\n<p>Se recomienda guardar este c\u00f3digo con cuidado, ya que no puede duplicarse ni recuperarse de ninguna manera en caso de p\u00e9rdida.<\/p>\n\n\n\n<h3 class=\"wp-block-heading\">\u00bfPUEDE ENVIARSE LA DENUNCIA DE FORMA AN\u00d3NIMA?<\/h3>\n\n\n\n<p>Al cumplimentar la denuncia, el denunciante puede decidir no revelar su identidad.<\/p>\n\n\n\n<p>No obstante, la Empresa anima a los denunciantes a que prefieran revelar su identidad, garantizando el respeto absoluto de la confidencialidad del denunciante y la aplicaci\u00f3n de las protecciones previstas en el Decreto Legislativo n\u00ba. 24\/2023, que de otro modo no podr\u00edan aplicarse para con un sujeto desconocido.<\/p>\n\n\n\n<p>Esto implica tambi\u00e9n una mayor eficacia en las investigaciones que posteriormente llevar\u00e1 a cabo el Responsable de Denuncias, que solo podr\u00e1 investigar las denuncias an\u00f3nimas si su contenido es claro, preciso, completo y, por tanto, capaz de sacar a la luz determinados hechos y situaciones.<\/p>\n\n\n\n<h3 class=\"wp-block-heading\">\u00bfQU\u00c9 OCURRE SI LA DENUNCIA ES MANIFIESTAMENTE INFUNDADA Y DIFAMATORIA?<\/h3>\n\n\n\n<p>La Empresa no tolerar\u00e1 ning\u00fan uso indebido del canal de denuncias establecido, ni la utilizaci\u00f3n de dicho canal para realizar denuncias de car\u00e1cter manifiestamente difamatorio y oportunista.<\/p>\n\n\n\n<p>Si se encuentran estos elementos en la denuncia, o si se deduce que el denunciante estaba motivado por la intenci\u00f3n de perjudicar o culpar injustamente a otros, la Empresa se reserva el derecho de emprender acciones disciplinarias y\/o legales contra el denunciante.<\/p>\n\n\n\n<p>Adem\u00e1s, en caso de que se establezca la responsabilidad del denunciante (por ejemplo, mediante una sentencia en primera instancia), no se garantizar\u00e1n las protecciones previstas por el Decreto Legislativo n\u00ba. 24\/2023.<\/p>\n\n\n\n<h3 class=\"wp-block-heading\">\u00bfCU\u00c1NDO HACER UNA DENUNCIA EXTERNA?<\/h3>\n\n\n\n<p>Una denuncia externa es la que se dirige a la ANAC (Autoridad Nacional Anticorrupci\u00f3n)<\/p>\n\n\n\n<p>Un denunciante puede presentar una denuncia ante la ANAC cuando:<\/p>\n\n\n\n<ul class=\"wp-block-list\">\n<li>no se ha establecido un canal de informaci\u00f3n en el propio contexto laboral o, si se ha establecido, no se ajusta a lo dispuesto en el Decreto Legislativo n\u00ba. 24\/2023;<\/li>\n\n\n\n<li>el denunciante ya hizo una denuncia interna, pero no se le dio curso;<\/li>\n\n\n\n<li>el denunciante tiene motivos v\u00e1lidos para creer que, si presentara una denuncia interna, no se le dar\u00eda un seguimiento eficaz o que podr\u00eda conllevar un riesgo de represalias;<\/li>\n\n\n\n<li>el denunciante tiene motivos v\u00e1lidos para creer que la infracci\u00f3n puede constituir un peligro inminente y evidente para el inter\u00e9s p\u00fablico.<\/li>\n<\/ul>\n\n\n\n<p class=\"btn_download\"><a href=\"https:\/\/derigorefrigeration.integrityline.com\/\">Ir a la plataforma<\/a><\/p>\n\n\n\n<p class=\"btn_download\"><a href=\"https:\/\/derigorefrigeration.com\/wp-content\/uploads\/2025\/03\/mod-12-Informativa-whistleblowing-ES.pdf\">Decl\u00e1racion de privacidad<\/a><\/p>\n\n\n\n<p><a href=\"https:\/\/derigorefrigeration.integrityline.com\/\" target=\"_blank\" rel=\"noreferrer noopener\"><\/a><\/p>\n","protected":false},"excerpt":{"rendered":"<p>DE RIGO REFRIGERATION fomenta y promueve una cultura inspirada en la legalidad, la \u00e9tica y la transparencia.Por ello, la Sociedad ha decidido poner en marcha una plataforma inform\u00e1tica para que los miembros de los \u00f3rganos sociales, as\u00ed como sus empleados, colaboradores, proveedores y clientes, tengan la oportunidad de comunicar cualquier irregularidad de la que hayan [&hellip;]<\/p>\n","protected":false},"author":1,"featured_media":0,"parent":0,"menu_order":0,"comment_status":"closed","ping_status":"closed","template":"tempates\/page-no-header.php","meta":{"_acf_changed":false,"footnotes":""},"class_list":["post-100001","page","type-page","status-publish","hentry"],"acf":[],"yoast_head":"<!-- This site is optimized with the Yoast SEO plugin v27.3 - https:\/\/yoast.com\/product\/yoast-seo-wordpress\/ -->\n<title>Whistleblowing - De Rigo Refrigeration<\/title>\n<meta name=\"robots\" content=\"index, follow, max-snippet:-1, max-image-preview:large, max-video-preview:-1\" \/>\n<link rel=\"canonical\" href=\"https:\/\/derigorefrigeration.com\/es\/whistleblowing\/\" \/>\n<meta property=\"og:locale\" content=\"es_ES\" \/>\n<meta property=\"og:type\" content=\"article\" \/>\n<meta property=\"og:title\" content=\"Whistleblowing - De Rigo Refrigeration\" \/>\n<meta property=\"og:description\" content=\"DE RIGO REFRIGERATION fomenta y promueve una cultura inspirada en la legalidad, la \u00e9tica y la transparencia.Por ello, la Sociedad ha decidido poner en marcha una plataforma inform\u00e1tica para que los miembros de los \u00f3rganos sociales, as\u00ed como sus empleados, colaboradores, proveedores y clientes, tengan la oportunidad de comunicar cualquier irregularidad de la que hayan [&hellip;]\" \/>\n<meta property=\"og:url\" content=\"https:\/\/derigorefrigeration.com\/es\/whistleblowing\/\" \/>\n<meta property=\"og:site_name\" content=\"De Rigo Refrigeration\" \/>\n<meta property=\"article:modified_time\" content=\"2025-03-21T14:40:28+00:00\" \/>\n<meta property=\"og:image\" content=\"https:\/\/derigorefrigeration.com\/wp-content\/uploads\/2025\/03\/de-rigo-refrigeration_step1-1-1.jpg\" \/>\n\t<meta property=\"og:image:width\" content=\"1054\" \/>\n\t<meta property=\"og:image:height\" content=\"509\" \/>\n\t<meta property=\"og:image:type\" content=\"image\/jpeg\" \/>\n<meta name=\"twitter:card\" content=\"summary_large_image\" \/>\n<meta name=\"twitter:label1\" content=\"Tiempo de lectura\" \/>\n\t<meta name=\"twitter:data1\" content=\"7 minutos\" \/>\n<script type=\"application\/ld+json\" class=\"yoast-schema-graph\">{\"@context\":\"https:\\\/\\\/schema.org\",\"@graph\":[{\"@type\":\"WebPage\",\"@id\":\"https:\\\/\\\/derigorefrigeration.com\\\/es\\\/whistleblowing\\\/\",\"url\":\"https:\\\/\\\/derigorefrigeration.com\\\/es\\\/whistleblowing\\\/\",\"name\":\"Whistleblowing - De Rigo Refrigeration\",\"isPartOf\":{\"@id\":\"https:\\\/\\\/derigorefrigeration.com\\\/es\\\/#website\"},\"datePublished\":\"2024-01-17T14:57:35+00:00\",\"dateModified\":\"2025-03-21T14:40:28+00:00\",\"breadcrumb\":{\"@id\":\"https:\\\/\\\/derigorefrigeration.com\\\/es\\\/whistleblowing\\\/#breadcrumb\"},\"inLanguage\":\"es\",\"potentialAction\":[{\"@type\":\"ReadAction\",\"target\":[\"https:\\\/\\\/derigorefrigeration.com\\\/es\\\/whistleblowing\\\/\"]}]},{\"@type\":\"BreadcrumbList\",\"@id\":\"https:\\\/\\\/derigorefrigeration.com\\\/es\\\/whistleblowing\\\/#breadcrumb\",\"itemListElement\":[{\"@type\":\"ListItem\",\"position\":1,\"name\":\"Home\",\"item\":\"https:\\\/\\\/derigorefrigeration.com\\\/es\\\/\"},{\"@type\":\"ListItem\",\"position\":2,\"name\":\"Whistleblowing\"}]},{\"@type\":\"WebSite\",\"@id\":\"https:\\\/\\\/derigorefrigeration.com\\\/es\\\/#website\",\"url\":\"https:\\\/\\\/derigorefrigeration.com\\\/es\\\/\",\"name\":\"De Rigo Refrigeration\",\"description\":\"Somos fabricantes de mandos a distancia, complementos, c\u00e1maras frigor\u00edficas y unidades de refrigeraci\u00f3n desde hace m\u00e1s de 50 a\u00f1os.\",\"publisher\":{\"@id\":\"https:\\\/\\\/derigorefrigeration.com\\\/es\\\/#organization\"},\"alternateName\":\"DRR\",\"potentialAction\":[{\"@type\":\"SearchAction\",\"target\":{\"@type\":\"EntryPoint\",\"urlTemplate\":\"https:\\\/\\\/derigorefrigeration.com\\\/es\\\/?s={search_term_string}\"},\"query-input\":{\"@type\":\"PropertyValueSpecification\",\"valueRequired\":true,\"valueName\":\"search_term_string\"}}],\"inLanguage\":\"es\"},{\"@type\":\"Organization\",\"@id\":\"https:\\\/\\\/derigorefrigeration.com\\\/es\\\/#organization\",\"name\":\"De Rigo Refrigeration\",\"url\":\"https:\\\/\\\/derigorefrigeration.com\\\/es\\\/\",\"logo\":{\"@type\":\"ImageObject\",\"inLanguage\":\"es\",\"@id\":\"https:\\\/\\\/derigorefrigeration.com\\\/es\\\/#\\\/schema\\\/logo\\\/image\\\/\",\"url\":\"https:\\\/\\\/derigorefrigeration.com\\\/wp-content\\\/uploads\\\/2023\\\/11\\\/logo_de_rigo.svg\",\"contentUrl\":\"https:\\\/\\\/derigorefrigeration.com\\\/wp-content\\\/uploads\\\/2023\\\/11\\\/logo_de_rigo.svg\",\"width\":265,\"height\":56,\"caption\":\"De Rigo Refrigeration\"},\"image\":{\"@id\":\"https:\\\/\\\/derigorefrigeration.com\\\/es\\\/#\\\/schema\\\/logo\\\/image\\\/\"}}]}<\/script>\n<!-- \/ Yoast SEO plugin. -->","yoast_head_json":{"title":"Whistleblowing - De Rigo Refrigeration","robots":{"index":"index","follow":"follow","max-snippet":"max-snippet:-1","max-image-preview":"max-image-preview:large","max-video-preview":"max-video-preview:-1"},"canonical":"https:\/\/derigorefrigeration.com\/es\/whistleblowing\/","og_locale":"es_ES","og_type":"article","og_title":"Whistleblowing - De Rigo Refrigeration","og_description":"DE RIGO REFRIGERATION fomenta y promueve una cultura inspirada en la legalidad, la \u00e9tica y la transparencia.Por ello, la Sociedad ha decidido poner en marcha una plataforma inform\u00e1tica para que los miembros de los \u00f3rganos sociales, as\u00ed como sus empleados, colaboradores, proveedores y clientes, tengan la oportunidad de comunicar cualquier irregularidad de la que hayan [&hellip;]","og_url":"https:\/\/derigorefrigeration.com\/es\/whistleblowing\/","og_site_name":"De Rigo Refrigeration","article_modified_time":"2025-03-21T14:40:28+00:00","og_image":[{"width":1054,"height":509,"url":"https:\/\/derigorefrigeration.com\/wp-content\/uploads\/2025\/03\/de-rigo-refrigeration_step1-1-1.jpg","type":"image\/jpeg"}],"twitter_card":"summary_large_image","twitter_misc":{"Tiempo de lectura":"7 minutos"},"schema":{"@context":"https:\/\/schema.org","@graph":[{"@type":"WebPage","@id":"https:\/\/derigorefrigeration.com\/es\/whistleblowing\/","url":"https:\/\/derigorefrigeration.com\/es\/whistleblowing\/","name":"Whistleblowing - De Rigo Refrigeration","isPartOf":{"@id":"https:\/\/derigorefrigeration.com\/es\/#website"},"datePublished":"2024-01-17T14:57:35+00:00","dateModified":"2025-03-21T14:40:28+00:00","breadcrumb":{"@id":"https:\/\/derigorefrigeration.com\/es\/whistleblowing\/#breadcrumb"},"inLanguage":"es","potentialAction":[{"@type":"ReadAction","target":["https:\/\/derigorefrigeration.com\/es\/whistleblowing\/"]}]},{"@type":"BreadcrumbList","@id":"https:\/\/derigorefrigeration.com\/es\/whistleblowing\/#breadcrumb","itemListElement":[{"@type":"ListItem","position":1,"name":"Home","item":"https:\/\/derigorefrigeration.com\/es\/"},{"@type":"ListItem","position":2,"name":"Whistleblowing"}]},{"@type":"WebSite","@id":"https:\/\/derigorefrigeration.com\/es\/#website","url":"https:\/\/derigorefrigeration.com\/es\/","name":"De Rigo Refrigeration","description":"Somos fabricantes de mandos a distancia, complementos, c\u00e1maras frigor\u00edficas y unidades de refrigeraci\u00f3n desde hace m\u00e1s de 50 a\u00f1os.","publisher":{"@id":"https:\/\/derigorefrigeration.com\/es\/#organization"},"alternateName":"DRR","potentialAction":[{"@type":"SearchAction","target":{"@type":"EntryPoint","urlTemplate":"https:\/\/derigorefrigeration.com\/es\/?s={search_term_string}"},"query-input":{"@type":"PropertyValueSpecification","valueRequired":true,"valueName":"search_term_string"}}],"inLanguage":"es"},{"@type":"Organization","@id":"https:\/\/derigorefrigeration.com\/es\/#organization","name":"De Rigo Refrigeration","url":"https:\/\/derigorefrigeration.com\/es\/","logo":{"@type":"ImageObject","inLanguage":"es","@id":"https:\/\/derigorefrigeration.com\/es\/#\/schema\/logo\/image\/","url":"https:\/\/derigorefrigeration.com\/wp-content\/uploads\/2023\/11\/logo_de_rigo.svg","contentUrl":"https:\/\/derigorefrigeration.com\/wp-content\/uploads\/2023\/11\/logo_de_rigo.svg","width":265,"height":56,"caption":"De Rigo Refrigeration"},"image":{"@id":"https:\/\/derigorefrigeration.com\/es\/#\/schema\/logo\/image\/"}}]}},"_links":{"self":[{"href":"https:\/\/derigorefrigeration.com\/es\/wp-json\/wp\/v2\/pages\/100001","targetHints":{"allow":["GET"]}}],"collection":[{"href":"https:\/\/derigorefrigeration.com\/es\/wp-json\/wp\/v2\/pages"}],"about":[{"href":"https:\/\/derigorefrigeration.com\/es\/wp-json\/wp\/v2\/types\/page"}],"author":[{"embeddable":true,"href":"https:\/\/derigorefrigeration.com\/es\/wp-json\/wp\/v2\/users\/1"}],"replies":[{"embeddable":true,"href":"https:\/\/derigorefrigeration.com\/es\/wp-json\/wp\/v2\/comments?post=100001"}],"version-history":[{"count":4,"href":"https:\/\/derigorefrigeration.com\/es\/wp-json\/wp\/v2\/pages\/100001\/revisions"}],"predecessor-version":[{"id":100039,"href":"https:\/\/derigorefrigeration.com\/es\/wp-json\/wp\/v2\/pages\/100001\/revisions\/100039"}],"wp:attachment":[{"href":"https:\/\/derigorefrigeration.com\/es\/wp-json\/wp\/v2\/media?parent=100001"}],"curies":[{"name":"wp","href":"https:\/\/api.w.org\/{rel}","templated":true}]}}