{"id":101994,"date":"2025-07-29T10:46:55","date_gmt":"2025-07-29T08:46:55","guid":{"rendered":"https:\/\/derigorefrigeration.com\/ecodesign-direttiva-2009-125-ce\/"},"modified":"2025-07-29T16:02:10","modified_gmt":"2025-07-29T14:02:10","slug":"ecodesign-direttiva-2009-125-ce","status":"publish","type":"page","link":"https:\/\/derigorefrigeration.com\/es\/ecodesign-direttiva-2009-125-ce\/","title":{"rendered":"ECODESIGN &#8211; Directive 2009\/125\/CE"},"content":{"rendered":"\t\t<div data-elementor-type=\"wp-page\" data-elementor-id=\"101994\" class=\"elementor elementor-101994 elementor-101961\" data-elementor-post-type=\"page\">\n\t\t\t\t<div class=\"elementor-element elementor-element-150e9db e-flex e-con-boxed e-con e-parent\" data-id=\"150e9db\" data-element_type=\"container\" data-e-type=\"container\">\n\t\t\t\t\t<div class=\"e-con-inner\">\n\t\t\t\t<div class=\"elementor-element elementor-element-c054183 elementor-widget elementor-widget-heading\" data-id=\"c054183\" data-element_type=\"widget\" data-e-type=\"widget\" data-widget_type=\"heading.default\">\n\t\t\t\t<div class=\"elementor-widget-container\">\n\t\t\t\t\t<h1 class=\"elementor-heading-title elementor-size-default\">ECODESIGN - Directive 2009\/125\/CE<\/h1>\t\t\t\t<\/div>\n\t\t\t\t<\/div>\n\t\t\t\t<div class=\"elementor-element elementor-element-d0f5497 elementor-widget elementor-widget-heading\" data-id=\"d0f5497\" data-element_type=\"widget\" data-e-type=\"widget\" data-widget_type=\"heading.default\">\n\t\t\t\t<div class=\"elementor-widget-container\">\n\t\t\t\t\t<h2 class=\"elementor-heading-title elementor-size-default\">Page under maintenance.<\/h2>\t\t\t\t<\/div>\n\t\t\t\t<\/div>\n\t\t\t\t<div class=\"elementor-element elementor-element-e841587 elementor-widget elementor-widget-heading\" data-id=\"e841587\" data-element_type=\"widget\" data-e-type=\"widget\" data-widget_type=\"heading.default\">\n\t\t\t\t<div class=\"elementor-widget-container\">\n\t\t\t\t\t<h2 class=\"elementor-heading-title elementor-size-default\">We apologize for the inconvenience<\/h2>\t\t\t\t<\/div>\n\t\t\t\t<\/div>\n\t\t\t\t\t<\/div>\n\t\t\t\t<\/div>\n\t\t<div class=\"elementor-element elementor-element-a783792 e-flex e-con-boxed e-con e-parent\" data-id=\"a783792\" data-element_type=\"container\" data-e-type=\"container\">\n\t\t\t\t\t<div class=\"e-con-inner\">\n\t\t\t\t<div class=\"elementor-element elementor-element-b5d35c6 elementor-widget-divider--view-line elementor-widget elementor-widget-divider\" data-id=\"b5d35c6\" data-element_type=\"widget\" data-e-type=\"widget\" data-widget_type=\"divider.default\">\n\t\t\t\t<div class=\"elementor-widget-container\">\n\t\t\t\t\t\t\t<div class=\"elementor-divider\">\n\t\t\t<span class=\"elementor-divider-separator\">\n\t\t\t\t\t\t<\/span>\n\t\t<\/div>\n\t\t\t\t\t\t<\/div>\n\t\t\t\t<\/div>\n\t\t\t\t<div class=\"elementor-element elementor-element-8662f24 elementor-widget elementor-widget-heading\" data-id=\"8662f24\" data-element_type=\"widget\" data-e-type=\"widget\" data-widget_type=\"heading.default\">\n\t\t\t\t<div class=\"elementor-widget-container\">\n\t\t\t\t\t<h2 class=\"elementor-heading-title elementor-size-default\">If you need assistance, please contact Customer Service<\/h2>\t\t\t\t<\/div>\n\t\t\t\t<\/div>\n\t\t\t\t\t<\/div>\n\t\t\t\t<\/div>\n\t\t<div class=\"elementor-element elementor-element-4159dec8 e-flex e-con-boxed e-con e-parent\" data-id=\"4159dec8\" data-element_type=\"container\" data-e-type=\"container\" data-settings=\"{&quot;background_background&quot;:&quot;classic&quot;}\">\n\t\t\t\t\t<div class=\"e-con-inner\">\n\t\t<div class=\"elementor-element elementor-element-1f207f44 e-con-full e-flex e-con e-child\" data-id=\"1f207f44\" data-element_type=\"container\" data-e-type=\"container\">\n\t\t\t\t<div class=\"elementor-element elementor-element-7dfc33fe elementor-widget__width-auto elementor-view-default elementor-widget elementor-widget-icon\" data-id=\"7dfc33fe\" data-element_type=\"widget\" data-e-type=\"widget\" data-widget_type=\"icon.default\">\n\t\t\t\t<div class=\"elementor-widget-container\">\n\t\t\t\t\t\t\t<div class=\"elementor-icon-wrapper\">\n\t\t\t<div class=\"elementor-icon\">\n\t\t\t<svg xmlns=\"http:\/\/www.w3.org\/2000\/svg\" xmlns:xlink=\"http:\/\/www.w3.org\/1999\/xlink\" fill=\"#000000\" width=\"800px\" height=\"800px\" viewBox=\"0 0 64 64\" id=\"Layer_1_1_\" xml:space=\"preserve\"><g><path d=\"M46,22h-6.671l5.557-6.352C45.604,14.828,46,13.775,46,12.685V12.5c0-2.481-2.019-4.5-4.5-4.5S37,10.019,37,12.5V14h2v-1.5   c0-1.379,1.121-2.5,2.5-2.5s2.5,1.121,2.5,2.5v0.185c0,0.606-0.22,1.19-0.619,1.646L37,21.624V24h9V22z\"><\/path><path d=\"M54,24h2v-3h2v-2h-2V8h-2.618L48,18.764V21h6V24z M50.118,19L54,11.236V19H50.118z\"><\/path><path d=\"M50.405,32.627C57.596,31.061,63,24.653,63,17c0-8.822-7.178-16-16-16c-7.653,0-14.061,5.404-15.627,12.595   C29.608,13.207,27.807,13,26,13C12.215,13,1,24.215,1,38s11.215,25,25,25s25-11.215,25-25C51,36.193,50.793,34.392,50.405,32.627z    M47,3c7.72,0,14,6.28,14,14s-6.28,14-14,14s-14-6.28-14-14S39.28,3,47,3z M44.961,37H43v2h1.949   c-0.235,4.484-2.024,8.553-4.847,11.688l-1.375-1.375l-1.414,1.414l1.375,1.375c-3.135,2.824-7.204,4.612-11.688,4.847V55h-2v1.949   c-4.484-0.235-8.553-2.024-11.688-4.847l1.375-1.375l-1.414-1.414l-1.375,1.375C9.074,47.553,7.286,43.484,7.051,39H9v-2H7.051   c0.235-4.484,2.024-8.553,4.847-11.688l1.375,1.375l1.414-1.414l-1.375-1.375c3.135-2.824,7.204-4.612,11.688-4.847V21h2v-1.961   c1.438,0.076,2.862,0.318,4.255,0.72c1.156,6.611,6.374,11.829,12.986,12.986C44.642,34.138,44.884,35.562,44.961,37z M26,61   C13.317,61,3,50.683,3,38s10.317-23,23-23c1.706,0,3.407,0.201,5.072,0.577C31.03,16.047,31,16.52,31,17   c0,0.209,0.023,0.413,0.031,0.621C29.381,17.212,27.695,17,26,17C14.421,17,5,26.421,5,38s9.421,21,21,21s21-9.421,21-21   c0-1.695-0.212-3.381-0.621-5.031C46.587,32.977,46.791,33,47,33c0.48,0,0.953-0.03,1.423-0.072C48.799,34.593,49,36.294,49,38   C49,50.683,38.683,61,26,61z\"><\/path><path d=\"M29,38c0-1.302-0.839-2.402-2-2.816V23h-2v12.184c-1.161,0.414-2,1.514-2,2.816c0,1.654,1.346,3,3,3   c0.462,0,0.894-0.113,1.285-0.301l7.008,7.008l1.414-1.414l-7.008-7.008C28.887,38.894,29,38.462,29,38z M25,38   c0-0.552,0.448-1,1-1s1,0.448,1,1s-0.448,1-1,1S25,38.552,25,38z\"><\/path><path d=\"M56,35c-1.654,0-3,1.346-3,3c0,1.251,0.771,2.324,1.862,2.773c-0.627,6.584-3.499,12.781-8.152,17.527l1.428,1.4   c4.999-5.098,8.074-11.763,8.725-18.842C58.095,40.485,59,39.353,59,38C59,36.346,57.654,35,56,35z M56,39c-0.552,0-1-0.448-1-1   s0.448-1,1-1s1,0.448,1,1S56.552,39,56,39z\"><\/path><path d=\"M6.283,16.733c4.658-4.321,10.651-6.978,16.949-7.579C23.686,10.237,24.755,11,26,11c1.654,0,3-1.346,3-3s-1.346-3-3-3   c-1.352,0-2.485,0.905-2.858,2.137c-6.771,0.624-13.214,3.489-18.218,8.13L6.283,16.733z M26,7c0.552,0,1,0.448,1,1s-0.448,1-1,1   s-1-0.448-1-1S25.448,7,26,7z\"><\/path><\/g><\/svg>\t\t\t<\/div>\n\t\t<\/div>\n\t\t\t\t\t\t<\/div>\n\t\t\t\t<\/div>\n\t\t<div class=\"elementor-element elementor-element-3ebd526c e-flex e-con-boxed e-con e-child\" data-id=\"3ebd526c\" data-element_type=\"container\" data-e-type=\"container\" data-settings=\"{&quot;background_background&quot;:&quot;classic&quot;}\">\n\t\t\t\t\t<div class=\"e-con-inner\">\n\t\t\t\t<div class=\"elementor-element elementor-element-66937840 elementor-widget elementor-widget-heading\" data-id=\"66937840\" data-element_type=\"widget\" data-e-type=\"widget\" data-widget_type=\"heading.default\">\n\t\t\t\t<div class=\"elementor-widget-container\">\n\t\t\t\t\t<h6 class=\"elementor-heading-title elementor-size-default\">SERVICE<\/h6>\t\t\t\t<\/div>\n\t\t\t\t<\/div>\n\t\t\t\t<div class=\"elementor-element elementor-element-1f26d810 elementor-widget elementor-widget-heading\" data-id=\"1f26d810\" data-element_type=\"widget\" data-e-type=\"widget\" data-widget_type=\"heading.default\">\n\t\t\t\t<div class=\"elementor-widget-container\">\n\t\t\t\t\t<h2 class=\"elementor-heading-title elementor-size-default\"><a href=\"mailto:service@derigorefrigeration.com\">service@derigorefrigeration.com\n<\/a><\/h2>\t\t\t\t<\/div>\n\t\t\t\t<\/div>\n\t\t\t\t<div class=\"elementor-element elementor-element-67189805 elementor-widget elementor-widget-heading\" data-id=\"67189805\" data-element_type=\"widget\" data-e-type=\"widget\" data-widget_type=\"heading.default\">\n\t\t\t\t<div class=\"elementor-widget-container\">\n\t\t\t\t\t<h2 class=\"elementor-heading-title elementor-size-default\"><a href=\"tel:+3904371720003\">+39 0437 1720003<\/a><\/h2>\t\t\t\t<\/div>\n\t\t\t\t<\/div>\n\t\t\t\t\t<\/div>\n\t\t\t\t<\/div>\n\t\t\t\t<\/div>\n\t\t<div class=\"elementor-element elementor-element-7de784f1 e-con-full e-flex e-con e-child\" data-id=\"7de784f1\" data-element_type=\"container\" data-e-type=\"container\">\n\t\t\t\t<div class=\"elementor-element elementor-element-61c9103 elementor-widget__width-auto elementor-view-default elementor-widget elementor-widget-icon\" data-id=\"61c9103\" data-element_type=\"widget\" data-e-type=\"widget\" data-widget_type=\"icon.default\">\n\t\t\t\t<div class=\"elementor-widget-container\">\n\t\t\t\t\t\t\t<div class=\"elementor-icon-wrapper\">\n\t\t\t<div class=\"elementor-icon\">\n\t\t\t<svg xmlns=\"http:\/\/www.w3.org\/2000\/svg\" xml:space=\"preserve\" viewBox=\"0 0 800 800\"><path d=\"M223.3 650c-18.8 0-37.5-7.1-51.8-21.4-28.6-28.6-28.6-75.1 0-103.6l169.4-169.4c-17.5-55.9-2.7-117.4 39.1-159.2 44.5-44.5 111.1-58.4 169.7-35.4 5.2 2.1 9.1 6.6 10.2 12.1s-.6 11.2-4.5 15.2L463.6 280c-4.5 4.5-4.5 11.9 0 16.5l40 40c2.2 2.2 5.1 3.4 8.2 3.4s6-1.2 8.2-3.4l91.8-91.7c4-4 9.7-5.7 15.2-4.5 5.5 1.1 10.1 5 12.1 10.2 23 58.6 9 125.2-35.4 169.7-30.2 30.2-70.7 46.4-111.9 46.4-15.8 0-31.8-2.4-47.3-7.2L275.1 628.5a73.165 73.165 0 0 1-51.8 21.5zm180.2-430.1c-35.1 35.1-46.1 87.7-28 133.9 2.4 6.2 1 13.2-3.7 17.9L195 548.5c-15.6 15.6-15.6 40.9 0 56.5 15.6 15.6 40.9 15.6 56.5 0l176.8-176.8c4.7-4.7 11.7-6.1 17.9-3.7 46.2 18.1 98.8 7.1 133.9-28 28.7-28.7 41.3-69 35-108L543.6 360c-8.5 8.5-19.8 13.2-31.8 13.2s-23.3-4.7-31.8-13.2l-40-40c-17.5-17.5-17.5-46.1 0-63.6l71.5-71.5c-39-6.3-79.3 6.3-108 35z\"><\/path><\/svg>\t\t\t<\/div>\n\t\t<\/div>\n\t\t\t\t\t\t<\/div>\n\t\t\t\t<\/div>\n\t\t<div class=\"elementor-element elementor-element-5c0cd59a e-flex e-con-boxed e-con e-child\" data-id=\"5c0cd59a\" data-element_type=\"container\" data-e-type=\"container\">\n\t\t\t\t\t<div class=\"e-con-inner\">\n\t\t\t\t<div class=\"elementor-element elementor-element-1583a908 elementor-widget elementor-widget-heading\" data-id=\"1583a908\" data-element_type=\"widget\" data-e-type=\"widget\" data-widget_type=\"heading.default\">\n\t\t\t\t<div class=\"elementor-widget-container\">\n\t\t\t\t\t<h6 class=\"elementor-heading-title elementor-size-default\">SPAREPARTS<\/h6>\t\t\t\t<\/div>\n\t\t\t\t<\/div>\n\t\t\t\t<div class=\"elementor-element elementor-element-6548c8b elementor-widget elementor-widget-heading\" data-id=\"6548c8b\" data-element_type=\"widget\" data-e-type=\"widget\" data-widget_type=\"heading.default\">\n\t\t\t\t<div class=\"elementor-widget-container\">\n\t\t\t\t\t<h2 class=\"elementor-heading-title elementor-size-default\"><a href=\"mailto:ricambi@derigorefrigeration.com\">spareparts@derigorefrigeration.com\n<\/a><\/h2>\t\t\t\t<\/div>\n\t\t\t\t<\/div>\n\t\t\t\t<div class=\"elementor-element elementor-element-7d9722f6 elementor-widget elementor-widget-heading\" data-id=\"7d9722f6\" data-element_type=\"widget\" data-e-type=\"widget\" data-widget_type=\"heading.default\">\n\t\t\t\t<div class=\"elementor-widget-container\">\n\t\t\t\t\t<h2 class=\"elementor-heading-title elementor-size-default\"><a href=\"tel:+3904375591\u200b\">Tel. +39 0437 5591\u200b<\/a><\/h2>\t\t\t\t<\/div>\n\t\t\t\t<\/div>\n\t\t\t\t\t<\/div>\n\t\t\t\t<\/div>\n\t\t\t\t<\/div>\n\t\t\t\t\t<\/div>\n\t\t\t\t<\/div>\n\t\t\t\t<\/div>\n\t\t","protected":false},"excerpt":{"rendered":"<p>ECODESIGN &#8211; Directive 2009\/125\/CE Page under maintenance. We apologize for the inconvenience If you need assistance, please contact Customer Service SERVICE service@derigorefrigeration.com +39 0437 1720003 SPAREPARTS spareparts@derigorefrigeration.com Tel. +39 0437 5591\u200b<\/p>\n","protected":false},"author":4,"featured_media":0,"parent":0,"menu_order":0,"comment_status":"closed","ping_status":"closed","template":"","meta":{"_acf_changed":false,"footnotes":""},"class_list":["post-101994","page","type-page","status-publish","hentry"],"acf":[],"yoast_head":"<!-- This site is optimized with the Yoast SEO plugin v27.3 - https:\/\/yoast.com\/product\/yoast-seo-wordpress\/ -->\n<title>ECODESIGN - Directive 2009\/125\/CE - De Rigo Refrigeration<\/title>\n<meta name=\"robots\" content=\"index, follow, max-snippet:-1, max-image-preview:large, max-video-preview:-1\" \/>\n<link rel=\"canonical\" href=\"https:\/\/derigorefrigeration.com\/es\/ecodesign-direttiva-2009-125-ce\/\" \/>\n<meta property=\"og:locale\" content=\"es_ES\" \/>\n<meta property=\"og:type\" content=\"article\" \/>\n<meta property=\"og:title\" content=\"ECODESIGN - Directive 2009\/125\/CE - De Rigo Refrigeration\" \/>\n<meta property=\"og:description\" content=\"ECODESIGN &#8211; Directive 2009\/125\/CE Page under maintenance. We apologize for the inconvenience If you need assistance, please contact Customer Service SERVICE service@derigorefrigeration.com +39 0437 1720003 SPAREPARTS spareparts@derigorefrigeration.com Tel. +39 0437 5591\u200b\" \/>\n<meta property=\"og:url\" content=\"https:\/\/derigorefrigeration.com\/es\/ecodesign-direttiva-2009-125-ce\/\" \/>\n<meta property=\"og:site_name\" content=\"De Rigo Refrigeration\" \/>\n<meta property=\"article:modified_time\" content=\"2025-07-29T14:02:10+00:00\" \/>\n<meta property=\"og:image\" content=\"https:\/\/derigorefrigeration.com\/wp-content\/uploads\/2025\/03\/de-rigo-refrigeration_step1-1-1.jpg\" \/>\n\t<meta property=\"og:image:width\" content=\"1054\" \/>\n\t<meta property=\"og:image:height\" content=\"509\" \/>\n\t<meta property=\"og:image:type\" content=\"image\/jpeg\" \/>\n<meta name=\"twitter:card\" content=\"summary_large_image\" \/>\n<meta name=\"twitter:label1\" content=\"Tiempo de lectura\" \/>\n\t<meta name=\"twitter:data1\" content=\"1 minuto\" \/>\n<script type=\"application\/ld+json\" class=\"yoast-schema-graph\">{\"@context\":\"https:\\\/\\\/schema.org\",\"@graph\":[{\"@type\":\"WebPage\",\"@id\":\"https:\\\/\\\/derigorefrigeration.com\\\/es\\\/ecodesign-direttiva-2009-125-ce\\\/\",\"url\":\"https:\\\/\\\/derigorefrigeration.com\\\/es\\\/ecodesign-direttiva-2009-125-ce\\\/\",\"name\":\"ECODESIGN - Directive 2009\\\/125\\\/CE - De Rigo Refrigeration\",\"isPartOf\":{\"@id\":\"https:\\\/\\\/derigorefrigeration.com\\\/es\\\/#website\"},\"datePublished\":\"2025-07-29T08:46:55+00:00\",\"dateModified\":\"2025-07-29T14:02:10+00:00\",\"breadcrumb\":{\"@id\":\"https:\\\/\\\/derigorefrigeration.com\\\/es\\\/ecodesign-direttiva-2009-125-ce\\\/#breadcrumb\"},\"inLanguage\":\"es\",\"potentialAction\":[{\"@type\":\"ReadAction\",\"target\":[\"https:\\\/\\\/derigorefrigeration.com\\\/es\\\/ecodesign-direttiva-2009-125-ce\\\/\"]}]},{\"@type\":\"BreadcrumbList\",\"@id\":\"https:\\\/\\\/derigorefrigeration.com\\\/es\\\/ecodesign-direttiva-2009-125-ce\\\/#breadcrumb\",\"itemListElement\":[{\"@type\":\"ListItem\",\"position\":1,\"name\":\"Home\",\"item\":\"https:\\\/\\\/derigorefrigeration.com\\\/es\\\/\"},{\"@type\":\"ListItem\",\"position\":2,\"name\":\"ECODESIGN &#8211; Directive 2009\\\/125\\\/CE\"}]},{\"@type\":\"WebSite\",\"@id\":\"https:\\\/\\\/derigorefrigeration.com\\\/es\\\/#website\",\"url\":\"https:\\\/\\\/derigorefrigeration.com\\\/es\\\/\",\"name\":\"De Rigo Refrigeration\",\"description\":\"Somos fabricantes de mandos a distancia, complementos, c\u00e1maras frigor\u00edficas y unidades de refrigeraci\u00f3n desde hace m\u00e1s de 50 a\u00f1os.\",\"publisher\":{\"@id\":\"https:\\\/\\\/derigorefrigeration.com\\\/es\\\/#organization\"},\"alternateName\":\"DRR\",\"potentialAction\":[{\"@type\":\"SearchAction\",\"target\":{\"@type\":\"EntryPoint\",\"urlTemplate\":\"https:\\\/\\\/derigorefrigeration.com\\\/es\\\/?s={search_term_string}\"},\"query-input\":{\"@type\":\"PropertyValueSpecification\",\"valueRequired\":true,\"valueName\":\"search_term_string\"}}],\"inLanguage\":\"es\"},{\"@type\":\"Organization\",\"@id\":\"https:\\\/\\\/derigorefrigeration.com\\\/es\\\/#organization\",\"name\":\"De Rigo Refrigeration\",\"url\":\"https:\\\/\\\/derigorefrigeration.com\\\/es\\\/\",\"logo\":{\"@type\":\"ImageObject\",\"inLanguage\":\"es\",\"@id\":\"https:\\\/\\\/derigorefrigeration.com\\\/es\\\/#\\\/schema\\\/logo\\\/image\\\/\",\"url\":\"https:\\\/\\\/derigorefrigeration.com\\\/wp-content\\\/uploads\\\/2023\\\/11\\\/logo_de_rigo.svg\",\"contentUrl\":\"https:\\\/\\\/derigorefrigeration.com\\\/wp-content\\\/uploads\\\/2023\\\/11\\\/logo_de_rigo.svg\",\"width\":265,\"height\":56,\"caption\":\"De Rigo Refrigeration\"},\"image\":{\"@id\":\"https:\\\/\\\/derigorefrigeration.com\\\/es\\\/#\\\/schema\\\/logo\\\/image\\\/\"}}]}<\/script>\n<!-- \/ Yoast SEO plugin. -->","yoast_head_json":{"title":"ECODESIGN - Directive 2009\/125\/CE - De Rigo Refrigeration","robots":{"index":"index","follow":"follow","max-snippet":"max-snippet:-1","max-image-preview":"max-image-preview:large","max-video-preview":"max-video-preview:-1"},"canonical":"https:\/\/derigorefrigeration.com\/es\/ecodesign-direttiva-2009-125-ce\/","og_locale":"es_ES","og_type":"article","og_title":"ECODESIGN - Directive 2009\/125\/CE - De Rigo Refrigeration","og_description":"ECODESIGN &#8211; Directive 2009\/125\/CE Page under maintenance. We apologize for the inconvenience If you need assistance, please contact Customer Service SERVICE service@derigorefrigeration.com +39 0437 1720003 SPAREPARTS spareparts@derigorefrigeration.com Tel. +39 0437 5591\u200b","og_url":"https:\/\/derigorefrigeration.com\/es\/ecodesign-direttiva-2009-125-ce\/","og_site_name":"De Rigo Refrigeration","article_modified_time":"2025-07-29T14:02:10+00:00","og_image":[{"width":1054,"height":509,"url":"https:\/\/derigorefrigeration.com\/wp-content\/uploads\/2025\/03\/de-rigo-refrigeration_step1-1-1.jpg","type":"image\/jpeg"}],"twitter_card":"summary_large_image","twitter_misc":{"Tiempo de lectura":"1 minuto"},"schema":{"@context":"https:\/\/schema.org","@graph":[{"@type":"WebPage","@id":"https:\/\/derigorefrigeration.com\/es\/ecodesign-direttiva-2009-125-ce\/","url":"https:\/\/derigorefrigeration.com\/es\/ecodesign-direttiva-2009-125-ce\/","name":"ECODESIGN - Directive 2009\/125\/CE - De Rigo Refrigeration","isPartOf":{"@id":"https:\/\/derigorefrigeration.com\/es\/#website"},"datePublished":"2025-07-29T08:46:55+00:00","dateModified":"2025-07-29T14:02:10+00:00","breadcrumb":{"@id":"https:\/\/derigorefrigeration.com\/es\/ecodesign-direttiva-2009-125-ce\/#breadcrumb"},"inLanguage":"es","potentialAction":[{"@type":"ReadAction","target":["https:\/\/derigorefrigeration.com\/es\/ecodesign-direttiva-2009-125-ce\/"]}]},{"@type":"BreadcrumbList","@id":"https:\/\/derigorefrigeration.com\/es\/ecodesign-direttiva-2009-125-ce\/#breadcrumb","itemListElement":[{"@type":"ListItem","position":1,"name":"Home","item":"https:\/\/derigorefrigeration.com\/es\/"},{"@type":"ListItem","position":2,"name":"ECODESIGN &#8211; Directive 2009\/125\/CE"}]},{"@type":"WebSite","@id":"https:\/\/derigorefrigeration.com\/es\/#website","url":"https:\/\/derigorefrigeration.com\/es\/","name":"De Rigo Refrigeration","description":"Somos fabricantes de mandos a distancia, complementos, c\u00e1maras frigor\u00edficas y unidades de refrigeraci\u00f3n desde hace m\u00e1s de 50 a\u00f1os.","publisher":{"@id":"https:\/\/derigorefrigeration.com\/es\/#organization"},"alternateName":"DRR","potentialAction":[{"@type":"SearchAction","target":{"@type":"EntryPoint","urlTemplate":"https:\/\/derigorefrigeration.com\/es\/?s={search_term_string}"},"query-input":{"@type":"PropertyValueSpecification","valueRequired":true,"valueName":"search_term_string"}}],"inLanguage":"es"},{"@type":"Organization","@id":"https:\/\/derigorefrigeration.com\/es\/#organization","name":"De Rigo Refrigeration","url":"https:\/\/derigorefrigeration.com\/es\/","logo":{"@type":"ImageObject","inLanguage":"es","@id":"https:\/\/derigorefrigeration.com\/es\/#\/schema\/logo\/image\/","url":"https:\/\/derigorefrigeration.com\/wp-content\/uploads\/2023\/11\/logo_de_rigo.svg","contentUrl":"https:\/\/derigorefrigeration.com\/wp-content\/uploads\/2023\/11\/logo_de_rigo.svg","width":265,"height":56,"caption":"De Rigo Refrigeration"},"image":{"@id":"https:\/\/derigorefrigeration.com\/es\/#\/schema\/logo\/image\/"}}]}},"_links":{"self":[{"href":"https:\/\/derigorefrigeration.com\/es\/wp-json\/wp\/v2\/pages\/101994","targetHints":{"allow":["GET"]}}],"collection":[{"href":"https:\/\/derigorefrigeration.com\/es\/wp-json\/wp\/v2\/pages"}],"about":[{"href":"https:\/\/derigorefrigeration.com\/es\/wp-json\/wp\/v2\/types\/page"}],"author":[{"embeddable":true,"href":"https:\/\/derigorefrigeration.com\/es\/wp-json\/wp\/v2\/users\/4"}],"replies":[{"embeddable":true,"href":"https:\/\/derigorefrigeration.com\/es\/wp-json\/wp\/v2\/comments?post=101994"}],"version-history":[{"count":1,"href":"https:\/\/derigorefrigeration.com\/es\/wp-json\/wp\/v2\/pages\/101994\/revisions"}],"predecessor-version":[{"id":101997,"href":"https:\/\/derigorefrigeration.com\/es\/wp-json\/wp\/v2\/pages\/101994\/revisions\/101997"}],"wp:attachment":[{"href":"https:\/\/derigorefrigeration.com\/es\/wp-json\/wp\/v2\/media?parent=101994"}],"curies":[{"name":"wp","href":"https:\/\/api.w.org\/{rel}","templated":true}]}}