{"id":86294,"date":"2024-01-17T15:46:33","date_gmt":"2024-01-17T14:46:33","guid":{"rendered":"https:\/\/derigorefrigeration.com\/politica-aziendale\/"},"modified":"2025-05-07T18:33:12","modified_gmt":"2025-05-07T16:33:12","slug":"politica-qhse","status":"publish","type":"page","link":"https:\/\/derigorefrigeration.com\/es\/politica-qhse\/","title":{"rendered":"Politica QHSE"},"content":{"rendered":"\t\t<div data-elementor-type=\"wp-page\" data-elementor-id=\"86294\" class=\"elementor elementor-86294 elementor-571\" data-elementor-post-type=\"page\">\n\t\t\t\t<div class=\"elementor-element elementor-element-f626080 e-flex e-con-boxed e-con e-parent\" data-id=\"f626080\" data-element_type=\"container\" data-e-type=\"container\" data-settings=\"{&quot;background_background&quot;:&quot;video&quot;,&quot;background_video_link&quot;:&quot;https:\\\/\\\/derigorefrigeration.com\\\/wp-content\\\/uploads\\\/2024\\\/11\\\/6256053_Legal-Document-Form-Official-Papers_By_M-ART_Production_Artlist_HD.mp4&quot;,&quot;background_play_on_mobile&quot;:&quot;yes&quot;}\">\n\t\t\t\t\t<div class=\"e-con-inner\">\n\t\t<div class=\"elementor-background-video-container\">\n\t\t\t\t\t\t\t<video class=\"elementor-background-video-hosted\" role=\"presentation\" autoplay muted playsinline loop><\/video>\n\t\t\t\t\t<\/div><div class=\"elementor-element elementor-element-700db57 e-flex e-con-boxed e-con e-child\" data-id=\"700db57\" data-element_type=\"container\" data-e-type=\"container\">\n\t\t\t\t\t<div class=\"e-con-inner\">\n\t\t\t\t<div class=\"elementor-element elementor-element-e6e77ac elementor-widget elementor-widget-heading\" data-id=\"e6e77ac\" data-element_type=\"widget\" data-e-type=\"widget\" data-widget_type=\"heading.default\">\n\t\t\t\t<div class=\"elementor-widget-container\">\n\t\t\t\t\t<h6 class=\"elementor-heading-title elementor-size-default\">Empresa<\/h6>\t\t\t\t<\/div>\n\t\t\t\t<\/div>\n\t\t\t\t<div class=\"elementor-element elementor-element-e9df42f elementor-widget elementor-widget-heading\" data-id=\"e9df42f\" data-element_type=\"widget\" data-e-type=\"widget\" data-widget_type=\"heading.default\">\n\t\t\t\t<div class=\"elementor-widget-container\">\n\t\t\t\t\t<h2 class=\"elementor-heading-title elementor-size-default\">Politica QHSE<\/h2>\t\t\t\t<\/div>\n\t\t\t\t<\/div>\n\t\t\t\t<div class=\"elementor-element elementor-element-bf5d875 elementor-hidden-desktop elementor-hidden-laptop elementor-hidden-tablet elementor-hidden-mobile elementor-widget elementor-widget-template\" data-id=\"bf5d875\" data-element_type=\"widget\" data-e-type=\"widget\" data-widget_type=\"template.default\">\n\t\t\t\t<div class=\"elementor-widget-container\">\n\t\t\t\t\t\t\t<div class=\"elementor-template\">\n\t\t\t\t\t<div data-elementor-type=\"container\" data-elementor-id=\"24435\" class=\"elementor elementor-24435\" data-elementor-post-type=\"elementor_library\">\n\t\t\t\t<div class=\"elementor-element elementor-element-4268cb13 e-flex e-con-boxed e-con e-child\" data-id=\"4268cb13\" data-element_type=\"container\" data-e-type=\"container\">\n\t\t\t\t\t<div class=\"e-con-inner\">\n\t\t\t\t<div class=\"elementor-element elementor-element-59d24761 elementor-widget__width-auto elementor-view-default elementor-widget elementor-widget-icon\" data-id=\"59d24761\" data-element_type=\"widget\" data-e-type=\"widget\" data-widget_type=\"icon.default\">\n\t\t\t\t<div class=\"elementor-widget-container\">\n\t\t\t\t\t\t\t<div class=\"elementor-icon-wrapper\">\n\t\t\t<a class=\"elementor-icon\" href=\"#page\">\n\t\t\t<svg xmlns=\"http:\/\/www.w3.org\/2000\/svg\" xmlns:xlink=\"http:\/\/www.w3.org\/1999\/xlink\" width=\"800px\" height=\"800px\" viewBox=\"0 0 32 32\"><g id=\"icomoon-ignore\"><\/g><path d=\"M15.976 2.656c-7.366 0-13.337 5.97-13.337 13.337s5.97 13.337 13.337 13.337 13.337-5.97 13.337-13.337-5.97-13.337-13.337-13.337zM15.976 28.262c-6.765 0-12.27-5.504-12.27-12.27s5.505-12.27 12.27-12.27 12.27 5.505 12.27 12.27c0 6.765-5.505 12.27-12.27 12.27z\" fill=\"#FFFFFF\"><\/path><path d=\"M15.214 19.175l0.754 0.754 6.035-6.035-0.754-0.754-5.281 5.281-5.256-5.256-0.754 0.754 3.013 3.013z\" fill=\"#FFFFFF\"><\/path><\/svg>\t\t\t<\/a>\n\t\t<\/div>\n\t\t\t\t\t\t<\/div>\n\t\t\t\t<\/div>\n\t\t\t\t<div class=\"elementor-element elementor-element-50f4ccf1 elementor-widget elementor-widget-button\" data-id=\"50f4ccf1\" data-element_type=\"widget\" data-e-type=\"widget\" data-widget_type=\"button.default\">\n\t\t\t\t<div class=\"elementor-widget-container\">\n\t\t\t\t\t\t\t\t\t<div class=\"elementor-button-wrapper\">\n\t\t\t\t\t<a class=\"elementor-button elementor-button-link elementor-size-sm\" href=\"#page\">\n\t\t\t\t\t\t<span class=\"elementor-button-content-wrapper\">\n\t\t\t\t\t\t\t\t\t<span class=\"elementor-button-text\">SCROLL<\/span>\n\t\t\t\t\t<\/span>\n\t\t\t\t\t<\/a>\n\t\t\t\t<\/div>\n\t\t\t\t\t\t\t\t<\/div>\n\t\t\t\t<\/div>\n\t\t\t\t\t<\/div>\n\t\t\t\t<\/div>\n\t\t\t\t<\/div>\n\t\t\t\t<\/div>\n\t\t\t\t\t\t<\/div>\n\t\t\t\t<\/div>\n\t\t\t\t\t<\/div>\n\t\t\t\t<\/div>\n\t\t<div class=\"elementor-element elementor-element-d14991f e-flex e-con-boxed e-con e-child\" data-id=\"d14991f\" data-element_type=\"container\" data-e-type=\"container\" data-settings=\"{&quot;position&quot;:&quot;absolute&quot;}\">\n\t\t\t\t\t<div class=\"e-con-inner\">\n\t\t\t\t<div class=\"elementor-element elementor-element-08e4ed6 elementor-hidden-tablet elementor-hidden-mobile elementor-widget elementor-widget-template\" data-id=\"08e4ed6\" data-element_type=\"widget\" data-e-type=\"widget\" data-widget_type=\"template.default\">\n\t\t\t\t<div class=\"elementor-widget-container\">\n\t\t\t\t\t\t\t<div class=\"elementor-template\">\n\t\t\t\t\t<div data-elementor-type=\"container\" data-elementor-id=\"24435\" class=\"elementor elementor-24435\" data-elementor-post-type=\"elementor_library\">\n\t\t\t\t<div class=\"elementor-element elementor-element-4268cb13 e-flex e-con-boxed e-con e-child\" data-id=\"4268cb13\" data-element_type=\"container\" data-e-type=\"container\">\n\t\t\t\t\t<div class=\"e-con-inner\">\n\t\t\t\t<div class=\"elementor-element elementor-element-59d24761 elementor-widget__width-auto elementor-view-default elementor-widget elementor-widget-icon\" data-id=\"59d24761\" data-element_type=\"widget\" data-e-type=\"widget\" data-widget_type=\"icon.default\">\n\t\t\t\t<div class=\"elementor-widget-container\">\n\t\t\t\t\t\t\t<div class=\"elementor-icon-wrapper\">\n\t\t\t<a class=\"elementor-icon\" href=\"#page\">\n\t\t\t<svg xmlns=\"http:\/\/www.w3.org\/2000\/svg\" xmlns:xlink=\"http:\/\/www.w3.org\/1999\/xlink\" width=\"800px\" height=\"800px\" viewBox=\"0 0 32 32\"><g id=\"icomoon-ignore\"><\/g><path d=\"M15.976 2.656c-7.366 0-13.337 5.97-13.337 13.337s5.97 13.337 13.337 13.337 13.337-5.97 13.337-13.337-5.97-13.337-13.337-13.337zM15.976 28.262c-6.765 0-12.27-5.504-12.27-12.27s5.505-12.27 12.27-12.27 12.27 5.505 12.27 12.27c0 6.765-5.505 12.27-12.27 12.27z\" fill=\"#FFFFFF\"><\/path><path d=\"M15.214 19.175l0.754 0.754 6.035-6.035-0.754-0.754-5.281 5.281-5.256-5.256-0.754 0.754 3.013 3.013z\" fill=\"#FFFFFF\"><\/path><\/svg>\t\t\t<\/a>\n\t\t<\/div>\n\t\t\t\t\t\t<\/div>\n\t\t\t\t<\/div>\n\t\t\t\t<div class=\"elementor-element elementor-element-50f4ccf1 elementor-widget elementor-widget-button\" data-id=\"50f4ccf1\" data-element_type=\"widget\" data-e-type=\"widget\" data-widget_type=\"button.default\">\n\t\t\t\t<div class=\"elementor-widget-container\">\n\t\t\t\t\t\t\t\t\t<div class=\"elementor-button-wrapper\">\n\t\t\t\t\t<a class=\"elementor-button elementor-button-link elementor-size-sm\" href=\"#page\">\n\t\t\t\t\t\t<span class=\"elementor-button-content-wrapper\">\n\t\t\t\t\t\t\t\t\t<span class=\"elementor-button-text\">SCROLL<\/span>\n\t\t\t\t\t<\/span>\n\t\t\t\t\t<\/a>\n\t\t\t\t<\/div>\n\t\t\t\t\t\t\t\t<\/div>\n\t\t\t\t<\/div>\n\t\t\t\t\t<\/div>\n\t\t\t\t<\/div>\n\t\t\t\t<\/div>\n\t\t\t\t<\/div>\n\t\t\t\t\t\t<\/div>\n\t\t\t\t<\/div>\n\t\t\t\t\t<\/div>\n\t\t\t\t<\/div>\n\t\t\t\t\t<\/div>\n\t\t\t\t<\/div>\n\t\t<div class=\"elementor-element elementor-element-746ab65 e-grid certifications_section_file e-con-full e-con e-parent\" data-id=\"746ab65\" data-element_type=\"container\" data-e-type=\"container\" id=\"page\">\n\t\t<div class=\"elementor-element elementor-element-254765d e-con-full modal_image_open e-flex e-con e-child\" data-id=\"254765d\" data-element_type=\"container\" data-e-type=\"container\" data-settings=\"{&quot;background_background&quot;:&quot;classic&quot;}\">\n\t\t\t\t<\/div>\n\t\t<div class=\"elementor-element elementor-element-2dfad23 e-con-full modal_image_open e-flex e-con e-child\" data-id=\"2dfad23\" data-element_type=\"container\" data-e-type=\"container\" data-settings=\"{&quot;background_background&quot;:&quot;classic&quot;}\">\n\t\t<div class=\"elementor-element elementor-element-4cd2120 e-con-full modal_image_open e-flex e-con e-child\" data-id=\"4cd2120\" data-element_type=\"container\" data-e-type=\"container\" data-settings=\"{&quot;background_background&quot;:&quot;classic&quot;}\">\n\t\t<div class=\"elementor-element elementor-element-e8d10cf e-flex e-con-boxed e-con e-child\" data-id=\"e8d10cf\" data-element_type=\"container\" data-e-type=\"container\" data-settings=\"{&quot;background_background&quot;:&quot;classic&quot;}\">\n\t\t\t\t\t<div class=\"e-con-inner\">\n\t\t\t\t<div class=\"elementor-element elementor-element-33605e0 elementor-widget elementor-widget-heading\" data-id=\"33605e0\" data-element_type=\"widget\" data-e-type=\"widget\" data-widget_type=\"heading.default\">\n\t\t\t\t<div class=\"elementor-widget-container\">\n\t\t\t\t\t<h2 class=\"elementor-heading-title elementor-size-default\">Politica QHSE<\/h2>\t\t\t\t<\/div>\n\t\t\t\t<\/div>\n\t\t<div class=\"elementor-element elementor-element-c22e307 e-flex e-con-boxed e-con e-child\" data-id=\"c22e307\" data-element_type=\"container\" data-e-type=\"container\">\n\t\t\t\t\t<div class=\"e-con-inner\">\n\t\t\t\t<div class=\"elementor-element elementor-element-e50fe1d elementor-align-center elementor-widget elementor-widget-button\" data-id=\"e50fe1d\" data-element_type=\"widget\" data-e-type=\"widget\" download=\"\" data-widget_type=\"button.default\">\n\t\t\t\t<div class=\"elementor-widget-container\">\n\t\t\t\t\t\t\t\t\t<div class=\"elementor-button-wrapper\">\n\t\t\t\t\t<a class=\"elementor-button elementor-button-link elementor-size-sm\" href=\"https:\/\/derigorefrigeration.com\/wp-content\/uploads\/2025\/05\/SIN-001_PoliticaQSAPdG_08-05-2025-EN.pdf\" target=\"_blank\">\n\t\t\t\t\t\t<span class=\"elementor-button-content-wrapper\">\n\t\t\t\t\t\t\t\t\t<span class=\"elementor-button-text\">Descarga<\/span>\n\t\t\t\t\t<\/span>\n\t\t\t\t\t<\/a>\n\t\t\t\t<\/div>\n\t\t\t\t\t\t\t\t<\/div>\n\t\t\t\t<\/div>\n\t\t\t\t<div class=\"elementor-element elementor-element-2906381 elementor-align-center open_image_modal elementor-widget elementor-widget-button\" data-id=\"2906381\" data-element_type=\"widget\" data-e-type=\"widget\" download=\"\" data-widget_type=\"button.default\">\n\t\t\t\t<div class=\"elementor-widget-container\">\n\t\t\t\t\t\t\t\t\t<div class=\"elementor-button-wrapper\">\n\t\t\t\t\t<a class=\"elementor-button elementor-button-link elementor-size-sm\" href=\"#\" target=\"_blank\">\n\t\t\t\t\t\t<span class=\"elementor-button-content-wrapper\">\n\t\t\t\t\t\t\t\t\t<span class=\"elementor-button-text\">Anticipada<\/span>\n\t\t\t\t\t<\/span>\n\t\t\t\t\t<\/a>\n\t\t\t\t<\/div>\n\t\t\t\t\t\t\t\t<\/div>\n\t\t\t\t<\/div>\n\t\t\t\t\t<\/div>\n\t\t\t\t<\/div>\n\t\t\t\t\t<\/div>\n\t\t\t\t<\/div>\n\t\t\t\t<div class=\"elementor-element elementor-element-dc94605 elementor-widget elementor-widget-image\" data-id=\"dc94605\" data-element_type=\"widget\" data-e-type=\"widget\" data-widget_type=\"image.default\">\n\t\t\t\t<div class=\"elementor-widget-container\">\n\t\t\t\t\t\t\t\t\t\t\t\t\t\t\t\t<a href=\"https:\/\/derigorefrigeration.com\/wp-content\/uploads\/2025\/05\/SIN-001_PoliticaQSAPdG_08-05-2025-EN.png\" data-elementor-open-lightbox=\"yes\" data-elementor-lightbox-title=\"SIN-001_PoliticaQSAPdG_08-05-2025-EN\" data-e-action-hash=\"#elementor-action%3Aaction%3Dlightbox%26settings%3DeyJpZCI6MTAxNDg4LCJ1cmwiOiJodHRwczpcL1wvZGVyaWdvcmVmcmlnZXJhdGlvbi5jb21cL3dwLWNvbnRlbnRcL3VwbG9hZHNcLzIwMjVcLzA1XC9TSU4tMDAxX1BvbGl0aWNhUVNBUGRHXzA4LTA1LTIwMjUtRU4ucG5nIn0%3D\">\n\t\t\t\t\t\t\t<img fetchpriority=\"high\" decoding=\"async\" width=\"1737\" height=\"1200\" src=\"https:\/\/derigorefrigeration.com\/wp-content\/uploads\/2025\/05\/SIN-001_PoliticaQSAPdG_08-05-2025-EN.png\" class=\"elementor-animation-grow attachment-full size-full wp-image-101488\" alt=\"\" srcset=\"https:\/\/derigorefrigeration.com\/wp-content\/uploads\/2025\/05\/SIN-001_PoliticaQSAPdG_08-05-2025-EN.png 1737w, https:\/\/derigorefrigeration.com\/wp-content\/uploads\/2025\/05\/SIN-001_PoliticaQSAPdG_08-05-2025-EN-300x207.png 300w, https:\/\/derigorefrigeration.com\/wp-content\/uploads\/2025\/05\/SIN-001_PoliticaQSAPdG_08-05-2025-EN-1024x707.png 1024w, https:\/\/derigorefrigeration.com\/wp-content\/uploads\/2025\/05\/SIN-001_PoliticaQSAPdG_08-05-2025-EN-768x531.png 768w, https:\/\/derigorefrigeration.com\/wp-content\/uploads\/2025\/05\/SIN-001_PoliticaQSAPdG_08-05-2025-EN-1536x1061.png 1536w, https:\/\/derigorefrigeration.com\/wp-content\/uploads\/2025\/05\/SIN-001_PoliticaQSAPdG_08-05-2025-EN-800x553.png 800w\" sizes=\"(max-width: 1737px) 100vw, 1737px\" \/>\t\t\t\t\t\t\t\t<\/a>\n\t\t\t\t\t\t\t\t\t\t\t\t\t\t\t<\/div>\n\t\t\t\t<\/div>\n\t\t\t\t<\/div>\n\t\t\t\t<\/div>\n\t\t\t\t<\/div>\n\t\t\t\t<\/div>\n\t\t","protected":false},"excerpt":{"rendered":"<p>Empresa Politica QHSE Descarga Anticipada<\/p>\n","protected":false},"author":1,"featured_media":0,"parent":0,"menu_order":0,"comment_status":"closed","ping_status":"closed","template":"","meta":{"_acf_changed":false,"footnotes":""},"class_list":["post-86294","page","type-page","status-publish","hentry"],"acf":[],"yoast_head":"<!-- This site is optimized with the Yoast SEO plugin v27.3 - https:\/\/yoast.com\/product\/yoast-seo-wordpress\/ -->\n<title>Politica QHSE - De Rigo Refrigeration<\/title>\n<meta name=\"robots\" content=\"index, follow, max-snippet:-1, max-image-preview:large, max-video-preview:-1\" \/>\n<link rel=\"canonical\" href=\"https:\/\/derigorefrigeration.com\/es\/politica-qhse\/\" \/>\n<meta property=\"og:locale\" content=\"es_ES\" \/>\n<meta property=\"og:type\" content=\"article\" \/>\n<meta property=\"og:title\" content=\"Politica QHSE - De Rigo Refrigeration\" \/>\n<meta property=\"og:description\" content=\"Empresa Politica QHSE Descarga Anticipada\" \/>\n<meta property=\"og:url\" content=\"https:\/\/derigorefrigeration.com\/es\/politica-qhse\/\" \/>\n<meta property=\"og:site_name\" content=\"De Rigo Refrigeration\" \/>\n<meta property=\"article:modified_time\" content=\"2025-05-07T16:33:12+00:00\" \/>\n<meta property=\"og:image\" content=\"https:\/\/derigorefrigeration.com\/wp-content\/uploads\/2025\/05\/SIN-001_PoliticaQSAPdG_08-05-2025-EN.png\" \/>\n<meta name=\"twitter:card\" content=\"summary_large_image\" \/>\n<meta name=\"twitter:label1\" content=\"Tiempo de lectura\" \/>\n\t<meta name=\"twitter:data1\" content=\"1 minuto\" \/>\n<script type=\"application\/ld+json\" class=\"yoast-schema-graph\">{\"@context\":\"https:\\\/\\\/schema.org\",\"@graph\":[{\"@type\":\"WebPage\",\"@id\":\"https:\\\/\\\/derigorefrigeration.com\\\/es\\\/politica-qhse\\\/\",\"url\":\"https:\\\/\\\/derigorefrigeration.com\\\/es\\\/politica-qhse\\\/\",\"name\":\"Politica QHSE - De Rigo Refrigeration\",\"isPartOf\":{\"@id\":\"https:\\\/\\\/derigorefrigeration.com\\\/es\\\/#website\"},\"primaryImageOfPage\":{\"@id\":\"https:\\\/\\\/derigorefrigeration.com\\\/es\\\/politica-qhse\\\/#primaryimage\"},\"image\":{\"@id\":\"https:\\\/\\\/derigorefrigeration.com\\\/es\\\/politica-qhse\\\/#primaryimage\"},\"thumbnailUrl\":\"https:\\\/\\\/derigorefrigeration.com\\\/wp-content\\\/uploads\\\/2025\\\/05\\\/SIN-001_PoliticaQSAPdG_08-05-2025-EN.png\",\"datePublished\":\"2024-01-17T14:46:33+00:00\",\"dateModified\":\"2025-05-07T16:33:12+00:00\",\"breadcrumb\":{\"@id\":\"https:\\\/\\\/derigorefrigeration.com\\\/es\\\/politica-qhse\\\/#breadcrumb\"},\"inLanguage\":\"es\",\"potentialAction\":[{\"@type\":\"ReadAction\",\"target\":[\"https:\\\/\\\/derigorefrigeration.com\\\/es\\\/politica-qhse\\\/\"]}]},{\"@type\":\"ImageObject\",\"inLanguage\":\"es\",\"@id\":\"https:\\\/\\\/derigorefrigeration.com\\\/es\\\/politica-qhse\\\/#primaryimage\",\"url\":\"https:\\\/\\\/derigorefrigeration.com\\\/wp-content\\\/uploads\\\/2025\\\/05\\\/SIN-001_PoliticaQSAPdG_08-05-2025-EN.png\",\"contentUrl\":\"https:\\\/\\\/derigorefrigeration.com\\\/wp-content\\\/uploads\\\/2025\\\/05\\\/SIN-001_PoliticaQSAPdG_08-05-2025-EN.png\"},{\"@type\":\"BreadcrumbList\",\"@id\":\"https:\\\/\\\/derigorefrigeration.com\\\/es\\\/politica-qhse\\\/#breadcrumb\",\"itemListElement\":[{\"@type\":\"ListItem\",\"position\":1,\"name\":\"Home\",\"item\":\"https:\\\/\\\/derigorefrigeration.com\\\/es\\\/\"},{\"@type\":\"ListItem\",\"position\":2,\"name\":\"Politica QHSE\"}]},{\"@type\":\"WebSite\",\"@id\":\"https:\\\/\\\/derigorefrigeration.com\\\/es\\\/#website\",\"url\":\"https:\\\/\\\/derigorefrigeration.com\\\/es\\\/\",\"name\":\"De Rigo Refrigeration\",\"description\":\"Somos fabricantes de mandos a distancia, complementos, c\u00e1maras frigor\u00edficas y unidades de refrigeraci\u00f3n desde hace m\u00e1s de 50 a\u00f1os.\",\"publisher\":{\"@id\":\"https:\\\/\\\/derigorefrigeration.com\\\/es\\\/#organization\"},\"alternateName\":\"DRR\",\"potentialAction\":[{\"@type\":\"SearchAction\",\"target\":{\"@type\":\"EntryPoint\",\"urlTemplate\":\"https:\\\/\\\/derigorefrigeration.com\\\/es\\\/?s={search_term_string}\"},\"query-input\":{\"@type\":\"PropertyValueSpecification\",\"valueRequired\":true,\"valueName\":\"search_term_string\"}}],\"inLanguage\":\"es\"},{\"@type\":\"Organization\",\"@id\":\"https:\\\/\\\/derigorefrigeration.com\\\/es\\\/#organization\",\"name\":\"De Rigo Refrigeration\",\"url\":\"https:\\\/\\\/derigorefrigeration.com\\\/es\\\/\",\"logo\":{\"@type\":\"ImageObject\",\"inLanguage\":\"es\",\"@id\":\"https:\\\/\\\/derigorefrigeration.com\\\/es\\\/#\\\/schema\\\/logo\\\/image\\\/\",\"url\":\"https:\\\/\\\/derigorefrigeration.com\\\/wp-content\\\/uploads\\\/2023\\\/11\\\/logo_de_rigo.svg\",\"contentUrl\":\"https:\\\/\\\/derigorefrigeration.com\\\/wp-content\\\/uploads\\\/2023\\\/11\\\/logo_de_rigo.svg\",\"width\":265,\"height\":56,\"caption\":\"De Rigo Refrigeration\"},\"image\":{\"@id\":\"https:\\\/\\\/derigorefrigeration.com\\\/es\\\/#\\\/schema\\\/logo\\\/image\\\/\"}}]}<\/script>\n<!-- \/ Yoast SEO plugin. -->","yoast_head_json":{"title":"Politica QHSE - De Rigo Refrigeration","robots":{"index":"index","follow":"follow","max-snippet":"max-snippet:-1","max-image-preview":"max-image-preview:large","max-video-preview":"max-video-preview:-1"},"canonical":"https:\/\/derigorefrigeration.com\/es\/politica-qhse\/","og_locale":"es_ES","og_type":"article","og_title":"Politica QHSE - De Rigo Refrigeration","og_description":"Empresa Politica QHSE Descarga Anticipada","og_url":"https:\/\/derigorefrigeration.com\/es\/politica-qhse\/","og_site_name":"De Rigo Refrigeration","article_modified_time":"2025-05-07T16:33:12+00:00","og_image":[{"url":"https:\/\/derigorefrigeration.com\/wp-content\/uploads\/2025\/05\/SIN-001_PoliticaQSAPdG_08-05-2025-EN.png","type":"","width":"","height":""}],"twitter_card":"summary_large_image","twitter_misc":{"Tiempo de lectura":"1 minuto"},"schema":{"@context":"https:\/\/schema.org","@graph":[{"@type":"WebPage","@id":"https:\/\/derigorefrigeration.com\/es\/politica-qhse\/","url":"https:\/\/derigorefrigeration.com\/es\/politica-qhse\/","name":"Politica QHSE - De Rigo Refrigeration","isPartOf":{"@id":"https:\/\/derigorefrigeration.com\/es\/#website"},"primaryImageOfPage":{"@id":"https:\/\/derigorefrigeration.com\/es\/politica-qhse\/#primaryimage"},"image":{"@id":"https:\/\/derigorefrigeration.com\/es\/politica-qhse\/#primaryimage"},"thumbnailUrl":"https:\/\/derigorefrigeration.com\/wp-content\/uploads\/2025\/05\/SIN-001_PoliticaQSAPdG_08-05-2025-EN.png","datePublished":"2024-01-17T14:46:33+00:00","dateModified":"2025-05-07T16:33:12+00:00","breadcrumb":{"@id":"https:\/\/derigorefrigeration.com\/es\/politica-qhse\/#breadcrumb"},"inLanguage":"es","potentialAction":[{"@type":"ReadAction","target":["https:\/\/derigorefrigeration.com\/es\/politica-qhse\/"]}]},{"@type":"ImageObject","inLanguage":"es","@id":"https:\/\/derigorefrigeration.com\/es\/politica-qhse\/#primaryimage","url":"https:\/\/derigorefrigeration.com\/wp-content\/uploads\/2025\/05\/SIN-001_PoliticaQSAPdG_08-05-2025-EN.png","contentUrl":"https:\/\/derigorefrigeration.com\/wp-content\/uploads\/2025\/05\/SIN-001_PoliticaQSAPdG_08-05-2025-EN.png"},{"@type":"BreadcrumbList","@id":"https:\/\/derigorefrigeration.com\/es\/politica-qhse\/#breadcrumb","itemListElement":[{"@type":"ListItem","position":1,"name":"Home","item":"https:\/\/derigorefrigeration.com\/es\/"},{"@type":"ListItem","position":2,"name":"Politica QHSE"}]},{"@type":"WebSite","@id":"https:\/\/derigorefrigeration.com\/es\/#website","url":"https:\/\/derigorefrigeration.com\/es\/","name":"De Rigo Refrigeration","description":"Somos fabricantes de mandos a distancia, complementos, c\u00e1maras frigor\u00edficas y unidades de refrigeraci\u00f3n desde hace m\u00e1s de 50 a\u00f1os.","publisher":{"@id":"https:\/\/derigorefrigeration.com\/es\/#organization"},"alternateName":"DRR","potentialAction":[{"@type":"SearchAction","target":{"@type":"EntryPoint","urlTemplate":"https:\/\/derigorefrigeration.com\/es\/?s={search_term_string}"},"query-input":{"@type":"PropertyValueSpecification","valueRequired":true,"valueName":"search_term_string"}}],"inLanguage":"es"},{"@type":"Organization","@id":"https:\/\/derigorefrigeration.com\/es\/#organization","name":"De Rigo Refrigeration","url":"https:\/\/derigorefrigeration.com\/es\/","logo":{"@type":"ImageObject","inLanguage":"es","@id":"https:\/\/derigorefrigeration.com\/es\/#\/schema\/logo\/image\/","url":"https:\/\/derigorefrigeration.com\/wp-content\/uploads\/2023\/11\/logo_de_rigo.svg","contentUrl":"https:\/\/derigorefrigeration.com\/wp-content\/uploads\/2023\/11\/logo_de_rigo.svg","width":265,"height":56,"caption":"De Rigo Refrigeration"},"image":{"@id":"https:\/\/derigorefrigeration.com\/es\/#\/schema\/logo\/image\/"}}]}},"_links":{"self":[{"href":"https:\/\/derigorefrigeration.com\/es\/wp-json\/wp\/v2\/pages\/86294","targetHints":{"allow":["GET"]}}],"collection":[{"href":"https:\/\/derigorefrigeration.com\/es\/wp-json\/wp\/v2\/pages"}],"about":[{"href":"https:\/\/derigorefrigeration.com\/es\/wp-json\/wp\/v2\/types\/page"}],"author":[{"embeddable":true,"href":"https:\/\/derigorefrigeration.com\/es\/wp-json\/wp\/v2\/users\/1"}],"replies":[{"embeddable":true,"href":"https:\/\/derigorefrigeration.com\/es\/wp-json\/wp\/v2\/comments?post=86294"}],"version-history":[{"count":86,"href":"https:\/\/derigorefrigeration.com\/es\/wp-json\/wp\/v2\/pages\/86294\/revisions"}],"predecessor-version":[{"id":101507,"href":"https:\/\/derigorefrigeration.com\/es\/wp-json\/wp\/v2\/pages\/86294\/revisions\/101507"}],"wp:attachment":[{"href":"https:\/\/derigorefrigeration.com\/es\/wp-json\/wp\/v2\/media?parent=86294"}],"curies":[{"name":"wp","href":"https:\/\/api.w.org\/{rel}","templated":true}]}}