{"id":103266,"date":"2026-02-05T15:47:55","date_gmt":"2026-02-05T14:47:55","guid":{"rendered":"https:\/\/derigorefrigeration.com\/?page_id=103266"},"modified":"2026-02-17T11:15:13","modified_gmt":"2026-02-17T10:15:13","slug":"euroshop-2026-2","status":"publish","type":"page","link":"https:\/\/derigorefrigeration.com\/fr\/euroshop-2026-2\/","title":{"rendered":"Euroshop 2026 test"},"content":{"rendered":"\t\t<div data-elementor-type=\"wp-page\" data-elementor-id=\"103266\" class=\"elementor elementor-103266 elementor-103264\" data-elementor-post-type=\"page\">\n\t\t\t\t<div class=\"elementor-element elementor-element-a2c50f9 e-flex e-con-boxed e-con e-parent\" data-id=\"a2c50f9\" data-element_type=\"container\" data-e-type=\"container\" id=\"hero-video-home\" data-settings=\"{&quot;background_background&quot;:&quot;video&quot;,&quot;background_video_link&quot;:&quot;https:\\\/\\\/derigorefrigeration.com\\\/wp-content\\\/uploads\\\/2025\\\/12\\\/intro_ES-26.mp4&quot;,&quot;background_play_on_mobile&quot;:&quot;yes&quot;}\">\n\t\t\t\t\t<div class=\"e-con-inner\">\n\t\t<div class=\"elementor-background-video-container\">\n\t\t\t\t\t\t\t<video class=\"elementor-background-video-hosted\" role=\"presentation\" autoplay muted playsinline loop><\/video>\n\t\t\t\t\t<\/div><div class=\"elementor-element elementor-element-e75a5a3 animated-slow elementor-hidden-desktop elementor-hidden-laptop elementor-hidden-tablet elementor-hidden-mobile e-flex e-con-boxed elementor-invisible e-con e-child\" data-id=\"e75a5a3\" data-element_type=\"container\" data-e-type=\"container\" data-settings=\"{&quot;animation&quot;:&quot;fadeInUp&quot;}\">\n\t\t\t\t\t<div class=\"e-con-inner\">\n\t\t\t\t<div class=\"elementor-element elementor-element-17efe1a elementor-widget elementor-widget-heading\" data-id=\"17efe1a\" data-element_type=\"widget\" data-e-type=\"widget\" data-widget_type=\"heading.default\">\n\t\t\t\t<div class=\"elementor-widget-container\">\n\t\t\t\t\t<h6 class=\"elementor-heading-title elementor-size-default\">CHI SIAMO<\/h6>\t\t\t\t<\/div>\n\t\t\t\t<\/div>\n\t\t\t\t<div class=\"elementor-element elementor-element-497436d elementor-widget__width-initial elementor-widget elementor-widget-image\" data-id=\"497436d\" data-element_type=\"widget\" data-e-type=\"widget\" data-widget_type=\"image.default\">\n\t\t\t\t<div class=\"elementor-widget-container\">\n\t\t\t\t\t\t\t\t\t\t\t\t\t\t\t<img fetchpriority=\"high\" decoding=\"async\" width=\"600\" height=\"128\" src=\"https:\/\/derigorefrigeration.com\/wp-content\/uploads\/2024\/12\/logo-chi-siamo.png\" class=\"attachment-full size-full wp-image-87915\" alt=\"\" srcset=\"https:\/\/derigorefrigeration.com\/wp-content\/uploads\/2024\/12\/logo-chi-siamo.png 600w, https:\/\/derigorefrigeration.com\/wp-content\/uploads\/2024\/12\/logo-chi-siamo-300x64.png 300w\" sizes=\"(max-width: 600px) 100vw, 600px\" \/>\t\t\t\t\t\t\t\t\t\t\t\t\t\t\t<\/div>\n\t\t\t\t<\/div>\n\t\t\t\t<div class=\"elementor-element elementor-element-6cbbcd3 elementor-widget elementor-widget-heading\" data-id=\"6cbbcd3\" data-element_type=\"widget\" data-e-type=\"widget\" data-widget_type=\"heading.default\">\n\t\t\t\t<div class=\"elementor-widget-container\">\n\t\t\t\t\t<h2 class=\"elementor-heading-title elementor-size-default\">Un partner affidabile<br> nella refrigerazione commerciale.<\/h2>\t\t\t\t<\/div>\n\t\t\t\t<\/div>\n\t\t\t\t\t<\/div>\n\t\t\t\t<\/div>\n\t\t<div class=\"elementor-element elementor-element-c10a284 e-flex e-con-boxed e-con e-child\" data-id=\"c10a284\" data-element_type=\"container\" data-e-type=\"container\" data-settings=\"{&quot;position&quot;:&quot;absolute&quot;}\">\n\t\t\t\t\t<div class=\"e-con-inner\">\n\t\t\t\t<div class=\"elementor-element elementor-element-4631b61 elementor-hidden-tablet elementor-hidden-mobile elementor-widget elementor-widget-template\" data-id=\"4631b61\" data-element_type=\"widget\" data-e-type=\"widget\" data-widget_type=\"template.default\">\n\t\t\t\t<div class=\"elementor-widget-container\">\n\t\t\t\t\t\t\t<div class=\"elementor-template\">\n\t\t\t\t\t<div data-elementor-type=\"container\" data-elementor-id=\"24435\" class=\"elementor elementor-24435\" data-elementor-post-type=\"elementor_library\">\n\t\t\t\t<div class=\"elementor-element elementor-element-4268cb13 e-flex e-con-boxed e-con e-child\" data-id=\"4268cb13\" data-element_type=\"container\" data-e-type=\"container\">\n\t\t\t\t\t<div class=\"e-con-inner\">\n\t\t\t\t<div class=\"elementor-element elementor-element-59d24761 elementor-widget__width-auto elementor-view-default elementor-widget elementor-widget-icon\" data-id=\"59d24761\" data-element_type=\"widget\" data-e-type=\"widget\" data-widget_type=\"icon.default\">\n\t\t\t\t<div class=\"elementor-widget-container\">\n\t\t\t\t\t\t\t<div class=\"elementor-icon-wrapper\">\n\t\t\t<a class=\"elementor-icon\" href=\"#page\">\n\t\t\t<svg xmlns=\"http:\/\/www.w3.org\/2000\/svg\" xmlns:xlink=\"http:\/\/www.w3.org\/1999\/xlink\" width=\"800px\" height=\"800px\" viewBox=\"0 0 32 32\"><g id=\"icomoon-ignore\"><\/g><path d=\"M15.976 2.656c-7.366 0-13.337 5.97-13.337 13.337s5.97 13.337 13.337 13.337 13.337-5.97 13.337-13.337-5.97-13.337-13.337-13.337zM15.976 28.262c-6.765 0-12.27-5.504-12.27-12.27s5.505-12.27 12.27-12.27 12.27 5.505 12.27 12.27c0 6.765-5.505 12.27-12.27 12.27z\" fill=\"#FFFFFF\"><\/path><path d=\"M15.214 19.175l0.754 0.754 6.035-6.035-0.754-0.754-5.281 5.281-5.256-5.256-0.754 0.754 3.013 3.013z\" fill=\"#FFFFFF\"><\/path><\/svg>\t\t\t<\/a>\n\t\t<\/div>\n\t\t\t\t\t\t<\/div>\n\t\t\t\t<\/div>\n\t\t\t\t<div class=\"elementor-element elementor-element-50f4ccf1 elementor-widget elementor-widget-button\" data-id=\"50f4ccf1\" data-element_type=\"widget\" data-e-type=\"widget\" data-widget_type=\"button.default\">\n\t\t\t\t<div class=\"elementor-widget-container\">\n\t\t\t\t\t\t\t\t\t<div class=\"elementor-button-wrapper\">\n\t\t\t\t\t<a class=\"elementor-button elementor-button-link elementor-size-sm\" href=\"#page\">\n\t\t\t\t\t\t<span class=\"elementor-button-content-wrapper\">\n\t\t\t\t\t\t\t\t\t<span class=\"elementor-button-text\">SCROLL<\/span>\n\t\t\t\t\t<\/span>\n\t\t\t\t\t<\/a>\n\t\t\t\t<\/div>\n\t\t\t\t\t\t\t\t<\/div>\n\t\t\t\t<\/div>\n\t\t\t\t\t<\/div>\n\t\t\t\t<\/div>\n\t\t\t\t<\/div>\n\t\t\t\t<\/div>\n\t\t\t\t\t\t<\/div>\n\t\t\t\t<\/div>\n\t\t\t\t\t<\/div>\n\t\t\t\t<\/div>\n\t\t\t\t\t<\/div>\n\t\t\t\t<\/div>\n\t\t<div class=\"elementor-element elementor-element-bbd746c e-grid e-con-boxed e-con e-parent\" data-id=\"bbd746c\" data-element_type=\"container\" data-e-type=\"container\" data-settings=\"{&quot;background_background&quot;:&quot;classic&quot;}\">\n\t\t\t\t\t<div class=\"e-con-inner\">\n\t\t\t\t<div class=\"elementor-element elementor-element-9bf5640 elementor-widget elementor-widget-image\" data-id=\"9bf5640\" data-element_type=\"widget\" data-e-type=\"widget\" data-widget_type=\"image.default\">\n\t\t\t\t<div class=\"elementor-widget-container\">\n\t\t\t\t\t\t\t\t\t\t\t\t\t\t\t<img decoding=\"async\" width=\"659\" height=\"254\" src=\"https:\/\/derigorefrigeration.com\/wp-content\/uploads\/2026\/01\/EUROSHOP-LOGO-RGB.png\" class=\"attachment-full size-full wp-image-103225\" alt=\"\" srcset=\"https:\/\/derigorefrigeration.com\/wp-content\/uploads\/2026\/01\/EUROSHOP-LOGO-RGB.png 659w, https:\/\/derigorefrigeration.com\/wp-content\/uploads\/2026\/01\/EUROSHOP-LOGO-RGB-300x116.png 300w\" sizes=\"(max-width: 659px) 100vw, 659px\" \/>\t\t\t\t\t\t\t\t\t\t\t\t\t\t\t<\/div>\n\t\t\t\t<\/div>\n\t\t\t\t\t<\/div>\n\t\t\t\t<\/div>\n\t\t<div class=\"elementor-element elementor-element-6b8403b e-flex e-con-boxed e-con e-parent\" data-id=\"6b8403b\" data-element_type=\"container\" data-e-type=\"container\">\n\t\t\t\t\t<div class=\"e-con-inner\">\n\t\t<div class=\"elementor-element elementor-element-a8dd70e e-con-full e-flex e-con e-child\" data-id=\"a8dd70e\" data-element_type=\"container\" data-e-type=\"container\">\n\t\t\t\t<div class=\"elementor-element elementor-element-cbc61e2 elementor-widget elementor-widget-image\" data-id=\"cbc61e2\" data-element_type=\"widget\" data-e-type=\"widget\" data-settings=\"{&quot;motion_fx_motion_fx_scrolling&quot;:&quot;yes&quot;,&quot;motion_fx_translateX_effect&quot;:&quot;yes&quot;,&quot;motion_fx_translateX_speed&quot;:{&quot;unit&quot;:&quot;px&quot;,&quot;size&quot;:2.7,&quot;sizes&quot;:[]},&quot;motion_fx_translateX_affectedRange&quot;:{&quot;unit&quot;:&quot;%&quot;,&quot;size&quot;:&quot;&quot;,&quot;sizes&quot;:{&quot;start&quot;:0,&quot;end&quot;:100}},&quot;motion_fx_devices&quot;:[&quot;desktop&quot;,&quot;laptop&quot;,&quot;tablet&quot;,&quot;mobile&quot;]}\" data-widget_type=\"image.default\">\n\t\t\t\t<div class=\"elementor-widget-container\">\n\t\t\t\t\t\t\t\t\t\t\t\t\t\t\t<img decoding=\"async\" width=\"1228\" height=\"1039\" src=\"https:\/\/derigorefrigeration.com\/wp-content\/uploads\/2025\/11\/messe.jpg\" class=\"attachment-full size-full wp-image-102797\" alt=\"\" srcset=\"https:\/\/derigorefrigeration.com\/wp-content\/uploads\/2025\/11\/messe.jpg 1228w, https:\/\/derigorefrigeration.com\/wp-content\/uploads\/2025\/11\/messe-300x254.jpg 300w, https:\/\/derigorefrigeration.com\/wp-content\/uploads\/2025\/11\/messe-1024x866.jpg 1024w, https:\/\/derigorefrigeration.com\/wp-content\/uploads\/2025\/11\/messe-768x650.jpg 768w, https:\/\/derigorefrigeration.com\/wp-content\/uploads\/2025\/11\/messe-800x677.jpg 800w\" sizes=\"(max-width: 1228px) 100vw, 1228px\" \/>\t\t\t\t\t\t\t\t\t\t\t\t\t\t\t<\/div>\n\t\t\t\t<\/div>\n\t\t\t\t<\/div>\n\t\t<div class=\"elementor-element elementor-element-97fc7e0 e-con-full e-flex e-con e-child\" data-id=\"97fc7e0\" data-element_type=\"container\" data-e-type=\"container\">\n\t\t\t\t<div class=\"elementor-element elementor-element-0018427 elementor-widget elementor-widget-image\" data-id=\"0018427\" data-element_type=\"widget\" data-e-type=\"widget\" data-widget_type=\"image.default\">\n\t\t\t\t<div class=\"elementor-widget-container\">\n\t\t\t\t\t\t\t\t\t\t\t\t\t\t\t\t<a href=\"https:\/\/derigorefrigeration.com\/wp-content\/uploads\/2025\/12\/hall-15-1.jpg\" data-elementor-open-lightbox=\"yes\" data-elementor-lightbox-title=\"hall-15-1\" data-e-action-hash=\"#elementor-action%3Aaction%3Dlightbox%26settings%3DeyJpZCI6MTAzMDkxLCJ1cmwiOiJodHRwczpcL1wvZGVyaWdvcmVmcmlnZXJhdGlvbi5jb21cL3dwLWNvbnRlbnRcL3VwbG9hZHNcLzIwMjVcLzEyXC9oYWxsLTE1LTEuanBnIn0%3D\">\n\t\t\t\t\t\t\t<img loading=\"lazy\" decoding=\"async\" width=\"1024\" height=\"1022\" src=\"https:\/\/derigorefrigeration.com\/wp-content\/uploads\/2025\/12\/hall-15-1-1024x1022.jpg\" class=\"attachment-large size-large wp-image-103091\" alt=\"\" srcset=\"https:\/\/derigorefrigeration.com\/wp-content\/uploads\/2025\/12\/hall-15-1-1024x1022.jpg 1024w, https:\/\/derigorefrigeration.com\/wp-content\/uploads\/2025\/12\/hall-15-1-300x300.jpg 300w, https:\/\/derigorefrigeration.com\/wp-content\/uploads\/2025\/12\/hall-15-1-150x150.jpg 150w, https:\/\/derigorefrigeration.com\/wp-content\/uploads\/2025\/12\/hall-15-1-768x767.jpg 768w, https:\/\/derigorefrigeration.com\/wp-content\/uploads\/2025\/12\/hall-15-1-800x799.jpg 800w, https:\/\/derigorefrigeration.com\/wp-content\/uploads\/2025\/12\/hall-15-1.jpg 1202w\" sizes=\"(max-width: 1024px) 100vw, 1024px\" \/>\t\t\t\t\t\t\t\t<\/a>\n\t\t\t\t\t\t\t\t\t\t\t\t\t\t\t<\/div>\n\t\t\t\t<\/div>\n\t\t\t\t<div class=\"elementor-element elementor-element-d23a1cc elementor-widget elementor-widget-heading\" data-id=\"d23a1cc\" data-element_type=\"widget\" data-e-type=\"widget\" data-widget_type=\"heading.default\">\n\t\t\t\t<div class=\"elementor-widget-container\">\n\t\t\t\t\t<h2 class=\"elementor-heading-title elementor-size-default\">Hall 15 - Stand C24<\/h2>\t\t\t\t<\/div>\n\t\t\t\t<\/div>\n\t\t\t\t<\/div>\n\t\t\t\t\t<\/div>\n\t\t\t\t<\/div>\n\t\t<div class=\"elementor-element elementor-element-3503539 e-flex e-con-boxed e-con e-parent\" data-id=\"3503539\" data-element_type=\"container\" data-e-type=\"container\" data-settings=\"{&quot;background_background&quot;:&quot;classic&quot;}\">\n\t\t\t\t\t<div class=\"e-con-inner\">\n\t\t<div class=\"elementor-element elementor-element-cebbe6a e-con-full e-flex e-con e-child\" data-id=\"cebbe6a\" data-element_type=\"container\" data-e-type=\"container\">\n\t\t\t\t<div class=\"elementor-element elementor-element-6ebfa9f elementor-widget elementor-widget-heading\" data-id=\"6ebfa9f\" data-element_type=\"widget\" data-e-type=\"widget\" data-widget_type=\"heading.default\">\n\t\t\t\t<div class=\"elementor-widget-container\">\n\t\t\t\t\t<h2 class=\"elementor-heading-title elementor-size-default\">D\u00e9couvrez les produits <br>et solutions pr\u00e9sent\u00e9s <br>\u00e0 EuroShop 2026<\/h2>\t\t\t\t<\/div>\n\t\t\t\t<\/div>\n\t\t\t\t<\/div>\n\t\t<div class=\"elementor-element elementor-element-0ad000a e-con-full e-flex e-con e-child\" data-id=\"0ad000a\" data-element_type=\"container\" data-e-type=\"container\">\n\t\t\t\t<div class=\"elementor-element elementor-element-95e65a9 elementor-widget elementor-widget-shortcode\" data-id=\"95e65a9\" data-element_type=\"widget\" data-e-type=\"widget\" data-widget_type=\"shortcode.default\">\n\t\t\t\t<div class=\"elementor-widget-container\">\n\t\t\t\t\t\t\t<div class=\"elementor-shortcode\"><div class=\"pdf_dflip_reader\"><div class=\"_df_thumb \" id=\"df_103879\"  _slug=\"depliant-euroshop\" data-title=\"depliant-euroshop\" wpoptions=\"true\" thumb=\"https:\/\/derigorefrigeration.com\/wp-content\/uploads\/2026\/02\/Cover-ES2026.jpg\" thumbtype=\"\" >Depliant Euroshop<\/div><script class=\"df-shortcode-script\" nowprocket type=\"application\/javascript\">window.option_df_103879 = {\"outline\":[],\"autoEnableOutline\":\"false\",\"autoEnableThumbnail\":\"false\",\"overwritePDFOutline\":\"false\",\"direction\":\"1\",\"pageSize\":\"0\",\"source\":\"https:\\\/\\\/derigorefrigeration.com\\\/wp-content\\\/uploads\\\/2026\\\/02\\\/Brochure-ES-2026.pdf\",\"wpOptions\":\"true\"}; if(window.DFLIP && window.DFLIP.parseBooks){window.DFLIP.parseBooks();}<\/script><\/div><\/div>\n\t\t\t\t\t\t<\/div>\n\t\t\t\t<\/div>\n\t\t\t\t<div class=\"elementor-element elementor-element-db9646d elementor-align-center elementor-widget elementor-widget-button\" data-id=\"db9646d\" data-element_type=\"widget\" data-e-type=\"widget\" data-widget_type=\"button.default\">\n\t\t\t\t<div class=\"elementor-widget-container\">\n\t\t\t\t\t\t\t\t\t<div class=\"elementor-button-wrapper\">\n\t\t\t\t\t<a class=\"elementor-button elementor-button-link elementor-size-sm\" href=\"#browseCatalogue\">\n\t\t\t\t\t\t<span class=\"elementor-button-content-wrapper\">\n\t\t\t\t\t\t\t\t\t<span class=\"elementor-button-text\">Parcourir le catalogue<\/span>\n\t\t\t\t\t<\/span>\n\t\t\t\t\t<\/a>\n\t\t\t\t<\/div>\n\t\t\t\t\t\t\t\t<\/div>\n\t\t\t\t<\/div>\n\t\t\t\t<\/div>\n\t\t\t\t\t<\/div>\n\t\t\t\t<\/div>\n\t\t\t\t<\/div>\n\t\t","protected":false},"excerpt":{"rendered":"<p>CHI SIAMO Un partner affidabile nella refrigerazione commerciale. On se voit \u00e0 Euroshop dans&#8230; Jours Heures Minutes Secondes Hall 15 &#8211; Stand C24 D\u00e9couvrez les produits et solutions pr\u00e9sent\u00e9s \u00e0 EuroShop 2026 Parcourir le catalogue<\/p>\n","protected":false},"author":4,"featured_media":0,"parent":0,"menu_order":0,"comment_status":"closed","ping_status":"closed","template":"","meta":{"_acf_changed":false,"footnotes":""},"class_list":["post-103266","page","type-page","status-publish","hentry"],"acf":[],"yoast_head":"<!-- This site is optimized with the Yoast SEO plugin v27.3 - https:\/\/yoast.com\/product\/yoast-seo-wordpress\/ -->\n<title>Euroshop 2026 test - De Rigo Refrigeration<\/title>\n<meta name=\"robots\" content=\"index, follow, max-snippet:-1, max-image-preview:large, max-video-preview:-1\" \/>\n<link rel=\"canonical\" href=\"https:\/\/derigorefrigeration.com\/fr\/euroshop-2026-2\/\" \/>\n<meta property=\"og:locale\" content=\"fr_FR\" \/>\n<meta property=\"og:type\" content=\"article\" \/>\n<meta property=\"og:title\" content=\"Euroshop 2026 test - De Rigo Refrigeration\" \/>\n<meta property=\"og:description\" content=\"CHI SIAMO Un partner affidabile nella refrigerazione commerciale. On se voit \u00e0 Euroshop dans&#8230; Jours Heures Minutes Secondes Hall 15 &#8211; Stand C24 D\u00e9couvrez les produits et solutions pr\u00e9sent\u00e9s \u00e0 EuroShop 2026 Parcourir le catalogue\" \/>\n<meta property=\"og:url\" content=\"https:\/\/derigorefrigeration.com\/fr\/euroshop-2026-2\/\" \/>\n<meta property=\"og:site_name\" content=\"De Rigo Refrigeration\" \/>\n<meta property=\"article:modified_time\" content=\"2026-02-17T10:15:13+00:00\" \/>\n<meta property=\"og:image\" content=\"https:\/\/derigorefrigeration.com\/wp-content\/uploads\/2024\/12\/logo-chi-siamo.png\" \/>\n\t<meta property=\"og:image:width\" content=\"600\" \/>\n\t<meta property=\"og:image:height\" content=\"128\" \/>\n\t<meta property=\"og:image:type\" content=\"image\/png\" \/>\n<meta name=\"twitter:card\" content=\"summary_large_image\" \/>\n<meta name=\"twitter:label1\" content=\"Dur\u00e9e de lecture estim\u00e9e\" \/>\n\t<meta name=\"twitter:data1\" content=\"1 minute\" \/>\n<script type=\"application\/ld+json\" class=\"yoast-schema-graph\">{\"@context\":\"https:\\\/\\\/schema.org\",\"@graph\":[{\"@type\":\"WebPage\",\"@id\":\"https:\\\/\\\/derigorefrigeration.com\\\/fr\\\/euroshop-2026-2\\\/\",\"url\":\"https:\\\/\\\/derigorefrigeration.com\\\/fr\\\/euroshop-2026-2\\\/\",\"name\":\"Euroshop 2026 test - De Rigo Refrigeration\",\"isPartOf\":{\"@id\":\"https:\\\/\\\/derigorefrigeration.com\\\/fr\\\/#website\"},\"primaryImageOfPage\":{\"@id\":\"https:\\\/\\\/derigorefrigeration.com\\\/fr\\\/euroshop-2026-2\\\/#primaryimage\"},\"image\":{\"@id\":\"https:\\\/\\\/derigorefrigeration.com\\\/fr\\\/euroshop-2026-2\\\/#primaryimage\"},\"thumbnailUrl\":\"https:\\\/\\\/derigorefrigeration.com\\\/wp-content\\\/uploads\\\/2024\\\/12\\\/logo-chi-siamo.png\",\"datePublished\":\"2026-02-05T14:47:55+00:00\",\"dateModified\":\"2026-02-17T10:15:13+00:00\",\"breadcrumb\":{\"@id\":\"https:\\\/\\\/derigorefrigeration.com\\\/fr\\\/euroshop-2026-2\\\/#breadcrumb\"},\"inLanguage\":\"fr-FR\",\"potentialAction\":[{\"@type\":\"ReadAction\",\"target\":[\"https:\\\/\\\/derigorefrigeration.com\\\/fr\\\/euroshop-2026-2\\\/\"]}]},{\"@type\":\"ImageObject\",\"inLanguage\":\"fr-FR\",\"@id\":\"https:\\\/\\\/derigorefrigeration.com\\\/fr\\\/euroshop-2026-2\\\/#primaryimage\",\"url\":\"https:\\\/\\\/derigorefrigeration.com\\\/wp-content\\\/uploads\\\/2024\\\/12\\\/logo-chi-siamo.png\",\"contentUrl\":\"https:\\\/\\\/derigorefrigeration.com\\\/wp-content\\\/uploads\\\/2024\\\/12\\\/logo-chi-siamo.png\"},{\"@type\":\"BreadcrumbList\",\"@id\":\"https:\\\/\\\/derigorefrigeration.com\\\/fr\\\/euroshop-2026-2\\\/#breadcrumb\",\"itemListElement\":[{\"@type\":\"ListItem\",\"position\":1,\"name\":\"Home\",\"item\":\"https:\\\/\\\/derigorefrigeration.com\\\/fr\\\/\"},{\"@type\":\"ListItem\",\"position\":2,\"name\":\"Euroshop 2026 test\"}]},{\"@type\":\"WebSite\",\"@id\":\"https:\\\/\\\/derigorefrigeration.com\\\/fr\\\/#website\",\"url\":\"https:\\\/\\\/derigorefrigeration.com\\\/fr\\\/\",\"name\":\"De Rigo Refrigeration\",\"description\":\"Nous sommes fabricants de t\u00e9l\u00e9commandes, de modules, de chambres froides et d'unit\u00e9s de r\u00e9frig\u00e9ration depuis plus de 50 ans.\",\"publisher\":{\"@id\":\"https:\\\/\\\/derigorefrigeration.com\\\/fr\\\/#organization\"},\"alternateName\":\"DRR\",\"potentialAction\":[{\"@type\":\"SearchAction\",\"target\":{\"@type\":\"EntryPoint\",\"urlTemplate\":\"https:\\\/\\\/derigorefrigeration.com\\\/fr\\\/?s={search_term_string}\"},\"query-input\":{\"@type\":\"PropertyValueSpecification\",\"valueRequired\":true,\"valueName\":\"search_term_string\"}}],\"inLanguage\":\"fr-FR\"},{\"@type\":\"Organization\",\"@id\":\"https:\\\/\\\/derigorefrigeration.com\\\/fr\\\/#organization\",\"name\":\"De Rigo Refrigeration\",\"url\":\"https:\\\/\\\/derigorefrigeration.com\\\/fr\\\/\",\"logo\":{\"@type\":\"ImageObject\",\"inLanguage\":\"fr-FR\",\"@id\":\"https:\\\/\\\/derigorefrigeration.com\\\/fr\\\/#\\\/schema\\\/logo\\\/image\\\/\",\"url\":\"https:\\\/\\\/derigorefrigeration.com\\\/wp-content\\\/uploads\\\/2023\\\/11\\\/logo_de_rigo.svg\",\"contentUrl\":\"https:\\\/\\\/derigorefrigeration.com\\\/wp-content\\\/uploads\\\/2023\\\/11\\\/logo_de_rigo.svg\",\"width\":265,\"height\":56,\"caption\":\"De Rigo Refrigeration\"},\"image\":{\"@id\":\"https:\\\/\\\/derigorefrigeration.com\\\/fr\\\/#\\\/schema\\\/logo\\\/image\\\/\"}}]}<\/script>\n<!-- \/ Yoast SEO plugin. -->","yoast_head_json":{"title":"Euroshop 2026 test - De Rigo Refrigeration","robots":{"index":"index","follow":"follow","max-snippet":"max-snippet:-1","max-image-preview":"max-image-preview:large","max-video-preview":"max-video-preview:-1"},"canonical":"https:\/\/derigorefrigeration.com\/fr\/euroshop-2026-2\/","og_locale":"fr_FR","og_type":"article","og_title":"Euroshop 2026 test - De Rigo Refrigeration","og_description":"CHI SIAMO Un partner affidabile nella refrigerazione commerciale. On se voit \u00e0 Euroshop dans&#8230; Jours Heures Minutes Secondes Hall 15 &#8211; Stand C24 D\u00e9couvrez les produits et solutions pr\u00e9sent\u00e9s \u00e0 EuroShop 2026 Parcourir le catalogue","og_url":"https:\/\/derigorefrigeration.com\/fr\/euroshop-2026-2\/","og_site_name":"De Rigo Refrigeration","article_modified_time":"2026-02-17T10:15:13+00:00","og_image":[{"width":600,"height":128,"url":"https:\/\/derigorefrigeration.com\/wp-content\/uploads\/2024\/12\/logo-chi-siamo.png","type":"image\/png"}],"twitter_card":"summary_large_image","twitter_misc":{"Dur\u00e9e de lecture estim\u00e9e":"1 minute"},"schema":{"@context":"https:\/\/schema.org","@graph":[{"@type":"WebPage","@id":"https:\/\/derigorefrigeration.com\/fr\/euroshop-2026-2\/","url":"https:\/\/derigorefrigeration.com\/fr\/euroshop-2026-2\/","name":"Euroshop 2026 test - De Rigo Refrigeration","isPartOf":{"@id":"https:\/\/derigorefrigeration.com\/fr\/#website"},"primaryImageOfPage":{"@id":"https:\/\/derigorefrigeration.com\/fr\/euroshop-2026-2\/#primaryimage"},"image":{"@id":"https:\/\/derigorefrigeration.com\/fr\/euroshop-2026-2\/#primaryimage"},"thumbnailUrl":"https:\/\/derigorefrigeration.com\/wp-content\/uploads\/2024\/12\/logo-chi-siamo.png","datePublished":"2026-02-05T14:47:55+00:00","dateModified":"2026-02-17T10:15:13+00:00","breadcrumb":{"@id":"https:\/\/derigorefrigeration.com\/fr\/euroshop-2026-2\/#breadcrumb"},"inLanguage":"fr-FR","potentialAction":[{"@type":"ReadAction","target":["https:\/\/derigorefrigeration.com\/fr\/euroshop-2026-2\/"]}]},{"@type":"ImageObject","inLanguage":"fr-FR","@id":"https:\/\/derigorefrigeration.com\/fr\/euroshop-2026-2\/#primaryimage","url":"https:\/\/derigorefrigeration.com\/wp-content\/uploads\/2024\/12\/logo-chi-siamo.png","contentUrl":"https:\/\/derigorefrigeration.com\/wp-content\/uploads\/2024\/12\/logo-chi-siamo.png"},{"@type":"BreadcrumbList","@id":"https:\/\/derigorefrigeration.com\/fr\/euroshop-2026-2\/#breadcrumb","itemListElement":[{"@type":"ListItem","position":1,"name":"Home","item":"https:\/\/derigorefrigeration.com\/fr\/"},{"@type":"ListItem","position":2,"name":"Euroshop 2026 test"}]},{"@type":"WebSite","@id":"https:\/\/derigorefrigeration.com\/fr\/#website","url":"https:\/\/derigorefrigeration.com\/fr\/","name":"De Rigo Refrigeration","description":"Nous sommes fabricants de t\u00e9l\u00e9commandes, de modules, de chambres froides et d'unit\u00e9s de r\u00e9frig\u00e9ration depuis plus de 50 ans.","publisher":{"@id":"https:\/\/derigorefrigeration.com\/fr\/#organization"},"alternateName":"DRR","potentialAction":[{"@type":"SearchAction","target":{"@type":"EntryPoint","urlTemplate":"https:\/\/derigorefrigeration.com\/fr\/?s={search_term_string}"},"query-input":{"@type":"PropertyValueSpecification","valueRequired":true,"valueName":"search_term_string"}}],"inLanguage":"fr-FR"},{"@type":"Organization","@id":"https:\/\/derigorefrigeration.com\/fr\/#organization","name":"De Rigo Refrigeration","url":"https:\/\/derigorefrigeration.com\/fr\/","logo":{"@type":"ImageObject","inLanguage":"fr-FR","@id":"https:\/\/derigorefrigeration.com\/fr\/#\/schema\/logo\/image\/","url":"https:\/\/derigorefrigeration.com\/wp-content\/uploads\/2023\/11\/logo_de_rigo.svg","contentUrl":"https:\/\/derigorefrigeration.com\/wp-content\/uploads\/2023\/11\/logo_de_rigo.svg","width":265,"height":56,"caption":"De Rigo Refrigeration"},"image":{"@id":"https:\/\/derigorefrigeration.com\/fr\/#\/schema\/logo\/image\/"}}]}},"_links":{"self":[{"href":"https:\/\/derigorefrigeration.com\/fr\/wp-json\/wp\/v2\/pages\/103266","targetHints":{"allow":["GET"]}}],"collection":[{"href":"https:\/\/derigorefrigeration.com\/fr\/wp-json\/wp\/v2\/pages"}],"about":[{"href":"https:\/\/derigorefrigeration.com\/fr\/wp-json\/wp\/v2\/types\/page"}],"author":[{"embeddable":true,"href":"https:\/\/derigorefrigeration.com\/fr\/wp-json\/wp\/v2\/users\/4"}],"replies":[{"embeddable":true,"href":"https:\/\/derigorefrigeration.com\/fr\/wp-json\/wp\/v2\/comments?post=103266"}],"version-history":[{"count":5,"href":"https:\/\/derigorefrigeration.com\/fr\/wp-json\/wp\/v2\/pages\/103266\/revisions"}],"predecessor-version":[{"id":104150,"href":"https:\/\/derigorefrigeration.com\/fr\/wp-json\/wp\/v2\/pages\/103266\/revisions\/104150"}],"wp:attachment":[{"href":"https:\/\/derigorefrigeration.com\/fr\/wp-json\/wp\/v2\/media?parent=103266"}],"curies":[{"name":"wp","href":"https:\/\/api.w.org\/{rel}","templated":true}]}}