{"id":86589,"date":"2024-01-17T14:24:06","date_gmt":"2024-01-17T13:24:06","guid":{"rendered":"https:\/\/derigorefrigeration.com\/work-with-us\/"},"modified":"2025-03-24T10:43:23","modified_gmt":"2025-03-24T09:43:23","slug":"travaille-avec-nous","status":"publish","type":"page","link":"https:\/\/derigorefrigeration.com\/fr\/travaille-avec-nous\/","title":{"rendered":"Travaille avec nous"},"content":{"rendered":"\t\t<div data-elementor-type=\"wp-page\" data-elementor-id=\"86589\" class=\"elementor elementor-86589 elementor-518\" data-elementor-post-type=\"page\">\n\t\t\t\t<div class=\"elementor-element elementor-element-37c1c70 e-flex e-con-boxed e-con e-parent\" data-id=\"37c1c70\" data-element_type=\"container\" data-e-type=\"container\" data-settings=\"{&quot;background_background&quot;:&quot;video&quot;,&quot;background_video_link&quot;:&quot;https:\\\/\\\/derigorefrigeration.com\\\/wp-content\\\/uploads\\\/2024\\\/07\\\/LAVORA-CON-NOI.mp4&quot;,&quot;background_play_on_mobile&quot;:&quot;yes&quot;}\">\n\t\t\t\t\t<div class=\"e-con-inner\">\n\t\t<div class=\"elementor-background-video-container\">\n\t\t\t\t\t\t\t<video class=\"elementor-background-video-hosted\" role=\"presentation\" autoplay muted playsinline loop><\/video>\n\t\t\t\t\t<\/div><div class=\"elementor-element elementor-element-cfd713e e-flex e-con-boxed e-con e-child\" data-id=\"cfd713e\" data-element_type=\"container\" data-e-type=\"container\">\n\t\t\t\t\t<div class=\"e-con-inner\">\n\t\t\t\t<div class=\"elementor-element elementor-element-693a7aa elementor-widget elementor-widget-heading\" data-id=\"693a7aa\" data-element_type=\"widget\" data-e-type=\"widget\" data-widget_type=\"heading.default\">\n\t\t\t\t<div class=\"elementor-widget-container\">\n\t\t\t\t\t<h2 class=\"elementor-heading-title elementor-size-default\">Travaille avec nous<\/h2>\t\t\t\t<\/div>\n\t\t\t\t<\/div>\n\t\t\t\t\t<\/div>\n\t\t\t\t<\/div>\n\t\t<div class=\"elementor-element elementor-element-12e3798 e-flex e-con-boxed e-con e-child\" data-id=\"12e3798\" data-element_type=\"container\" data-e-type=\"container\" data-settings=\"{&quot;position&quot;:&quot;absolute&quot;}\">\n\t\t\t\t\t<div class=\"e-con-inner\">\n\t\t\t\t<div class=\"elementor-element elementor-element-99f40a2 elementor-hidden-tablet elementor-hidden-mobile elementor-widget elementor-widget-template\" data-id=\"99f40a2\" data-element_type=\"widget\" data-e-type=\"widget\" data-widget_type=\"template.default\">\n\t\t\t\t<div class=\"elementor-widget-container\">\n\t\t\t\t\t\t\t<div class=\"elementor-template\">\n\t\t\t\t\t<div data-elementor-type=\"container\" data-elementor-id=\"24435\" class=\"elementor elementor-24435\" data-elementor-post-type=\"elementor_library\">\n\t\t\t\t<div class=\"elementor-element elementor-element-4268cb13 e-flex e-con-boxed e-con e-child\" data-id=\"4268cb13\" data-element_type=\"container\" data-e-type=\"container\">\n\t\t\t\t\t<div class=\"e-con-inner\">\n\t\t\t\t<div class=\"elementor-element elementor-element-59d24761 elementor-widget__width-auto elementor-view-default elementor-widget elementor-widget-icon\" data-id=\"59d24761\" data-element_type=\"widget\" data-e-type=\"widget\" data-widget_type=\"icon.default\">\n\t\t\t\t<div class=\"elementor-widget-container\">\n\t\t\t\t\t\t\t<div class=\"elementor-icon-wrapper\">\n\t\t\t<a class=\"elementor-icon\" href=\"#page\">\n\t\t\t<svg xmlns=\"http:\/\/www.w3.org\/2000\/svg\" xmlns:xlink=\"http:\/\/www.w3.org\/1999\/xlink\" width=\"800px\" height=\"800px\" viewBox=\"0 0 32 32\"><g id=\"icomoon-ignore\"><\/g><path d=\"M15.976 2.656c-7.366 0-13.337 5.97-13.337 13.337s5.97 13.337 13.337 13.337 13.337-5.97 13.337-13.337-5.97-13.337-13.337-13.337zM15.976 28.262c-6.765 0-12.27-5.504-12.27-12.27s5.505-12.27 12.27-12.27 12.27 5.505 12.27 12.27c0 6.765-5.505 12.27-12.27 12.27z\" fill=\"#FFFFFF\"><\/path><path d=\"M15.214 19.175l0.754 0.754 6.035-6.035-0.754-0.754-5.281 5.281-5.256-5.256-0.754 0.754 3.013 3.013z\" fill=\"#FFFFFF\"><\/path><\/svg>\t\t\t<\/a>\n\t\t<\/div>\n\t\t\t\t\t\t<\/div>\n\t\t\t\t<\/div>\n\t\t\t\t<div class=\"elementor-element elementor-element-50f4ccf1 elementor-widget elementor-widget-button\" data-id=\"50f4ccf1\" data-element_type=\"widget\" data-e-type=\"widget\" data-widget_type=\"button.default\">\n\t\t\t\t<div class=\"elementor-widget-container\">\n\t\t\t\t\t\t\t\t\t<div class=\"elementor-button-wrapper\">\n\t\t\t\t\t<a class=\"elementor-button elementor-button-link elementor-size-sm\" href=\"#page\">\n\t\t\t\t\t\t<span class=\"elementor-button-content-wrapper\">\n\t\t\t\t\t\t\t\t\t<span class=\"elementor-button-text\">SCROLL<\/span>\n\t\t\t\t\t<\/span>\n\t\t\t\t\t<\/a>\n\t\t\t\t<\/div>\n\t\t\t\t\t\t\t\t<\/div>\n\t\t\t\t<\/div>\n\t\t\t\t\t<\/div>\n\t\t\t\t<\/div>\n\t\t\t\t<\/div>\n\t\t\t\t<\/div>\n\t\t\t\t\t\t<\/div>\n\t\t\t\t<\/div>\n\t\t\t\t\t<\/div>\n\t\t\t\t<\/div>\n\t\t\t\t\t<\/div>\n\t\t\t\t<\/div>\n\t\t<div class=\"elementor-element elementor-element-8c9537d e-flex e-con-boxed e-con e-parent\" data-id=\"8c9537d\" data-element_type=\"container\" data-e-type=\"container\" id=\"page\">\n\t\t\t\t\t<div class=\"e-con-inner\">\n\t\t<div class=\"elementor-element elementor-element-0052c50 e-con-full e-flex e-con e-child\" data-id=\"0052c50\" data-element_type=\"container\" data-e-type=\"container\">\n\t\t\t\t<div class=\"elementor-element elementor-element-7f33af5 elementor-widget elementor-widget-heading\" data-id=\"7f33af5\" data-element_type=\"widget\" data-e-type=\"widget\" data-widget_type=\"heading.default\">\n\t\t\t\t<div class=\"elementor-widget-container\">\n\t\t\t\t\t<h2 class=\"elementor-heading-title elementor-size-default\">Bienvenue dans la section \"travaillez avec nous\" de\nDe Rigo Refrigeration<\/h2>\t\t\t\t<\/div>\n\t\t\t\t<\/div>\n\t\t\t\t<div class=\"elementor-element elementor-element-fa3d4ec elementor-widget elementor-widget-text-editor\" data-id=\"fa3d4ec\" data-element_type=\"widget\" data-e-type=\"widget\" data-widget_type=\"text-editor.default\">\n\t\t\t\t<div class=\"elementor-widget-container\">\n\t\t\t\t\t\t\t\t\t<p>Nous recherchons des personnes talentueuses, dynamiques, motiv\u00e9es, ax\u00e9es sur les r\u00e9sultats et capables de produire des id\u00e9es innovantes.<\/p>\t\t\t\t\t\t\t\t<\/div>\n\t\t\t\t<\/div>\n\t\t\t\t<\/div>\n\t\t<div class=\"elementor-element elementor-element-9ef40a2 e-con-full e-flex e-con e-child\" data-id=\"9ef40a2\" data-element_type=\"container\" data-e-type=\"container\">\n\t\t\t\t<div class=\"elementor-element elementor-element-b47c132 elementor-align-justify elementor-widget elementor-widget-button\" data-id=\"b47c132\" data-element_type=\"widget\" data-e-type=\"widget\" data-widget_type=\"button.default\">\n\t\t\t\t<div class=\"elementor-widget-container\">\n\t\t\t\t\t\t\t\t\t<div class=\"elementor-button-wrapper\">\n\t\t\t\t\t<a class=\"elementor-button elementor-button-link elementor-size-sm\" href=\"https:\/\/derigorefrigeration.com\/candidatura-spontanea\/\">\n\t\t\t\t\t\t<span class=\"elementor-button-content-wrapper\">\n\t\t\t\t\t\t\t\t\t<span class=\"elementor-button-text\">Candidature spontan\u00e9e<\/span>\n\t\t\t\t\t<\/span>\n\t\t\t\t\t<\/a>\n\t\t\t\t<\/div>\n\t\t\t\t\t\t\t\t<\/div>\n\t\t\t\t<\/div>\n\t\t\t\t<div class=\"elementor-element elementor-element-d802ddb elementor-widget elementor-widget-heading\" data-id=\"d802ddb\" data-element_type=\"widget\" data-e-type=\"widget\" data-widget_type=\"heading.default\">\n\t\t\t\t<div class=\"elementor-widget-container\">\n\t\t\t\t\t<h2 class=\"elementor-heading-title elementor-size-default\">(UNIQUEMENT POUR L' ITALIEN PARLANT)<\/h2>\t\t\t\t<\/div>\n\t\t\t\t<\/div>\n\t\t\t\t<\/div>\n\t\t\t\t\t<\/div>\n\t\t\t\t<\/div>\n\t\t\t\t<\/div>\n\t\t","protected":false},"excerpt":{"rendered":"<p>Travaille avec nous Bienvenue dans la section \u00ab\u00a0travaillez avec nous\u00a0\u00bb de De Rigo Refrigeration Nous recherchons des personnes talentueuses, dynamiques, motiv\u00e9es, ax\u00e9es sur les r\u00e9sultats et capables de produire des id\u00e9es innovantes. Candidature spontan\u00e9e (UNIQUEMENT POUR L&rsquo; ITALIEN PARLANT)<\/p>\n","protected":false},"author":1,"featured_media":0,"parent":0,"menu_order":0,"comment_status":"closed","ping_status":"closed","template":"","meta":{"_acf_changed":false,"footnotes":""},"class_list":["post-86589","page","type-page","status-publish","hentry"],"acf":[],"yoast_head":"<!-- This site is optimized with the Yoast SEO plugin v27.3 - https:\/\/yoast.com\/product\/yoast-seo-wordpress\/ -->\n<title>Travaille avec nous - De Rigo Refrigeration<\/title>\n<meta name=\"robots\" content=\"index, follow, max-snippet:-1, max-image-preview:large, max-video-preview:-1\" \/>\n<link rel=\"canonical\" href=\"https:\/\/derigorefrigeration.com\/fr\/travaille-avec-nous\/\" \/>\n<meta property=\"og:locale\" content=\"fr_FR\" \/>\n<meta property=\"og:type\" content=\"article\" \/>\n<meta property=\"og:title\" content=\"Travaille avec nous - De Rigo Refrigeration\" \/>\n<meta property=\"og:description\" content=\"Travaille avec nous Bienvenue dans la section \u00ab\u00a0travaillez avec nous\u00a0\u00bb de De Rigo Refrigeration Nous recherchons des personnes talentueuses, dynamiques, motiv\u00e9es, ax\u00e9es sur les r\u00e9sultats et capables de produire des id\u00e9es innovantes. Candidature spontan\u00e9e (UNIQUEMENT POUR L&rsquo; ITALIEN PARLANT)\" \/>\n<meta property=\"og:url\" content=\"https:\/\/derigorefrigeration.com\/fr\/travaille-avec-nous\/\" \/>\n<meta property=\"og:site_name\" content=\"De Rigo Refrigeration\" \/>\n<meta property=\"article:modified_time\" content=\"2025-03-24T09:43:23+00:00\" \/>\n<meta property=\"og:image\" content=\"https:\/\/derigorefrigeration.com\/wp-content\/uploads\/2025\/03\/de-rigo-refrigeration_step1-1-1.jpg\" \/>\n\t<meta property=\"og:image:width\" content=\"1054\" \/>\n\t<meta property=\"og:image:height\" content=\"509\" \/>\n\t<meta property=\"og:image:type\" content=\"image\/jpeg\" \/>\n<meta name=\"twitter:card\" content=\"summary_large_image\" \/>\n<meta name=\"twitter:label1\" content=\"Dur\u00e9e de lecture estim\u00e9e\" \/>\n\t<meta name=\"twitter:data1\" content=\"1 minute\" \/>\n<script type=\"application\/ld+json\" class=\"yoast-schema-graph\">{\"@context\":\"https:\\\/\\\/schema.org\",\"@graph\":[{\"@type\":\"WebPage\",\"@id\":\"https:\\\/\\\/derigorefrigeration.com\\\/fr\\\/travaille-avec-nous\\\/\",\"url\":\"https:\\\/\\\/derigorefrigeration.com\\\/fr\\\/travaille-avec-nous\\\/\",\"name\":\"Travaille avec nous - De Rigo Refrigeration\",\"isPartOf\":{\"@id\":\"https:\\\/\\\/derigorefrigeration.com\\\/fr\\\/#website\"},\"datePublished\":\"2024-01-17T13:24:06+00:00\",\"dateModified\":\"2025-03-24T09:43:23+00:00\",\"breadcrumb\":{\"@id\":\"https:\\\/\\\/derigorefrigeration.com\\\/fr\\\/travaille-avec-nous\\\/#breadcrumb\"},\"inLanguage\":\"fr-FR\",\"potentialAction\":[{\"@type\":\"ReadAction\",\"target\":[\"https:\\\/\\\/derigorefrigeration.com\\\/fr\\\/travaille-avec-nous\\\/\"]}]},{\"@type\":\"BreadcrumbList\",\"@id\":\"https:\\\/\\\/derigorefrigeration.com\\\/fr\\\/travaille-avec-nous\\\/#breadcrumb\",\"itemListElement\":[{\"@type\":\"ListItem\",\"position\":1,\"name\":\"Home\",\"item\":\"https:\\\/\\\/derigorefrigeration.com\\\/fr\\\/\"},{\"@type\":\"ListItem\",\"position\":2,\"name\":\"Travaille avec nous\"}]},{\"@type\":\"WebSite\",\"@id\":\"https:\\\/\\\/derigorefrigeration.com\\\/fr\\\/#website\",\"url\":\"https:\\\/\\\/derigorefrigeration.com\\\/fr\\\/\",\"name\":\"De Rigo Refrigeration\",\"description\":\"Nous sommes fabricants de t\u00e9l\u00e9commandes, de modules, de chambres froides et d'unit\u00e9s de r\u00e9frig\u00e9ration depuis plus de 50 ans.\",\"publisher\":{\"@id\":\"https:\\\/\\\/derigorefrigeration.com\\\/fr\\\/#organization\"},\"alternateName\":\"DRR\",\"potentialAction\":[{\"@type\":\"SearchAction\",\"target\":{\"@type\":\"EntryPoint\",\"urlTemplate\":\"https:\\\/\\\/derigorefrigeration.com\\\/fr\\\/?s={search_term_string}\"},\"query-input\":{\"@type\":\"PropertyValueSpecification\",\"valueRequired\":true,\"valueName\":\"search_term_string\"}}],\"inLanguage\":\"fr-FR\"},{\"@type\":\"Organization\",\"@id\":\"https:\\\/\\\/derigorefrigeration.com\\\/fr\\\/#organization\",\"name\":\"De Rigo Refrigeration\",\"url\":\"https:\\\/\\\/derigorefrigeration.com\\\/fr\\\/\",\"logo\":{\"@type\":\"ImageObject\",\"inLanguage\":\"fr-FR\",\"@id\":\"https:\\\/\\\/derigorefrigeration.com\\\/fr\\\/#\\\/schema\\\/logo\\\/image\\\/\",\"url\":\"https:\\\/\\\/derigorefrigeration.com\\\/wp-content\\\/uploads\\\/2023\\\/11\\\/logo_de_rigo.svg\",\"contentUrl\":\"https:\\\/\\\/derigorefrigeration.com\\\/wp-content\\\/uploads\\\/2023\\\/11\\\/logo_de_rigo.svg\",\"width\":265,\"height\":56,\"caption\":\"De Rigo Refrigeration\"},\"image\":{\"@id\":\"https:\\\/\\\/derigorefrigeration.com\\\/fr\\\/#\\\/schema\\\/logo\\\/image\\\/\"}}]}<\/script>\n<!-- \/ Yoast SEO plugin. -->","yoast_head_json":{"title":"Travaille avec nous - De Rigo Refrigeration","robots":{"index":"index","follow":"follow","max-snippet":"max-snippet:-1","max-image-preview":"max-image-preview:large","max-video-preview":"max-video-preview:-1"},"canonical":"https:\/\/derigorefrigeration.com\/fr\/travaille-avec-nous\/","og_locale":"fr_FR","og_type":"article","og_title":"Travaille avec nous - De Rigo Refrigeration","og_description":"Travaille avec nous Bienvenue dans la section \u00ab\u00a0travaillez avec nous\u00a0\u00bb de De Rigo Refrigeration Nous recherchons des personnes talentueuses, dynamiques, motiv\u00e9es, ax\u00e9es sur les r\u00e9sultats et capables de produire des id\u00e9es innovantes. Candidature spontan\u00e9e (UNIQUEMENT POUR L&rsquo; ITALIEN PARLANT)","og_url":"https:\/\/derigorefrigeration.com\/fr\/travaille-avec-nous\/","og_site_name":"De Rigo Refrigeration","article_modified_time":"2025-03-24T09:43:23+00:00","og_image":[{"width":1054,"height":509,"url":"https:\/\/derigorefrigeration.com\/wp-content\/uploads\/2025\/03\/de-rigo-refrigeration_step1-1-1.jpg","type":"image\/jpeg"}],"twitter_card":"summary_large_image","twitter_misc":{"Dur\u00e9e de lecture estim\u00e9e":"1 minute"},"schema":{"@context":"https:\/\/schema.org","@graph":[{"@type":"WebPage","@id":"https:\/\/derigorefrigeration.com\/fr\/travaille-avec-nous\/","url":"https:\/\/derigorefrigeration.com\/fr\/travaille-avec-nous\/","name":"Travaille avec nous - De Rigo Refrigeration","isPartOf":{"@id":"https:\/\/derigorefrigeration.com\/fr\/#website"},"datePublished":"2024-01-17T13:24:06+00:00","dateModified":"2025-03-24T09:43:23+00:00","breadcrumb":{"@id":"https:\/\/derigorefrigeration.com\/fr\/travaille-avec-nous\/#breadcrumb"},"inLanguage":"fr-FR","potentialAction":[{"@type":"ReadAction","target":["https:\/\/derigorefrigeration.com\/fr\/travaille-avec-nous\/"]}]},{"@type":"BreadcrumbList","@id":"https:\/\/derigorefrigeration.com\/fr\/travaille-avec-nous\/#breadcrumb","itemListElement":[{"@type":"ListItem","position":1,"name":"Home","item":"https:\/\/derigorefrigeration.com\/fr\/"},{"@type":"ListItem","position":2,"name":"Travaille avec nous"}]},{"@type":"WebSite","@id":"https:\/\/derigorefrigeration.com\/fr\/#website","url":"https:\/\/derigorefrigeration.com\/fr\/","name":"De Rigo Refrigeration","description":"Nous sommes fabricants de t\u00e9l\u00e9commandes, de modules, de chambres froides et d'unit\u00e9s de r\u00e9frig\u00e9ration depuis plus de 50 ans.","publisher":{"@id":"https:\/\/derigorefrigeration.com\/fr\/#organization"},"alternateName":"DRR","potentialAction":[{"@type":"SearchAction","target":{"@type":"EntryPoint","urlTemplate":"https:\/\/derigorefrigeration.com\/fr\/?s={search_term_string}"},"query-input":{"@type":"PropertyValueSpecification","valueRequired":true,"valueName":"search_term_string"}}],"inLanguage":"fr-FR"},{"@type":"Organization","@id":"https:\/\/derigorefrigeration.com\/fr\/#organization","name":"De Rigo Refrigeration","url":"https:\/\/derigorefrigeration.com\/fr\/","logo":{"@type":"ImageObject","inLanguage":"fr-FR","@id":"https:\/\/derigorefrigeration.com\/fr\/#\/schema\/logo\/image\/","url":"https:\/\/derigorefrigeration.com\/wp-content\/uploads\/2023\/11\/logo_de_rigo.svg","contentUrl":"https:\/\/derigorefrigeration.com\/wp-content\/uploads\/2023\/11\/logo_de_rigo.svg","width":265,"height":56,"caption":"De Rigo Refrigeration"},"image":{"@id":"https:\/\/derigorefrigeration.com\/fr\/#\/schema\/logo\/image\/"}}]}},"_links":{"self":[{"href":"https:\/\/derigorefrigeration.com\/fr\/wp-json\/wp\/v2\/pages\/86589","targetHints":{"allow":["GET"]}}],"collection":[{"href":"https:\/\/derigorefrigeration.com\/fr\/wp-json\/wp\/v2\/pages"}],"about":[{"href":"https:\/\/derigorefrigeration.com\/fr\/wp-json\/wp\/v2\/types\/page"}],"author":[{"embeddable":true,"href":"https:\/\/derigorefrigeration.com\/fr\/wp-json\/wp\/v2\/users\/1"}],"replies":[{"embeddable":true,"href":"https:\/\/derigorefrigeration.com\/fr\/wp-json\/wp\/v2\/comments?post=86589"}],"version-history":[{"count":50,"href":"https:\/\/derigorefrigeration.com\/fr\/wp-json\/wp\/v2\/pages\/86589\/revisions"}],"predecessor-version":[{"id":100340,"href":"https:\/\/derigorefrigeration.com\/fr\/wp-json\/wp\/v2\/pages\/86589\/revisions\/100340"}],"wp:attachment":[{"href":"https:\/\/derigorefrigeration.com\/fr\/wp-json\/wp\/v2\/media?parent=86589"}],"curies":[{"name":"wp","href":"https:\/\/api.w.org\/{rel}","templated":true}]}}