{"id":86772,"date":"2024-01-17T15:56:06","date_gmt":"2024-01-17T14:56:06","guid":{"rendered":"https:\/\/derigorefrigeration.com\/cookie-policy\/"},"modified":"2025-07-28T10:04:25","modified_gmt":"2025-07-28T08:04:25","slug":"cookie-policy","status":"publish","type":"page","link":"https:\/\/derigorefrigeration.com\/fr\/cookie-policy\/","title":{"rendered":"Cookie-policy"},"content":{"rendered":"","protected":false},"excerpt":{"rendered":"","protected":false},"author":1,"featured_media":0,"parent":0,"menu_order":0,"comment_status":"closed","ping_status":"closed","template":"tempates\/page-no-header.php","meta":{"_acf_changed":false,"footnotes":""},"class_list":["post-86772","page","type-page","status-publish","hentry"],"acf":[],"yoast_head":"<!-- This site is optimized with the Yoast SEO plugin v27.3 - https:\/\/yoast.com\/product\/yoast-seo-wordpress\/ -->\n<title>Cookie-policy - De Rigo Refrigeration<\/title>\n<meta name=\"robots\" content=\"index, follow, max-snippet:-1, max-image-preview:large, max-video-preview:-1\" \/>\n<link rel=\"canonical\" href=\"https:\/\/derigorefrigeration.com\/fr\/cookie-policy\/\" \/>\n<meta property=\"og:locale\" content=\"fr_FR\" \/>\n<meta property=\"og:type\" content=\"article\" \/>\n<meta property=\"og:title\" content=\"Cookie-policy - De Rigo Refrigeration\" \/>\n<meta property=\"og:url\" content=\"https:\/\/derigorefrigeration.com\/fr\/cookie-policy\/\" \/>\n<meta property=\"og:site_name\" content=\"De Rigo Refrigeration\" \/>\n<meta property=\"article:modified_time\" content=\"2025-07-28T08:04:25+00:00\" \/>\n<meta property=\"og:image\" content=\"https:\/\/derigorefrigeration.com\/wp-content\/uploads\/2025\/03\/de-rigo-refrigeration_step1-1-1.jpg\" \/>\n\t<meta property=\"og:image:width\" content=\"1054\" \/>\n\t<meta property=\"og:image:height\" content=\"509\" \/>\n\t<meta property=\"og:image:type\" content=\"image\/jpeg\" \/>\n<meta name=\"twitter:card\" content=\"summary_large_image\" \/>\n<meta name=\"twitter:label1\" content=\"Dur\u00e9e de lecture estim\u00e9e\" \/>\n\t<meta name=\"twitter:data1\" content=\"1 minute\" \/>\n<script type=\"application\/ld+json\" class=\"yoast-schema-graph\">{\"@context\":\"https:\\\/\\\/schema.org\",\"@graph\":[{\"@type\":\"WebPage\",\"@id\":\"https:\\\/\\\/derigorefrigeration.com\\\/fr\\\/cookie-policy\\\/\",\"url\":\"https:\\\/\\\/derigorefrigeration.com\\\/fr\\\/cookie-policy\\\/\",\"name\":\"Cookie-policy - De Rigo Refrigeration\",\"isPartOf\":{\"@id\":\"https:\\\/\\\/derigorefrigeration.com\\\/fr\\\/#website\"},\"datePublished\":\"2024-01-17T14:56:06+00:00\",\"dateModified\":\"2025-07-28T08:04:25+00:00\",\"breadcrumb\":{\"@id\":\"https:\\\/\\\/derigorefrigeration.com\\\/fr\\\/cookie-policy\\\/#breadcrumb\"},\"inLanguage\":\"fr-FR\",\"potentialAction\":[{\"@type\":\"ReadAction\",\"target\":[\"https:\\\/\\\/derigorefrigeration.com\\\/fr\\\/cookie-policy\\\/\"]}]},{\"@type\":\"BreadcrumbList\",\"@id\":\"https:\\\/\\\/derigorefrigeration.com\\\/fr\\\/cookie-policy\\\/#breadcrumb\",\"itemListElement\":[{\"@type\":\"ListItem\",\"position\":1,\"name\":\"Home\",\"item\":\"https:\\\/\\\/derigorefrigeration.com\\\/fr\\\/\"},{\"@type\":\"ListItem\",\"position\":2,\"name\":\"Cookie-policy\"}]},{\"@type\":\"WebSite\",\"@id\":\"https:\\\/\\\/derigorefrigeration.com\\\/fr\\\/#website\",\"url\":\"https:\\\/\\\/derigorefrigeration.com\\\/fr\\\/\",\"name\":\"De Rigo Refrigeration\",\"description\":\"Nous sommes fabricants de t\u00e9l\u00e9commandes, de modules, de chambres froides et d'unit\u00e9s de r\u00e9frig\u00e9ration depuis plus de 50 ans.\",\"publisher\":{\"@id\":\"https:\\\/\\\/derigorefrigeration.com\\\/fr\\\/#organization\"},\"alternateName\":\"DRR\",\"potentialAction\":[{\"@type\":\"SearchAction\",\"target\":{\"@type\":\"EntryPoint\",\"urlTemplate\":\"https:\\\/\\\/derigorefrigeration.com\\\/fr\\\/?s={search_term_string}\"},\"query-input\":{\"@type\":\"PropertyValueSpecification\",\"valueRequired\":true,\"valueName\":\"search_term_string\"}}],\"inLanguage\":\"fr-FR\"},{\"@type\":\"Organization\",\"@id\":\"https:\\\/\\\/derigorefrigeration.com\\\/fr\\\/#organization\",\"name\":\"De Rigo Refrigeration\",\"url\":\"https:\\\/\\\/derigorefrigeration.com\\\/fr\\\/\",\"logo\":{\"@type\":\"ImageObject\",\"inLanguage\":\"fr-FR\",\"@id\":\"https:\\\/\\\/derigorefrigeration.com\\\/fr\\\/#\\\/schema\\\/logo\\\/image\\\/\",\"url\":\"https:\\\/\\\/derigorefrigeration.com\\\/wp-content\\\/uploads\\\/2023\\\/11\\\/logo_de_rigo.svg\",\"contentUrl\":\"https:\\\/\\\/derigorefrigeration.com\\\/wp-content\\\/uploads\\\/2023\\\/11\\\/logo_de_rigo.svg\",\"width\":265,\"height\":56,\"caption\":\"De Rigo Refrigeration\"},\"image\":{\"@id\":\"https:\\\/\\\/derigorefrigeration.com\\\/fr\\\/#\\\/schema\\\/logo\\\/image\\\/\"}}]}<\/script>\n<!-- \/ Yoast SEO plugin. -->","yoast_head_json":{"title":"Cookie-policy - De Rigo Refrigeration","robots":{"index":"index","follow":"follow","max-snippet":"max-snippet:-1","max-image-preview":"max-image-preview:large","max-video-preview":"max-video-preview:-1"},"canonical":"https:\/\/derigorefrigeration.com\/fr\/cookie-policy\/","og_locale":"fr_FR","og_type":"article","og_title":"Cookie-policy - De Rigo Refrigeration","og_url":"https:\/\/derigorefrigeration.com\/fr\/cookie-policy\/","og_site_name":"De Rigo Refrigeration","article_modified_time":"2025-07-28T08:04:25+00:00","og_image":[{"width":1054,"height":509,"url":"https:\/\/derigorefrigeration.com\/wp-content\/uploads\/2025\/03\/de-rigo-refrigeration_step1-1-1.jpg","type":"image\/jpeg"}],"twitter_card":"summary_large_image","twitter_misc":{"Dur\u00e9e de lecture estim\u00e9e":"1 minute"},"schema":{"@context":"https:\/\/schema.org","@graph":[{"@type":"WebPage","@id":"https:\/\/derigorefrigeration.com\/fr\/cookie-policy\/","url":"https:\/\/derigorefrigeration.com\/fr\/cookie-policy\/","name":"Cookie-policy - De Rigo Refrigeration","isPartOf":{"@id":"https:\/\/derigorefrigeration.com\/fr\/#website"},"datePublished":"2024-01-17T14:56:06+00:00","dateModified":"2025-07-28T08:04:25+00:00","breadcrumb":{"@id":"https:\/\/derigorefrigeration.com\/fr\/cookie-policy\/#breadcrumb"},"inLanguage":"fr-FR","potentialAction":[{"@type":"ReadAction","target":["https:\/\/derigorefrigeration.com\/fr\/cookie-policy\/"]}]},{"@type":"BreadcrumbList","@id":"https:\/\/derigorefrigeration.com\/fr\/cookie-policy\/#breadcrumb","itemListElement":[{"@type":"ListItem","position":1,"name":"Home","item":"https:\/\/derigorefrigeration.com\/fr\/"},{"@type":"ListItem","position":2,"name":"Cookie-policy"}]},{"@type":"WebSite","@id":"https:\/\/derigorefrigeration.com\/fr\/#website","url":"https:\/\/derigorefrigeration.com\/fr\/","name":"De Rigo Refrigeration","description":"Nous sommes fabricants de t\u00e9l\u00e9commandes, de modules, de chambres froides et d'unit\u00e9s de r\u00e9frig\u00e9ration depuis plus de 50 ans.","publisher":{"@id":"https:\/\/derigorefrigeration.com\/fr\/#organization"},"alternateName":"DRR","potentialAction":[{"@type":"SearchAction","target":{"@type":"EntryPoint","urlTemplate":"https:\/\/derigorefrigeration.com\/fr\/?s={search_term_string}"},"query-input":{"@type":"PropertyValueSpecification","valueRequired":true,"valueName":"search_term_string"}}],"inLanguage":"fr-FR"},{"@type":"Organization","@id":"https:\/\/derigorefrigeration.com\/fr\/#organization","name":"De Rigo Refrigeration","url":"https:\/\/derigorefrigeration.com\/fr\/","logo":{"@type":"ImageObject","inLanguage":"fr-FR","@id":"https:\/\/derigorefrigeration.com\/fr\/#\/schema\/logo\/image\/","url":"https:\/\/derigorefrigeration.com\/wp-content\/uploads\/2023\/11\/logo_de_rigo.svg","contentUrl":"https:\/\/derigorefrigeration.com\/wp-content\/uploads\/2023\/11\/logo_de_rigo.svg","width":265,"height":56,"caption":"De Rigo Refrigeration"},"image":{"@id":"https:\/\/derigorefrigeration.com\/fr\/#\/schema\/logo\/image\/"}}]}},"_links":{"self":[{"href":"https:\/\/derigorefrigeration.com\/fr\/wp-json\/wp\/v2\/pages\/86772","targetHints":{"allow":["GET"]}}],"collection":[{"href":"https:\/\/derigorefrigeration.com\/fr\/wp-json\/wp\/v2\/pages"}],"about":[{"href":"https:\/\/derigorefrigeration.com\/fr\/wp-json\/wp\/v2\/types\/page"}],"author":[{"embeddable":true,"href":"https:\/\/derigorefrigeration.com\/fr\/wp-json\/wp\/v2\/users\/1"}],"replies":[{"embeddable":true,"href":"https:\/\/derigorefrigeration.com\/fr\/wp-json\/wp\/v2\/comments?post=86772"}],"version-history":[{"count":3,"href":"https:\/\/derigorefrigeration.com\/fr\/wp-json\/wp\/v2\/pages\/86772\/revisions"}],"predecessor-version":[{"id":86780,"href":"https:\/\/derigorefrigeration.com\/fr\/wp-json\/wp\/v2\/pages\/86772\/revisions\/86780"}],"wp:attachment":[{"href":"https:\/\/derigorefrigeration.com\/fr\/wp-json\/wp\/v2\/media?parent=86772"}],"curies":[{"name":"wp","href":"https:\/\/api.w.org\/{rel}","templated":true}]}}